{"id":6732,"date":"2020-02-03T11:07:59","date_gmt":"2020-02-03T10:07:59","guid":{"rendered":"http:\/\/henofa.com\/privacy-policy\/"},"modified":"2020-02-14T16:13:54","modified_gmt":"2020-02-14T15:13:54","slug":"privacy-policy","status":"publish","type":"page","link":"https:\/\/henofa.com\/es\/privacy-policy\/","title":{"rendered":"Pol\u00edtica de privacidad"},"content":{"rendered":"<section class=\"wpb-content-wrapper\">[vc_row][vc_column][vc_column_text]Henofa est\u00e1 convencida de que la protecci\u00f3n de la privacidad de sus clientes, clientes potenciales, proveedores y visitantes de sus sitios web es esencial para sus actividades. Por lo tanto, los datos personales de los clientes y visitantes se conservan y se manejan de forma segura y con el m\u00e1ximo cuidado.<br \/>\nDe hecho, Henofa cumple las disposiciones de la Ley de Protecci\u00f3n de Datos Personales y otras leyes de privacidad.<\/p>\n<p><strong>Tratamiento de datos personales y empresariales<\/strong><br \/>\nEn el marco de nuestros servicios, Henofa registra sus datos. Este es el caso cuando se suscribe a un bolet\u00edn de noticias, solicita un presupuesto, pide un producto, tiene una cuenta de cliente en l\u00ednea, indica su inter\u00e9s o lo expresa de otra manera, o tiene contacto con Henofa de cualquier otra manera.<br \/>\nRespecto a sus datos se incluyen los datos de contacto, de acceso, datos de pago, datos de factura, productos solicitados, datos profesionales y\/o intereses especificados. Henofa utiliza estos datos para la ejecuci\u00f3n y la ejecuci\u00f3n del acuerdo en cuesti\u00f3n, los dem\u00e1s servicios y operaciones comerciales internas y para mantener a los clientes informados de los (nuevos) productos y servicios de Henofa.<br \/>\nPor lo dem\u00e1s, solo usaremos dichos datos con su permiso. Henofa BV\u00a0no vender\u00e1 sus datos a terceros y solo facilitar\u00e1 estos datos a terceros si estos est\u00e1n implicados en la realizaci\u00f3n de su pedido o nuestros servicios. Nuestros empleados y terceros contratados por nosotros est\u00e1n obligados a respetar la confidencialidad de sus datos.<\/p>\n<p><strong>Su correo electr\u00f3nico<\/strong><br \/>\nSi ha facilitado su correo electr\u00f3nico, por ejemplo para recibir un bolet\u00edn de noticias, puede que lo utilicemos para informarle como cliente sobre los productos y servicios de Henofa que sean relevantes e interesantes para usted.<br \/>\nSi ya no desea recibir este tipo de informaci\u00f3n, puede darse de baja en cualquier momento.<\/p>\n<p><strong>Darse de baja<\/strong><br \/>\nEn la medida de lo posible, Henofa tendr\u00e1 en cuenta sus preferencias a la hora de ofrecerle nuestros servicios y asesoramiento. Si no desea recibir informaci\u00f3n sobre nuestros (nuevos) productos, puede comunic\u00e1rnoslo por correo electr\u00f3nico a info@henofa.com o por carta a: Henofa BV, Wegdam 13. 7496 CB Hengevelde.<\/p>\n<p><strong>Revisi\u00f3n y correcci\u00f3n de sus datos<\/strong><br \/>\nUsted podr\u00e1 acceder y revisar sus datos personales y empresariales almacenados por Henofa. Si detecta cualquier dato incorrecto, puede solicitar su modificaci\u00f3n. Para solicitar la revisi\u00f3n o inspecci\u00f3n de sus datos puede dirigirse a Henofa BV, Wegdam 13. 7496 CB Hengevelde. Tambi\u00e9n puede contactar con esta direcci\u00f3n si tiene alguna pregunta sobre la forma en que Henofa maneja sus datos.<\/p>\n<p><strong>El uso de las cookies por Henofa<\/strong><br \/>\nHenofa utiliza cookies en sus sitios web. Las cookies son peque\u00f1as piezas de informaci\u00f3n (archivos) que un sitio web deja en su ordenador. El sitio web instruye al navegador con el que usted ve los sitios web para almacenar estas cookies en su ordenador.<br \/>\n\u00a1El usuario puede configurar su navegador para aceptar, o no, las cookies mientras navega!<br \/>\nSi acepta las cookies, se registrar\u00e1n, durante su visita, las estad\u00edsticas sobre su uso de los sitios web de Henofa. Para nuestras estad\u00edsticas respecto a las p\u00e1ginas de www.henofa.nl, utilizamos datos como cookies, archivos de registro y c\u00f3digos javascript. Piense en la direcci\u00f3n IP, datos geogr\u00e1ficos, tipo de navegador, el n\u00famero de p\u00e1ginas que visita, la duraci\u00f3n de su visita en el sitio web y otras estad\u00edsticas habituales en la web. Adem\u00e1s, hacemos un seguimiento de su comportamiento de clics en el sitio web y en los correos electr\u00f3nicos.<br \/>\nEl uso de cookies en el sitio web de Henofa es seguro. Las cookies no almacenan correos electr\u00f3nicos ni n\u00fameros de tel\u00e9fono y no redirigen a campa\u00f1as de correo electr\u00f3nico o de telemarketing. Las cookies se almacenan en tu ordenador pero puedes borrarlas en cualquier momento.<\/p>\n<p><strong>Comportamiento de navegaci\u00f3n y clics<\/strong><br \/>\nLos sitios web de Henofa registran datos generales sobre las visitas. El objetivo es la optimizaci\u00f3n continua del funcionamiento del sitio web. Tambi\u00e9n es posible que estos datos se utilicen para poder publicar datos m\u00e1s relevantes en el sitio. De esta manera, Henofa puede optimizar a\u00fan m\u00e1s los servicios que ofrece. Para ello, Henofa tambi\u00e9n utilizar\u00e1 la direcci\u00f3n IP de su ordenador. La direcci\u00f3n IP es un n\u00famero autom\u00e1ticamente asignado a su ordenador mientras navega por internet. Luego se pueden utilizar para ver el uso que se est\u00e1 haciendo del sitio web y para crear an\u00e1lisis e informes.<\/p>\n<p><strong>Modificaciones<\/strong><br \/>\nHenofa se reserva el derecho de hacer modificaciones en la presente pol\u00edtica de privacidad y cookies. Para ver las modificaciones m\u00e1s recientes, consulte esta p\u00e1gina regularmente.<br \/>\nSi tiene m\u00e1s preguntas sobre la Pol\u00edtica de Privacidad de Henofa BV, por favor, p\u00f3ngase en contacto con nosotros. Si necesita informaci\u00f3n sobre sus datos o si desea modificarlos, el equipo de nuestro servicio de atenci\u00f3n al cliente estar\u00e1 encantado de atenderle.<\/p>\n<p><em>Este art\u00edculo fue modificado por \u00faltima vez el: 10 de diciembre de 2019.<\/em>[\/vc_column_text][\/vc_column][\/vc_row]\n<\/section>","protected":false},"excerpt":{"rendered":"<p>[vc_row][vc_column][vc_column_text]Henofa est\u00e1 convencida de que la protecci\u00f3n de la privacidad de sus clientes, clientes potenciales, proveedores y visitantes de sus sitios web es esencial para sus actividades. Por lo tanto, los datos personales de los clientes y visitantes se conservan&hellip;<\/p>\n","protected":false},"author":5,"featured_media":0,"parent":0,"menu_order":0,"comment_status":"closed","ping_status":"closed","template":"templates\/no-sidebar.php","meta":{"footnotes":""},"class_list":["post-6732","page","type-page","status-publish","hentry","entry","no-media"],"yoast_head":"<!-- This site is optimized with the Yoast SEO plugin v26.8 - https:\/\/yoast.com\/product\/yoast-seo-wordpress\/ -->\n<title>Pol\u00edtica de privacidad - Henofa<\/title>\n<meta name=\"robots\" content=\"index, follow, max-snippet:-1, max-image-preview:large, max-video-preview:-1\" \/>\n<link rel=\"canonical\" href=\"https:\/\/henofa.com\/es\/privacy-policy\/\" \/>\n<meta property=\"og:locale\" content=\"es_ES\" \/>\n<meta property=\"og:type\" content=\"article\" \/>\n<meta property=\"og:title\" content=\"Pol\u00edtica de privacidad - Henofa\" \/>\n<meta property=\"og:description\" content=\"[vc_row][vc_column][vc_column_text]Henofa est\u00e1 convencida de que la protecci\u00f3n de la privacidad de sus clientes, clientes potenciales, proveedores y visitantes de sus sitios web es esencial para sus actividades. Por lo tanto, los datos personales de los clientes y visitantes se conservan&hellip;\" \/>\n<meta property=\"og:url\" content=\"https:\/\/henofa.com\/es\/privacy-policy\/\" \/>\n<meta property=\"og:site_name\" content=\"Henofa\" \/>\n<meta property=\"article:publisher\" content=\"https:\/\/www.facebook.com\/Henofa-BV-155961491204450\/\" \/>\n<meta property=\"article:modified_time\" content=\"2020-02-14T15:13:54+00:00\" \/>\n<meta name=\"twitter:card\" content=\"summary_large_image\" \/>\n<meta name=\"twitter:site\" content=\"@HenofaBV\" \/>\n<meta name=\"twitter:label1\" content=\"Tiempo de lectura\" \/>\n\t<meta name=\"twitter:data1\" content=\"4 minutos\" \/>\n<script type=\"application\/ld+json\" class=\"yoast-schema-graph\">{\"@context\":\"https:\/\/schema.org\",\"@graph\":[{\"@type\":\"WebPage\",\"@id\":\"https:\/\/henofa.com\/es\/privacy-policy\/\",\"url\":\"https:\/\/henofa.com\/es\/privacy-policy\/\",\"name\":\"Pol\u00edtica de privacidad - Henofa\",\"isPartOf\":{\"@id\":\"https:\/\/henofa.com\/#website\"},\"datePublished\":\"2020-02-03T10:07:59+00:00\",\"dateModified\":\"2020-02-14T15:13:54+00:00\",\"breadcrumb\":{\"@id\":\"https:\/\/henofa.com\/es\/privacy-policy\/#breadcrumb\"},\"inLanguage\":\"es\",\"potentialAction\":[{\"@type\":\"ReadAction\",\"target\":[\"https:\/\/henofa.com\/es\/privacy-policy\/\"]}]},{\"@type\":\"BreadcrumbList\",\"@id\":\"https:\/\/henofa.com\/es\/privacy-policy\/#breadcrumb\",\"itemListElement\":[{\"@type\":\"ListItem\",\"position\":1,\"name\":\"Home\",\"item\":\"https:\/\/henofa.com\/es\/\"},{\"@type\":\"ListItem\",\"position\":2,\"name\":\"Pol\u00edtica de privacidad\"}]},{\"@type\":\"WebSite\",\"@id\":\"https:\/\/henofa.com\/#website\",\"url\":\"https:\/\/henofa.com\/\",\"name\":\"Henofa\",\"description\":\"Producent van Vilt &amp; Non-wovens\",\"publisher\":{\"@id\":\"https:\/\/henofa.com\/#organization\"},\"potentialAction\":[{\"@type\":\"SearchAction\",\"target\":{\"@type\":\"EntryPoint\",\"urlTemplate\":\"https:\/\/henofa.com\/?s={search_term_string}\"},\"query-input\":{\"@type\":\"PropertyValueSpecification\",\"valueRequired\":true,\"valueName\":\"search_term_string\"}}],\"inLanguage\":\"es\"},{\"@type\":\"Organization\",\"@id\":\"https:\/\/henofa.com\/#organization\",\"name\":\"Henofa BV\",\"url\":\"https:\/\/henofa.com\/\",\"logo\":{\"@type\":\"ImageObject\",\"inLanguage\":\"es\",\"@id\":\"https:\/\/henofa.com\/#\/schema\/logo\/image\/\",\"url\":\"http:\/\/henofa.com\/wp-content\/uploads\/2020\/01\/logonorm-footer.png\",\"contentUrl\":\"http:\/\/henofa.com\/wp-content\/uploads\/2020\/01\/logonorm-footer.png\",\"width\":150,\"height\":63,\"caption\":\"Henofa BV\"},\"image\":{\"@id\":\"https:\/\/henofa.com\/#\/schema\/logo\/image\/\"},\"sameAs\":[\"https:\/\/www.facebook.com\/Henofa-BV-155961491204450\/\",\"https:\/\/x.com\/HenofaBV\",\"https:\/\/www.instagram.com\/henofa_bv\/\",\"https:\/\/www.linkedin.com\/company\/henofa-b.v.\/\",\"https:\/\/www.youtube.com\/channel\/UCZAioYN47C9Epg5AloQtflQ\/featured\"]}]}<\/script>\n<!-- \/ Yoast SEO plugin. -->","yoast_head_json":{"title":"Pol\u00edtica de privacidad - Henofa","robots":{"index":"index","follow":"follow","max-snippet":"max-snippet:-1","max-image-preview":"max-image-preview:large","max-video-preview":"max-video-preview:-1"},"canonical":"https:\/\/henofa.com\/es\/privacy-policy\/","og_locale":"es_ES","og_type":"article","og_title":"Pol\u00edtica de privacidad - Henofa","og_description":"[vc_row][vc_column][vc_column_text]Henofa est\u00e1 convencida de que la protecci\u00f3n de la privacidad de sus clientes, clientes potenciales, proveedores y visitantes de sus sitios web es esencial para sus actividades. Por lo tanto, los datos personales de los clientes y visitantes se conservan&hellip;","og_url":"https:\/\/henofa.com\/es\/privacy-policy\/","og_site_name":"Henofa","article_publisher":"https:\/\/www.facebook.com\/Henofa-BV-155961491204450\/","article_modified_time":"2020-02-14T15:13:54+00:00","twitter_card":"summary_large_image","twitter_site":"@HenofaBV","twitter_misc":{"Tiempo de lectura":"4 minutos"},"schema":{"@context":"https:\/\/schema.org","@graph":[{"@type":"WebPage","@id":"https:\/\/henofa.com\/es\/privacy-policy\/","url":"https:\/\/henofa.com\/es\/privacy-policy\/","name":"Pol\u00edtica de privacidad - Henofa","isPartOf":{"@id":"https:\/\/henofa.com\/#website"},"datePublished":"2020-02-03T10:07:59+00:00","dateModified":"2020-02-14T15:13:54+00:00","breadcrumb":{"@id":"https:\/\/henofa.com\/es\/privacy-policy\/#breadcrumb"},"inLanguage":"es","potentialAction":[{"@type":"ReadAction","target":["https:\/\/henofa.com\/es\/privacy-policy\/"]}]},{"@type":"BreadcrumbList","@id":"https:\/\/henofa.com\/es\/privacy-policy\/#breadcrumb","itemListElement":[{"@type":"ListItem","position":1,"name":"Home","item":"https:\/\/henofa.com\/es\/"},{"@type":"ListItem","position":2,"name":"Pol\u00edtica de privacidad"}]},{"@type":"WebSite","@id":"https:\/\/henofa.com\/#website","url":"https:\/\/henofa.com\/","name":"Henofa","description":"Producent van Vilt &amp; Non-wovens","publisher":{"@id":"https:\/\/henofa.com\/#organization"},"potentialAction":[{"@type":"SearchAction","target":{"@type":"EntryPoint","urlTemplate":"https:\/\/henofa.com\/?s={search_term_string}"},"query-input":{"@type":"PropertyValueSpecification","valueRequired":true,"valueName":"search_term_string"}}],"inLanguage":"es"},{"@type":"Organization","@id":"https:\/\/henofa.com\/#organization","name":"Henofa BV","url":"https:\/\/henofa.com\/","logo":{"@type":"ImageObject","inLanguage":"es","@id":"https:\/\/henofa.com\/#\/schema\/logo\/image\/","url":"http:\/\/henofa.com\/wp-content\/uploads\/2020\/01\/logonorm-footer.png","contentUrl":"http:\/\/henofa.com\/wp-content\/uploads\/2020\/01\/logonorm-footer.png","width":150,"height":63,"caption":"Henofa BV"},"image":{"@id":"https:\/\/henofa.com\/#\/schema\/logo\/image\/"},"sameAs":["https:\/\/www.facebook.com\/Henofa-BV-155961491204450\/","https:\/\/x.com\/HenofaBV","https:\/\/www.instagram.com\/henofa_bv\/","https:\/\/www.linkedin.com\/company\/henofa-b.v.\/","https:\/\/www.youtube.com\/channel\/UCZAioYN47C9Epg5AloQtflQ\/featured"]}]}},"_links":{"self":[{"href":"https:\/\/henofa.com\/es\/wp-json\/wp\/v2\/pages\/6732","targetHints":{"allow":["GET"]}}],"collection":[{"href":"https:\/\/henofa.com\/es\/wp-json\/wp\/v2\/pages"}],"about":[{"href":"https:\/\/henofa.com\/es\/wp-json\/wp\/v2\/types\/page"}],"author":[{"embeddable":true,"href":"https:\/\/henofa.com\/es\/wp-json\/wp\/v2\/users\/5"}],"replies":[{"embeddable":true,"href":"https:\/\/henofa.com\/es\/wp-json\/wp\/v2\/comments?post=6732"}],"version-history":[{"count":0,"href":"https:\/\/henofa.com\/es\/wp-json\/wp\/v2\/pages\/6732\/revisions"}],"wp:attachment":[{"href":"https:\/\/henofa.com\/es\/wp-json\/wp\/v2\/media?parent=6732"}],"curies":[{"name":"wp","href":"https:\/\/api.w.org\/{rel}","templated":true}]}}