{"id":6727,"date":"2020-02-03T11:11:39","date_gmt":"2020-02-03T10:11:39","guid":{"rendered":"http:\/\/henofa.com\/leveringsvoorwaarden\/"},"modified":"2020-02-14T16:09:51","modified_gmt":"2020-02-14T15:09:51","slug":"condiciones-de-entrega","status":"publish","type":"page","link":"https:\/\/henofa.com\/es\/condiciones-de-entrega\/","title":{"rendered":"Condiciones de entrega"},"content":{"rendered":"<section class=\"wpb-content-wrapper\">[vc_row][vc_column][vc_column_text]<strong>Art\u00edculo 1 &#8211; General\u2028<\/strong><\/p>\n<p>Las ofertas y acuerdos celebrados entre nosotros y terceros, en adelante el cliente, se rigen exclusivamente por las presentes condiciones.<\/p>\n<p><strong>Art\u00edculo 2 &#8211; Ofertas<\/strong><\/p>\n<p>Nuestras ofertas son sin compromiso, a menos que vengan indicadas con una fecha l\u00edmite de aceptaci\u00f3n. En caso de aceptaci\u00f3n de un presupuesto con una oferta sin compromiso, tenemos el derecho de revocar la oferta dentro de los 5 d\u00edas h\u00e1biles siguientes al d\u00eda de su recepci\u00f3n.<\/p>\n<p><strong>Art\u00edculo 3 &#8211; Entrega<\/strong><\/p>\n<p>Cualquier plazo de entrega confirmado por nosotros, jamas debe ser considerado como preclusivo, a no ser que se acuerde expresamente lo contrario. Por lo tanto, en caso de retraso en la entrega, el cliente debe notificarnos del incumplimiento por escrito y concedernos un plazo razonable para efectuar la entrega. A menos que en el acuerdo se estipule lo contrario, los costes del transporte desde el cliente a nosotros y viceversa corren a cuenta del cliente.<\/p>\n<p><strong>Art\u00edculo 4 \u2013 Reserva de\u2028<\/strong><\/p>\n<p>La transferencia de los bienes se efect\u00faa bajo condici\u00f3n suspensiva del cumplimiento del pago del precio total de compra convenido (u otra contrapartida convenida) por parte del cliente, incluido el pago de lo que el cliente pudiera deber por el incumplimiento de sus obligaciones de pago (u otras obligaciones convenidas). En el caso de que el cliente no cumpla (a tiempo) con sus obligaciones de pago, como se menciona en el art\u00edculo 7 de las presentes condiciones, los bienes entregados seguir\u00e1n siendo de nuestra propiedad y tendremos derecho a recuperarlos, sin perjuicio de lo acordado sobre la indemnizaci\u00f3n por los da\u00f1os producidos por el incumplimiento atribuible al cliente.<\/p>\n<p><strong>Art\u00edculo 5 \u2013 Responsabilidad\u2028a.<\/strong><\/p>\n<p>a. Los da\u00f1os a la mercanc\u00eda entregada como resultado de un acto y\/u omisi\u00f3n atribuible a nosotros, otorga el derecho a ser compensados por nosotros. En cualquier caso, no podemos ser responsables de ning\u00fan da\u00f1o sufrido por el cliente y\/o terceros como resultado de un incumplimiento no imputable (fuerza mayor), incluyendo;<br \/>\n1. la no entrega, la entrega incorrecta o la entrega tard\u00eda por parte de nuestros proveedores;<br \/>\n2. enfermedad del personal;<br \/>\n3. aver\u00edas en el equipo auxiliar o en el transporte;<br \/>\n4. incendio;<br \/>\n5. huelga;<br \/>\n6. restricciones de tr\u00e1fico;<br \/>\n7. medidas gubernamentales;<br \/>\n8. guerra u otros disturbios.<br \/>\nSolo en caso de negligencia grave o dolo seremos responsables de los da\u00f1os causados por nosotros o por las personas contratadas por nosotros o por los recursos utilizados por nosotros para el cumplimiento del acuerdo. En relaci\u00f3n con cualquier asesoramiento que prestemos a nuestro mejor saber y entender, el cliente no podr\u00e1 reclamar ninguna compensaci\u00f3n.<\/p>\n<p>b. Responsabilidad del producto.\u2028Al ser considerados como productor (conforme a los art\u00edculos 6:185 y 6:187 del (nuevo) C\u00f3digo Civil holand\u00e9s), solo seremos responsables de los da\u00f1os causados por un defecto en el producto: a.) causado por la muerte o una lesi\u00f3n, o b.) causado por el producto a otro objeto normalmente destinado al uso o consumo en el ambiente privado y tambi\u00e9n usado o consumido principalmente en el privado por la parte perjudicada, en cuyo caso el da\u00f1o debe ascender a un m\u00ednimo de 750,00 euros para tener derecho a una indemnizaci\u00f3n por nuestra parte.<br \/>\nNo nos hacemos responsables de los da\u00f1os causados por un defecto en nuestro producto, si:<br \/>\nA. No hemos puesto el producto en circulaci\u00f3n.<br \/>\nB. Es plausible, dadas las circunstancias, que el defecto que caus\u00f3 el da\u00f1o no existiera en el momento en que pusimos el producto en circulaci\u00f3n, o que este defecto surgiera m\u00e1s tarde.<br \/>\nC. El producto no ha sido fabricado ni distribuido por nosotros para su venta o para cualquier otra forma de distribuci\u00f3n con un prop\u00f3sito econ\u00f3mico, ni ha sido fabricado o distribuido en el curso del ejercicio de nuestra profesi\u00f3n o negocio.<br \/>\nD. El defecto se debe a que el producto cumple con las regulaciones gubernamentales obligatorias.<br \/>\nE. El estado de la ciencia en el momento de poner el producto en circulaci\u00f3n no nos permit\u00eda apreciar la existencia del defecto.\u2028F. El defecto se debe al dise\u00f1o del producto del que forma parte la materia prima o el componente producido por nosotros, o a las instrucciones proporcionadas por el fabricante del producto.<br \/>\nNuestra responsabilidad quedar\u00e1 limitada o se anular\u00e1 teniendo en cuenta todas las circunstancias, si el da\u00f1o se debe tanto a un defecto del producto como a la culpa de la parte perjudicada o de una persona de la que esta sea responsable.<\/p>\n<p>c. No nos hacemos responsables de cualquier otro da\u00f1o sufrido por el cliente y\/o terceros que no sean los mencionados anteriormente, ni siquiera de da\u00f1os consecuenciales de cualquier naturaleza, excepto en caso de dolo o negligencia grave por nuestra parte.<\/p>\n<p>Bajo ninguna circunstancia nuestra responsabilidad ir\u00e1 m\u00e1s all\u00e1 de la compensaci\u00f3n del valor de la factura de los bienes entregados como resultado de los cuales el cliente ha sufrido da\u00f1os. El cliente nos eximir\u00e1 de cualquier reclamaci\u00f3n de terceros para la compensaci\u00f3n por da\u00f1os basada en la responsabilidad y en cualquier concepto.<\/p>\n<p><strong>Art\u00edculo 6 &#8211; Quejas<\/strong><\/p>\n<ul>\n<li>Cualquier queja sobre mercanc\u00eda entregada por nosotros se debe comunicar por escrito a m\u00e1s tardar cinco d\u00edas h\u00e1biles despu\u00e9s de la entrega, aunque siempre inmediatamente despu\u00e9s de la detecci\u00f3n de los supuestos defectos.<\/li>\n<li>No se atender\u00e1n las reclamaciones relativas a los bienes presentadas despu\u00e9s del per\u00edodo mencionado en el punto 1. ni las reclamaciones relativas a los bienes que hayan sido utilizados, procesados o modificados por el cliente.<\/li>\n<li>A nuestra discreci\u00f3n, si la reclamaci\u00f3n se considera justificada, la compensaci\u00f3n consistir\u00e1 en la sustituci\u00f3n de los bienes sin coste adicional o el reembolso del valor de los bienes que figura en la factura.<\/li>\n<li>Las disposiciones del presente documento relativas a las quejas no afectan a las disposiciones del art\u00edculo 5 relativas a nuestra responsabilidad.<\/li>\n<\/ul>\n<p><strong>Art\u00edculo 7 &#8211; Pago<\/strong><\/p>\n<p>El pago debe realizarse en un plazo de 30 d\u00edas a partir de la fecha de la factura. En caso de falta de pago o de pago incompleto dentro de dicho plazo, el cliente estar\u00eda incurriendo en incumplimiento de la ley.<br \/>\nSi no recibimos el pago (\u00edntegro) dentro del plazo establecido, el cliente estar\u00e1 en mora, incluso sin previo aviso de incumplimiento y:<\/p>\n<ol>\n<li>Deber\u00e1 a partir de la fecha de vencimiento de la factura un inter\u00e9s del 3 % mensual sobre el importe de la factura pendiente.<\/li>\n<li>Nos deber\u00e1 todos los gastos que hemos asumido en la demanda, tanto de car\u00e1cter judicial como extrajudicial. Que los gastos extrajudiciales se calcular\u00e1n mediante el programa de c\u00e1lculo de declaraciones usado por los abogados.<\/li>\n<li>Deber\u00e1, sobre los intereses vencidos por el incumplimiento del pago durante un a\u00f1o, asumir adem\u00e1s un recargo en forma de un inter\u00e9s del 3\u00a0% por mes.<\/li>\n<li>Cada pago del cliente se utilizar\u00e1 para liquidar primero los gastos, luego los intereses y despu\u00e9s las facturas pendientes de pago m\u00e1s antiguas, incluso si el cliente indicara que el pago pertenece a otra factura.<\/li>\n<li>El pago debe hacerse en efectivo en nuestra direcci\u00f3n o bien en una cuenta bancaria o de giro designada por nosotros para ese fin.<\/li>\n<li>Que sin nuestro consentimiento expreso por escrito, el cliente no puede compensar o suspender su obligaci\u00f3n de pago con nosotros de ninguna manera.<\/li>\n<li>En todo momento, incluso despu\u00e9s de la celebraci\u00f3n de un acuerdo, tenemos el derecho a exigir (m\u00e1s) garant\u00edas para el correcto cumplimiento de las obligaciones del cliente. Si no se proporcionan estas garant\u00edas, tenemos derecho a considerar disuelto el o los acuerdos celebrados con el cliente sin estar obligados a pagar da\u00f1os y perjuicios o, a nuestra discreci\u00f3n, a suspender su ejecuci\u00f3n hasta que se hayan proporcionado las necesarias garant\u00edas.<\/li>\n<\/ol>\n<p><strong>Art\u00edculo 8 &#8211; Riesgo<\/strong><\/p>\n<ul>\n<li>Desde el momento de que entreguemos la mercanc\u00eda, el riesgo pasa al cliente. Si la mercanc\u00eda est\u00e1 lista y\/o se encuentra en nuestro almac\u00e9n, el riesgo es del cliente, a menos que la falta de entrega de la mercanc\u00eda pueda atribuirse a nosotros.<\/li>\n<li>Si en el momento de la entrega resulta que la mercanc\u00eda ha sido da\u00f1ada, el cliente est\u00e1 obligado a solicitar un informe de los da\u00f1os al transportista antes de dar entrada a dicha mercanc\u00eda y en caso de falta de la cual no aceptaremos ninguna responsabilidad.<\/li>\n<\/ul>\n<p><strong>Art\u00edculo 9 &#8211; Ley aplicable\u2028<\/strong><\/p>\n<p>Con la debida observancia de las disposiciones de estas condiciones generales, y sin perjuicio de las mismas, todos nuestros acuerdos se rigen exclusivamente por la ley holandesa, aplicable al reino dentro de Europa.<\/p>\n<p><strong>Art\u00edculo 10 &#8211; Soluci\u00f3n de controversias\u2028<\/strong><\/p>\n<p>Todas las controversias que puedan surgir de o en relaci\u00f3n con un acuerdo como el mencionado en estas condiciones, as\u00ed como de o en relaci\u00f3n con los acuerdos que resulten de dicho acuerdo, se presentar\u00e1n ante el tribunal competente de Almelo y ser\u00e1n resueltas por el mismo, a menos que prefiramos presentar la controversia ante el tribunal competente del lugar en que el cliente tenga su domicilio social o su lugar de residencia. La desviaci\u00f3n de estas condiciones solo es posible si y en la medida en que lo acordemos expl\u00edcitamente con el cliente por escrito.[\/vc_column_text][\/vc_column][\/vc_row]\n<\/section>","protected":false},"excerpt":{"rendered":"<p>[vc_row][vc_column][vc_column_text]Art\u00edculo 1 &#8211; General\u2028 Las ofertas y acuerdos celebrados entre nosotros y terceros, en adelante el cliente, se rigen exclusivamente por las presentes condiciones. Art\u00edculo 2 &#8211; Ofertas Nuestras ofertas son sin compromiso, a menos que vengan indicadas con una&hellip;<\/p>\n","protected":false},"author":5,"featured_media":0,"parent":0,"menu_order":0,"comment_status":"closed","ping_status":"closed","template":"templates\/no-sidebar.php","meta":{"footnotes":""},"class_list":["post-6727","page","type-page","status-publish","hentry","entry","no-media"],"yoast_head":"<!-- This site is optimized with the Yoast SEO plugin v26.8 - https:\/\/yoast.com\/product\/yoast-seo-wordpress\/ -->\n<title>Condiciones de entrega - Henofa<\/title>\n<meta name=\"robots\" content=\"index, follow, max-snippet:-1, max-image-preview:large, max-video-preview:-1\" \/>\n<link rel=\"canonical\" href=\"https:\/\/henofa.com\/es\/condiciones-de-entrega\/\" \/>\n<meta property=\"og:locale\" content=\"es_ES\" \/>\n<meta property=\"og:type\" content=\"article\" \/>\n<meta property=\"og:title\" content=\"Condiciones de entrega - Henofa\" \/>\n<meta property=\"og:description\" content=\"[vc_row][vc_column][vc_column_text]Art\u00edculo 1 &#8211; General\u2028 Las ofertas y acuerdos celebrados entre nosotros y terceros, en adelante el cliente, se rigen exclusivamente por las presentes condiciones. Art\u00edculo 2 &#8211; Ofertas Nuestras ofertas son sin compromiso, a menos que vengan indicadas con una&hellip;\" \/>\n<meta property=\"og:url\" content=\"https:\/\/henofa.com\/es\/condiciones-de-entrega\/\" \/>\n<meta property=\"og:site_name\" content=\"Henofa\" \/>\n<meta property=\"article:publisher\" content=\"https:\/\/www.facebook.com\/Henofa-BV-155961491204450\/\" \/>\n<meta property=\"article:modified_time\" content=\"2020-02-14T15:09:51+00:00\" \/>\n<meta name=\"twitter:card\" content=\"summary_large_image\" \/>\n<meta name=\"twitter:site\" content=\"@HenofaBV\" \/>\n<meta name=\"twitter:label1\" content=\"Tiempo de lectura\" \/>\n\t<meta name=\"twitter:data1\" content=\"8 minutos\" \/>\n<script type=\"application\/ld+json\" class=\"yoast-schema-graph\">{\"@context\":\"https:\/\/schema.org\",\"@graph\":[{\"@type\":\"WebPage\",\"@id\":\"https:\/\/henofa.com\/es\/condiciones-de-entrega\/\",\"url\":\"https:\/\/henofa.com\/es\/condiciones-de-entrega\/\",\"name\":\"Condiciones de entrega - Henofa\",\"isPartOf\":{\"@id\":\"https:\/\/henofa.com\/#website\"},\"datePublished\":\"2020-02-03T10:11:39+00:00\",\"dateModified\":\"2020-02-14T15:09:51+00:00\",\"breadcrumb\":{\"@id\":\"https:\/\/henofa.com\/es\/condiciones-de-entrega\/#breadcrumb\"},\"inLanguage\":\"es\",\"potentialAction\":[{\"@type\":\"ReadAction\",\"target\":[\"https:\/\/henofa.com\/es\/condiciones-de-entrega\/\"]}]},{\"@type\":\"BreadcrumbList\",\"@id\":\"https:\/\/henofa.com\/es\/condiciones-de-entrega\/#breadcrumb\",\"itemListElement\":[{\"@type\":\"ListItem\",\"position\":1,\"name\":\"Home\",\"item\":\"https:\/\/henofa.com\/es\/\"},{\"@type\":\"ListItem\",\"position\":2,\"name\":\"Condiciones de entrega\"}]},{\"@type\":\"WebSite\",\"@id\":\"https:\/\/henofa.com\/#website\",\"url\":\"https:\/\/henofa.com\/\",\"name\":\"Henofa\",\"description\":\"Producent van Vilt &amp; Non-wovens\",\"publisher\":{\"@id\":\"https:\/\/henofa.com\/#organization\"},\"potentialAction\":[{\"@type\":\"SearchAction\",\"target\":{\"@type\":\"EntryPoint\",\"urlTemplate\":\"https:\/\/henofa.com\/?s={search_term_string}\"},\"query-input\":{\"@type\":\"PropertyValueSpecification\",\"valueRequired\":true,\"valueName\":\"search_term_string\"}}],\"inLanguage\":\"es\"},{\"@type\":\"Organization\",\"@id\":\"https:\/\/henofa.com\/#organization\",\"name\":\"Henofa BV\",\"url\":\"https:\/\/henofa.com\/\",\"logo\":{\"@type\":\"ImageObject\",\"inLanguage\":\"es\",\"@id\":\"https:\/\/henofa.com\/#\/schema\/logo\/image\/\",\"url\":\"http:\/\/henofa.com\/wp-content\/uploads\/2020\/01\/logonorm-footer.png\",\"contentUrl\":\"http:\/\/henofa.com\/wp-content\/uploads\/2020\/01\/logonorm-footer.png\",\"width\":150,\"height\":63,\"caption\":\"Henofa BV\"},\"image\":{\"@id\":\"https:\/\/henofa.com\/#\/schema\/logo\/image\/\"},\"sameAs\":[\"https:\/\/www.facebook.com\/Henofa-BV-155961491204450\/\",\"https:\/\/x.com\/HenofaBV\",\"https:\/\/www.instagram.com\/henofa_bv\/\",\"https:\/\/www.linkedin.com\/company\/henofa-b.v.\/\",\"https:\/\/www.youtube.com\/channel\/UCZAioYN47C9Epg5AloQtflQ\/featured\"]}]}<\/script>\n<!-- \/ Yoast SEO plugin. -->","yoast_head_json":{"title":"Condiciones de entrega - Henofa","robots":{"index":"index","follow":"follow","max-snippet":"max-snippet:-1","max-image-preview":"max-image-preview:large","max-video-preview":"max-video-preview:-1"},"canonical":"https:\/\/henofa.com\/es\/condiciones-de-entrega\/","og_locale":"es_ES","og_type":"article","og_title":"Condiciones de entrega - Henofa","og_description":"[vc_row][vc_column][vc_column_text]Art\u00edculo 1 &#8211; General\u2028 Las ofertas y acuerdos celebrados entre nosotros y terceros, en adelante el cliente, se rigen exclusivamente por las presentes condiciones. Art\u00edculo 2 &#8211; Ofertas Nuestras ofertas son sin compromiso, a menos que vengan indicadas con una&hellip;","og_url":"https:\/\/henofa.com\/es\/condiciones-de-entrega\/","og_site_name":"Henofa","article_publisher":"https:\/\/www.facebook.com\/Henofa-BV-155961491204450\/","article_modified_time":"2020-02-14T15:09:51+00:00","twitter_card":"summary_large_image","twitter_site":"@HenofaBV","twitter_misc":{"Tiempo de lectura":"8 minutos"},"schema":{"@context":"https:\/\/schema.org","@graph":[{"@type":"WebPage","@id":"https:\/\/henofa.com\/es\/condiciones-de-entrega\/","url":"https:\/\/henofa.com\/es\/condiciones-de-entrega\/","name":"Condiciones de entrega - Henofa","isPartOf":{"@id":"https:\/\/henofa.com\/#website"},"datePublished":"2020-02-03T10:11:39+00:00","dateModified":"2020-02-14T15:09:51+00:00","breadcrumb":{"@id":"https:\/\/henofa.com\/es\/condiciones-de-entrega\/#breadcrumb"},"inLanguage":"es","potentialAction":[{"@type":"ReadAction","target":["https:\/\/henofa.com\/es\/condiciones-de-entrega\/"]}]},{"@type":"BreadcrumbList","@id":"https:\/\/henofa.com\/es\/condiciones-de-entrega\/#breadcrumb","itemListElement":[{"@type":"ListItem","position":1,"name":"Home","item":"https:\/\/henofa.com\/es\/"},{"@type":"ListItem","position":2,"name":"Condiciones de entrega"}]},{"@type":"WebSite","@id":"https:\/\/henofa.com\/#website","url":"https:\/\/henofa.com\/","name":"Henofa","description":"Producent van Vilt &amp; Non-wovens","publisher":{"@id":"https:\/\/henofa.com\/#organization"},"potentialAction":[{"@type":"SearchAction","target":{"@type":"EntryPoint","urlTemplate":"https:\/\/henofa.com\/?s={search_term_string}"},"query-input":{"@type":"PropertyValueSpecification","valueRequired":true,"valueName":"search_term_string"}}],"inLanguage":"es"},{"@type":"Organization","@id":"https:\/\/henofa.com\/#organization","name":"Henofa BV","url":"https:\/\/henofa.com\/","logo":{"@type":"ImageObject","inLanguage":"es","@id":"https:\/\/henofa.com\/#\/schema\/logo\/image\/","url":"http:\/\/henofa.com\/wp-content\/uploads\/2020\/01\/logonorm-footer.png","contentUrl":"http:\/\/henofa.com\/wp-content\/uploads\/2020\/01\/logonorm-footer.png","width":150,"height":63,"caption":"Henofa BV"},"image":{"@id":"https:\/\/henofa.com\/#\/schema\/logo\/image\/"},"sameAs":["https:\/\/www.facebook.com\/Henofa-BV-155961491204450\/","https:\/\/x.com\/HenofaBV","https:\/\/www.instagram.com\/henofa_bv\/","https:\/\/www.linkedin.com\/company\/henofa-b.v.\/","https:\/\/www.youtube.com\/channel\/UCZAioYN47C9Epg5AloQtflQ\/featured"]}]}},"_links":{"self":[{"href":"https:\/\/henofa.com\/es\/wp-json\/wp\/v2\/pages\/6727","targetHints":{"allow":["GET"]}}],"collection":[{"href":"https:\/\/henofa.com\/es\/wp-json\/wp\/v2\/pages"}],"about":[{"href":"https:\/\/henofa.com\/es\/wp-json\/wp\/v2\/types\/page"}],"author":[{"embeddable":true,"href":"https:\/\/henofa.com\/es\/wp-json\/wp\/v2\/users\/5"}],"replies":[{"embeddable":true,"href":"https:\/\/henofa.com\/es\/wp-json\/wp\/v2\/comments?post=6727"}],"version-history":[{"count":0,"href":"https:\/\/henofa.com\/es\/wp-json\/wp\/v2\/pages\/6727\/revisions"}],"wp:attachment":[{"href":"https:\/\/henofa.com\/es\/wp-json\/wp\/v2\/media?parent=6727"}],"curies":[{"name":"wp","href":"https:\/\/api.w.org\/{rel}","templated":true}]}}