{"id":6417,"date":"2018-08-19T19:48:51","date_gmt":"2018-08-19T17:48:51","guid":{"rendered":"http:\/\/henofa.com\/arbeiten-bei\/"},"modified":"2020-02-20T10:15:44","modified_gmt":"2020-02-20T09:15:44","slug":"empleo","status":"publish","type":"page","link":"https:\/\/henofa.com\/es\/empleo\/","title":{"rendered":"Empleo"},"content":{"rendered":"<section class=\"wpb-content-wrapper\">[vc_row full_width=\u00bbstretch_row\u00bb content_placement=\u00bbmiddle\u00bb remove_bottom_col_margin=\u00bbtrue\u00bb bg_style=\u00bbstretch\u00bb css=\u00bb.vc_custom_1580722693407{background-image: url(http:\/\/henofa.com\/wp-content\/uploads\/2020\/01\/HOME-3.jpg?id=6149) !important;}\u00bb wpex_bg_position=\u00bbcenter center\u00bb min_height=\u00bb175px\u00bb][vc_column]<h1 class=\"vcex-module vcex-heading vcex-heading-plain\" style=\"color:#ffffff;font-size:36px;letter-spacing:1px;font-weight:600;text-align:center;text-transform:uppercase;\"><span class=\"vcex-heading-inner clr\">Empleo<\/span><\/h1>[\/vc_column][\/vc_row][vc_row column_spacing=\u00bb40&#8243; remove_bottom_col_margin=\u00bbtrue\u00bb bg_style=\u00bbstretch\u00bb css=\u00bb.vc_custom_1580465753059{padding-top: 60px !important;}\u00bb][vc_column][vc_column_text]\n<p class=\"p1\">\u00bfTe gustar\u00eda trabajar para una empresa internacional din\u00e1mica, de r\u00e1pido crecimiento y donde la producci\u00f3n y el comercio van de la mano? \u00bfValoras mucho la variedad en un trabajo en el que puedas desarrollarte y crecer? \u00a1Entonces puede que en Henofa tenemos un trabajo para ti!<\/p>\n<p class=\"p1\">\u00bfTe reconoces en lo arriba mencionado y te gustar\u00eda contribuir? Pues, \u00a1estaremos encantados de recibir tu solicitud!<\/p>\n[\/vc_column_text][\/vc_column][\/vc_row][vc_row gap=\u00bb20&#8243; remove_bottom_col_margin=\u00bbtrue\u00bb css=\u00bb.vc_custom_1580473269346{margin-bottom: 40px !important;border-top-width: 1px !important;border-right-width: 1px !important;border-bottom-width: 1px !important;border-left-width: 1px !important;padding-top: 20px !important;padding-right: 20px !important;padding-bottom: 20px !important;padding-left: 20px !important;background-color: #f4f4f4 !important;border-left-color: #e0e0e0 !important;border-left-style: solid !important;border-right-color: #e0e0e0 !important;border-right-style: solid !important;border-top-color: #e0e0e0 !important;border-top-style: solid !important;border-bottom-color: #e0e0e0 !important;border-bottom-style: solid !important;}\u00bb][vc_column]<div class=\"vcex-module vcex-icon-box clr vcex-icon-box-one vcex-icon-box-wo-icon\"><h2 class=\"vcex-icon-box-heading\" style=\"text-transform:uppercase;\">VACANTES<\/h2><div class=\"vcex-icon-box-content clr\"><p>Desafortunadamente no tenemos ninguna vacante por el momento, pero siempre puedes enviar una solicitud abierta a <a href=\"mailto:admin@henofa.com\">admin@henofa.com<\/a> Guardaremos tus datos y nos pondremos en contacto en cuanto haya una vacante.<\/p>\n<p><strong>Las solicitudes solo ser\u00e1n le\u00eddas por personal autorizado.<\/strong><\/p>\n<\/div><\/div>[\/vc_column][\/vc_row][vc_row gap=\u00bb20&#8243; css=\u00bb.vc_custom_1580821098888{border-top-width: 1px !important;border-right-width: 1px !important;border-bottom-width: 1px !important;border-left-width: 1px !important;padding-top: 20px !important;padding-right: 20px !important;padding-bottom: 20px !important;padding-left: 20px !important;background-color: #f4f4f4 !important;border-left-color: #e0e0e0 !important;border-left-style: solid !important;border-right-color: #e0e0e0 !important;border-right-style: solid !important;border-top-color: #e0e0e0 !important;border-top-style: solid !important;border-bottom-color: #e0e0e0 !important;border-bottom-style: solid !important;}\u00bb][vc_column][vc_row_inner][vc_column_inner width=\u00bb1\/2&#8243;]<div class=\"vcex-icon-box-css-wrap vc_custom_1581694983298\"><div class=\"vcex-module vcex-icon-box clr vcex-icon-box-one vcex-icon-box-wo-icon\"><h2 class=\"vcex-icon-box-heading\" style=\"text-transform:uppercase;\">PR\u00c1CTICAS<\/h2><div class=\"vcex-icon-box-content clr\"><p>Estamos continuamente buscando estudiantes de HBO (formaci\u00f3n profesional superior) y MBO (formaci\u00f3n profesional intermedia) que est\u00e9n interesados hacer las pr\u00e1cticas.<\/p>\n<\/div><\/div><\/div><div class=\"vcex-icon-box-css-wrap vc_custom_1581694990266\"><div class=\"vcex-module vcex-icon-box clr vcex-icon-box-one vcex-icon-box-wo-icon\"><div class=\"vcex-icon-box-content clr\"><p>Durante las pr\u00e1cticas eres elegible para llevar a cabo las siguientes actividades:<\/p>\n<\/div><\/div><\/div><div style=\"line-height:1.3;\" class=\"vcex-module vcex-bullets custom-icon\">\n<ul>\n<li><div class=\"vcex-bullets-ci-wrap\"><span class=\"vcex-icon-wrap\"><span class=\"vcex-icon ticon ticon-angle-right\" style=\"color:#00523c\" aria-hidden=\"true\"><\/span><\/span><div class=\"vcex-content\">Apoyar y asistir al gerente comercial;<\/div><\/div><\/li>\n<li><div class=\"vcex-bullets-ci-wrap\"><span class=\"vcex-icon-wrap\"><span class=\"vcex-icon ticon ticon-angle-right\" style=\"color:#00523c\" aria-hidden=\"true\"><\/span><\/span><div class=\"vcex-content\">Llevar a cabo un estudio de mercado;<\/div><\/div><\/li>\n<li><div class=\"vcex-bullets-ci-wrap\"><span class=\"vcex-icon-wrap\"><span class=\"vcex-icon ticon ticon-angle-right\" style=\"color:#00523c\" aria-hidden=\"true\"><\/span><\/span><div class=\"vcex-content\">Llevar a cabo una encuesta de satisfacci\u00f3n del cliente;<\/div><\/div><\/li>\n<li><div class=\"vcex-bullets-ci-wrap\"><span class=\"vcex-icon-wrap\"><span class=\"vcex-icon ticon ticon-angle-right\" style=\"color:#00523c\" aria-hidden=\"true\"><\/span><\/span><div class=\"vcex-content\">Apoyo a diversos procesos administrativos;<\/div><\/div><\/li>\n<li><div class=\"vcex-bullets-ci-wrap\"><span class=\"vcex-icon-wrap\"><span class=\"vcex-icon ticon ticon-angle-right\" style=\"color:#00523c\" aria-hidden=\"true\"><\/span><\/span><div class=\"vcex-content\">Participaci\u00f3n activa en el proceso de adquisici\u00f3n;<\/div><\/div><\/li>\n<li><div class=\"vcex-bullets-ci-wrap\"><span class=\"vcex-icon-wrap\"><span class=\"vcex-icon ticon ticon-angle-right\" style=\"color:#00523c\" aria-hidden=\"true\"><\/span><\/span><div class=\"vcex-content\">Participaci\u00f3n activa en el proceso de adquisici\u00f3n.<\/div><\/div><\/li>\n<\/ul>\n<\/div>[\/vc_column_inner][vc_column_inner width=\u00bb1\/2&#8243; css=\u00bb.vc_custom_1580474151676{padding-top: 30px !important;}\u00bb]<div class=\"vcex-image vcex-module vcex-clr textcenter hidden-phone\"><span class=\"vcex-image-inner\"><img decoding=\"async\" data-src=\"https:\/\/henofa.com\/wp-content\/uploads\/2020\/02\/sbb-beeldmerk-EN-fc-250x250.png\" alt='' data-no-retina width=\"250\" height=\"250\" src=\"data:image\/svg+xml;base64,PHN2ZyB3aWR0aD0iMSIgaGVpZ2h0PSIxIiB4bWxucz0iaHR0cDovL3d3dy53My5vcmcvMjAwMC9zdmciPjwvc3ZnPg==\" class=\"lazyload\" style=\"--smush-placeholder-width: 250px; --smush-placeholder-aspect-ratio: 250\/250;\" \/><\/span><\/div>[\/vc_column_inner][\/vc_row_inner][\/vc_column][vc_column width=\u00bb1\/2&#8243;]<div class=\"vcex-icon-box-css-wrap vc_custom_1581695031508\"><div class=\"vcex-module vcex-icon-box clr vcex-icon-box-one vcex-icon-box-wo-icon\"><div class=\"vcex-icon-box-content clr\"><p class=\"attachment\"><a href='https:\/\/henofa.com\/wp-content\/uploads\/2020\/02\/sbb-beeldmerk-EN-fc.png'><img decoding=\"async\" width=\"300\" height=\"300\" data-src=\"https:\/\/henofa.com\/wp-content\/uploads\/2020\/02\/sbb-beeldmerk-EN-fc-300x300.png\" class=\"attachment-medium size-medium lazyload\" alt=\"\" data-srcset=\"https:\/\/henofa.com\/wp-content\/uploads\/2020\/02\/sbb-beeldmerk-EN-fc-300x300.png 300w, https:\/\/henofa.com\/wp-content\/uploads\/2020\/02\/sbb-beeldmerk-EN-fc-150x150.png 150w, https:\/\/henofa.com\/wp-content\/uploads\/2020\/02\/sbb-beeldmerk-EN-fc-250x250.png 250w, https:\/\/henofa.com\/wp-content\/uploads\/2020\/02\/sbb-beeldmerk-EN-fc.png 400w\" data-sizes=\"(max-width: 300px) 100vw, 300px\" src=\"data:image\/svg+xml;base64,PHN2ZyB3aWR0aD0iMSIgaGVpZ2h0PSIxIiB4bWxucz0iaHR0cDovL3d3dy53My5vcmcvMjAwMC9zdmciPjwvc3ZnPg==\" style=\"--smush-placeholder-width: 300px; --smush-placeholder-aspect-ratio: 300\/300;\" \/><\/a><\/p>\n<p><strong>A quien buscamos: <\/strong>La persona que viene a hacer las pr\u00e1cticas debe tener las siguientes caracter\u00edsticas:<\/p>\n<\/div><\/div><\/div><div style=\"line-height:1.3;\" class=\"vcex-module vcex-bullets custom-icon\">\n<ul>\n<li><div class=\"vcex-bullets-ci-wrap\"><span class=\"vcex-icon-wrap\"><span class=\"vcex-icon ticon ticon-angle-right\" style=\"color:#00523c\" aria-hidden=\"true\"><\/span><\/span><div class=\"vcex-content\">Nivel intermedio\/superior;<\/div><\/div><\/li>\n<li><div class=\"vcex-bullets-ci-wrap\"><span class=\"vcex-icon-wrap\"><span class=\"vcex-icon ticon ticon-angle-right\" style=\"color:#00523c\" aria-hidden=\"true\"><\/span><\/span><div class=\"vcex-content\">Esp\u00edritu inquisitivo y emprendedor;<\/div><\/div><\/li>\n<li><div class=\"vcex-bullets-ci-wrap\"><span class=\"vcex-icon-wrap\"><span class=\"vcex-icon ticon ticon-angle-right\" style=\"color:#00523c\" aria-hidden=\"true\"><\/span><\/span><div class=\"vcex-content\">Afinidad con el esp\u00edritu empresarial;<\/div><\/div><\/li>\n<li><div class=\"vcex-bullets-ci-wrap\"><span class=\"vcex-icon-wrap\"><span class=\"vcex-icon ticon ticon-angle-right\" style=\"color:#00523c\" aria-hidden=\"true\"><\/span><\/span><div class=\"vcex-content\">Mentalidad comercial;<\/div><\/div><\/li>\n<li><div class=\"vcex-bullets-ci-wrap\"><span class=\"vcex-icon-wrap\"><span class=\"vcex-icon ticon ticon-angle-right\" style=\"color:#00523c\" aria-hidden=\"true\"><\/span><\/span><div class=\"vcex-content\">Pr\u00e1ctico y creativo;<\/div><\/div><\/li>\n<li><div class=\"vcex-bullets-ci-wrap\"><span class=\"vcex-icon-wrap\"><span class=\"vcex-icon ticon ticon-angle-right\" style=\"color:#00523c\" aria-hidden=\"true\"><\/span><\/span><div class=\"vcex-content\">Suficiente conocimiento del ingl\u00e9s y el alem\u00e1n.<\/div><\/div><\/li>\n<\/ul>\n<\/div>[\/vc_column][vc_column width=\u00bb1\/2&#8243;]<div class=\"vcex-icon-box-css-wrap vc_custom_1581695059003\"><div class=\"vcex-module vcex-icon-box clr vcex-icon-box-one vcex-icon-box-wo-icon\"><div class=\"vcex-icon-box-content clr\"><p class=\"attachment\"><a href='https:\/\/henofa.com\/wp-content\/uploads\/2020\/02\/sbb-beeldmerk-EN-fc.png'><img decoding=\"async\" width=\"300\" height=\"300\" data-src=\"https:\/\/henofa.com\/wp-content\/uploads\/2020\/02\/sbb-beeldmerk-EN-fc-300x300.png\" class=\"attachment-medium size-medium lazyload\" alt=\"\" data-srcset=\"https:\/\/henofa.com\/wp-content\/uploads\/2020\/02\/sbb-beeldmerk-EN-fc-300x300.png 300w, https:\/\/henofa.com\/wp-content\/uploads\/2020\/02\/sbb-beeldmerk-EN-fc-150x150.png 150w, https:\/\/henofa.com\/wp-content\/uploads\/2020\/02\/sbb-beeldmerk-EN-fc-250x250.png 250w, https:\/\/henofa.com\/wp-content\/uploads\/2020\/02\/sbb-beeldmerk-EN-fc.png 400w\" data-sizes=\"(max-width: 300px) 100vw, 300px\" src=\"data:image\/svg+xml;base64,PHN2ZyB3aWR0aD0iMSIgaGVpZ2h0PSIxIiB4bWxucz0iaHR0cDovL3d3dy53My5vcmcvMjAwMC9zdmciPjwvc3ZnPg==\" style=\"--smush-placeholder-width: 300px; --smush-placeholder-aspect-ratio: 300\/300;\" \/><\/a><\/p>\n<p><strong>Lo que ofrecemos:<\/strong><\/p>\n<\/div><\/div><\/div><div style=\"line-height:1.3;\" class=\"vcex-module vcex-bullets custom-icon\">\n<ul>\n<li><div class=\"vcex-bullets-ci-wrap\"><span class=\"vcex-icon-wrap\"><span class=\"vcex-icon ticon ticon-angle-right\" style=\"color:#00523c\" aria-hidden=\"true\"><\/span><\/span><div class=\"vcex-content\">Una visi\u00f3n completa de una organizaci\u00f3n de producci\u00f3n\/comercial;<\/div><\/div><\/li>\n<li><div class=\"vcex-bullets-ci-wrap\"><span class=\"vcex-icon-wrap\"><span class=\"vcex-icon ticon ticon-angle-right\" style=\"color:#00523c\" aria-hidden=\"true\"><\/span><\/span><div class=\"vcex-content\">Trabajo muy variado;<\/div><\/div><\/li>\n<li><div class=\"vcex-bullets-ci-wrap\"><span class=\"vcex-icon-wrap\"><span class=\"vcex-icon ticon ticon-angle-right\" style=\"color:#00523c\" aria-hidden=\"true\"><\/span><\/span><div class=\"vcex-content\">Un buen ambiente laboral;<\/div><\/div><\/li>\n<li><div class=\"vcex-bullets-ci-wrap\"><span class=\"vcex-icon-wrap\"><span class=\"vcex-icon ticon ticon-angle-right\" style=\"color:#00523c\" aria-hidden=\"true\"><\/span><\/span><div class=\"vcex-content\">Una buena oportunidad para aplicar los conocimientos te\u00f3ricos en la pr\u00e1ctica;<\/div><\/div><\/li>\n<li><div class=\"vcex-bullets-ci-wrap\"><span class=\"vcex-icon-wrap\"><span class=\"vcex-icon ticon ticon-angle-right\" style=\"color:#00523c\" aria-hidden=\"true\"><\/span><\/span><div class=\"vcex-content\">Una remuneraci\u00f3n y reembolso de gastos de viaje superiores a la media.<\/div><\/div><\/li>\n<\/ul>\n<\/div>[\/vc_column][vc_column]<div class=\"vcex-icon-box-css-wrap vc_custom_1582190050811\"><div class=\"vcex-module vcex-icon-box clr vcex-icon-box-one vcex-icon-box-wo-icon\"><div class=\"vcex-icon-box-content clr\"><p class=\"attachment\"><a href='https:\/\/henofa.com\/wp-content\/uploads\/2020\/02\/sbb-beeldmerk-EN-fc.png'><img decoding=\"async\" width=\"300\" height=\"300\" data-src=\"https:\/\/henofa.com\/wp-content\/uploads\/2020\/02\/sbb-beeldmerk-EN-fc-300x300.png\" class=\"attachment-medium size-medium lazyload\" alt=\"\" data-srcset=\"https:\/\/henofa.com\/wp-content\/uploads\/2020\/02\/sbb-beeldmerk-EN-fc-300x300.png 300w, https:\/\/henofa.com\/wp-content\/uploads\/2020\/02\/sbb-beeldmerk-EN-fc-150x150.png 150w, https:\/\/henofa.com\/wp-content\/uploads\/2020\/02\/sbb-beeldmerk-EN-fc-250x250.png 250w, https:\/\/henofa.com\/wp-content\/uploads\/2020\/02\/sbb-beeldmerk-EN-fc.png 400w\" data-sizes=\"(max-width: 300px) 100vw, 300px\" src=\"data:image\/svg+xml;base64,PHN2ZyB3aWR0aD0iMSIgaGVpZ2h0PSIxIiB4bWxucz0iaHR0cDovL3d3dy53My5vcmcvMjAwMC9zdmciPjwvc3ZnPg==\" style=\"--smush-placeholder-width: 300px; --smush-placeholder-aspect-ratio: 300\/300;\" \/><\/a><\/p>\n<p>En resumen, \u00bferes ese estudiante con un esp\u00edritu independiente y proactivo? \u00bfEn tu carrera, dominan los campos de gesti\u00f3n y comercializaci\u00f3n? \u00bfTe atrever\u00edas a aceptar este desaf\u00edo? Env\u00eda una breve motivaci\u00f3n y tu curr\u00edculum a <a href=\"mailto:admin@henofa.com\">admin@henofa.com<\/a> o llama al 0031 547 334 249.<br \/>\n\u00a1Nos encantar\u00eda saber de ti!<\/p>\n<p><strong>\u00a1Se desaprueba cualquier acercamiento de car\u00e1cter comercial a trav\u00e9s de la presente vacante! <\/strong><\/p>\n<\/div><\/div><\/div><div class=\"vcex-image vcex-module vcex-clr textcenter visible-phone\"><span class=\"vcex-image-inner\"><img decoding=\"async\" data-src=\"https:\/\/henofa.com\/wp-content\/uploads\/2020\/01\/Werken-bij-foto-2-sbb-beeldmerk-250x250.png\" alt='' data-no-retina width=\"250\" height=\"250\" src=\"data:image\/svg+xml;base64,PHN2ZyB3aWR0aD0iMSIgaGVpZ2h0PSIxIiB4bWxucz0iaHR0cDovL3d3dy53My5vcmcvMjAwMC9zdmciPjwvc3ZnPg==\" class=\"lazyload\" style=\"--smush-placeholder-width: 250px; --smush-placeholder-aspect-ratio: 250\/250;\" \/><\/span><\/div>[\/vc_column][\/vc_row]\n<\/section>","protected":false},"excerpt":{"rendered":"<p>[vc_row full_width=\u00bbstretch_row\u00bb content_placement=\u00bbmiddle\u00bb remove_bottom_col_margin=\u00bbtrue\u00bb bg_style=\u00bbstretch\u00bb css=\u00bb.vc_custom_1580722693407{background-image: url(http:\/\/henofa.com\/wp-content\/uploads\/2020\/01\/HOME-3.jpg?id=6149) !important;}\u00bb wpex_bg_position=\u00bbcenter center\u00bb min_height=\u00bb175px\u00bb][vc_column][\/vc_column][\/vc_row][vc_row column_spacing=\u00bb40&#8243; remove_bottom_col_margin=\u00bbtrue\u00bb bg_style=\u00bbstretch\u00bb css=\u00bb.vc_custom_1580465753059{padding-top: 60px !important;}\u00bb][vc_column][vc_column_text] \u00bfTe gustar\u00eda trabajar para una empresa internacional din\u00e1mica, de r\u00e1pido crecimiento y donde la producci\u00f3n y el comercio van de la mano? \u00bfValoras&hellip;<\/p>\n","protected":false},"author":2,"featured_media":0,"parent":0,"menu_order":0,"comment_status":"closed","ping_status":"closed","template":"templates\/no-sidebar.php","meta":{"footnotes":""},"class_list":["post-6417","page","type-page","status-publish","hentry","entry","no-media"],"yoast_head":"<!-- This site is optimized with the Yoast SEO plugin v26.8 - https:\/\/yoast.com\/product\/yoast-seo-wordpress\/ -->\n<title>Empleo - Henofa<\/title>\n<meta name=\"robots\" content=\"index, follow, max-snippet:-1, max-image-preview:large, max-video-preview:-1\" \/>\n<link rel=\"canonical\" href=\"https:\/\/henofa.com\/es\/empleo\/\" \/>\n<meta property=\"og:locale\" content=\"es_ES\" \/>\n<meta property=\"og:type\" content=\"article\" \/>\n<meta property=\"og:title\" content=\"Empleo - Henofa\" \/>\n<meta property=\"og:description\" content=\"[vc_row full_width=\u00bbstretch_row\u00bb content_placement=\u00bbmiddle\u00bb remove_bottom_col_margin=\u00bbtrue\u00bb bg_style=\u00bbstretch\u00bb css=\u00bb.vc_custom_1580722693407{background-image: url(http:\/\/henofa.com\/wp-content\/uploads\/2020\/01\/HOME-3.jpg?id=6149) !important;}\u00bb wpex_bg_position=\u00bbcenter center\u00bb min_height=\u00bb175px\u00bb][vc_column][\/vc_column][\/vc_row][vc_row column_spacing=\u00bb40&#8243; remove_bottom_col_margin=\u00bbtrue\u00bb bg_style=\u00bbstretch\u00bb css=\u00bb.vc_custom_1580465753059{padding-top: 60px !important;}\u00bb][vc_column][vc_column_text] \u00bfTe gustar\u00eda trabajar para una empresa internacional din\u00e1mica, de r\u00e1pido crecimiento y donde la producci\u00f3n y el comercio van de la mano? \u00bfValoras&hellip;\" \/>\n<meta property=\"og:url\" content=\"https:\/\/henofa.com\/es\/empleo\/\" \/>\n<meta property=\"og:site_name\" content=\"Henofa\" \/>\n<meta property=\"article:publisher\" content=\"https:\/\/www.facebook.com\/Henofa-BV-155961491204450\/\" \/>\n<meta property=\"article:modified_time\" content=\"2020-02-20T09:15:44+00:00\" \/>\n<meta name=\"twitter:card\" content=\"summary_large_image\" \/>\n<meta name=\"twitter:site\" content=\"@HenofaBV\" \/>\n<meta name=\"twitter:label1\" content=\"Tiempo de lectura\" \/>\n\t<meta name=\"twitter:data1\" content=\"4 minutos\" \/>\n<script type=\"application\/ld+json\" class=\"yoast-schema-graph\">{\"@context\":\"https:\/\/schema.org\",\"@graph\":[{\"@type\":\"WebPage\",\"@id\":\"https:\/\/henofa.com\/es\/empleo\/\",\"url\":\"https:\/\/henofa.com\/es\/empleo\/\",\"name\":\"Empleo - Henofa\",\"isPartOf\":{\"@id\":\"https:\/\/henofa.com\/#website\"},\"datePublished\":\"2018-08-19T17:48:51+00:00\",\"dateModified\":\"2020-02-20T09:15:44+00:00\",\"breadcrumb\":{\"@id\":\"https:\/\/henofa.com\/es\/empleo\/#breadcrumb\"},\"inLanguage\":\"es\",\"potentialAction\":[{\"@type\":\"ReadAction\",\"target\":[\"https:\/\/henofa.com\/es\/empleo\/\"]}]},{\"@type\":\"BreadcrumbList\",\"@id\":\"https:\/\/henofa.com\/es\/empleo\/#breadcrumb\",\"itemListElement\":[{\"@type\":\"ListItem\",\"position\":1,\"name\":\"Home\",\"item\":\"https:\/\/henofa.com\/es\/\"},{\"@type\":\"ListItem\",\"position\":2,\"name\":\"Empleo\"}]},{\"@type\":\"WebSite\",\"@id\":\"https:\/\/henofa.com\/#website\",\"url\":\"https:\/\/henofa.com\/\",\"name\":\"Henofa\",\"description\":\"Producent van Vilt &amp; Non-wovens\",\"publisher\":{\"@id\":\"https:\/\/henofa.com\/#organization\"},\"potentialAction\":[{\"@type\":\"SearchAction\",\"target\":{\"@type\":\"EntryPoint\",\"urlTemplate\":\"https:\/\/henofa.com\/?s={search_term_string}\"},\"query-input\":{\"@type\":\"PropertyValueSpecification\",\"valueRequired\":true,\"valueName\":\"search_term_string\"}}],\"inLanguage\":\"es\"},{\"@type\":\"Organization\",\"@id\":\"https:\/\/henofa.com\/#organization\",\"name\":\"Henofa BV\",\"url\":\"https:\/\/henofa.com\/\",\"logo\":{\"@type\":\"ImageObject\",\"inLanguage\":\"es\",\"@id\":\"https:\/\/henofa.com\/#\/schema\/logo\/image\/\",\"url\":\"http:\/\/henofa.com\/wp-content\/uploads\/2020\/01\/logonorm-footer.png\",\"contentUrl\":\"http:\/\/henofa.com\/wp-content\/uploads\/2020\/01\/logonorm-footer.png\",\"width\":150,\"height\":63,\"caption\":\"Henofa BV\"},\"image\":{\"@id\":\"https:\/\/henofa.com\/#\/schema\/logo\/image\/\"},\"sameAs\":[\"https:\/\/www.facebook.com\/Henofa-BV-155961491204450\/\",\"https:\/\/x.com\/HenofaBV\",\"https:\/\/www.instagram.com\/henofa_bv\/\",\"https:\/\/www.linkedin.com\/company\/henofa-b.v.\/\",\"https:\/\/www.youtube.com\/channel\/UCZAioYN47C9Epg5AloQtflQ\/featured\"]}]}<\/script>\n<!-- \/ Yoast SEO plugin. -->","yoast_head_json":{"title":"Empleo - Henofa","robots":{"index":"index","follow":"follow","max-snippet":"max-snippet:-1","max-image-preview":"max-image-preview:large","max-video-preview":"max-video-preview:-1"},"canonical":"https:\/\/henofa.com\/es\/empleo\/","og_locale":"es_ES","og_type":"article","og_title":"Empleo - Henofa","og_description":"[vc_row full_width=\u00bbstretch_row\u00bb content_placement=\u00bbmiddle\u00bb remove_bottom_col_margin=\u00bbtrue\u00bb bg_style=\u00bbstretch\u00bb css=\u00bb.vc_custom_1580722693407{background-image: url(http:\/\/henofa.com\/wp-content\/uploads\/2020\/01\/HOME-3.jpg?id=6149) !important;}\u00bb wpex_bg_position=\u00bbcenter center\u00bb min_height=\u00bb175px\u00bb][vc_column][\/vc_column][\/vc_row][vc_row column_spacing=\u00bb40&#8243; remove_bottom_col_margin=\u00bbtrue\u00bb bg_style=\u00bbstretch\u00bb css=\u00bb.vc_custom_1580465753059{padding-top: 60px !important;}\u00bb][vc_column][vc_column_text] \u00bfTe gustar\u00eda trabajar para una empresa internacional din\u00e1mica, de r\u00e1pido crecimiento y donde la producci\u00f3n y el comercio van de la mano? \u00bfValoras&hellip;","og_url":"https:\/\/henofa.com\/es\/empleo\/","og_site_name":"Henofa","article_publisher":"https:\/\/www.facebook.com\/Henofa-BV-155961491204450\/","article_modified_time":"2020-02-20T09:15:44+00:00","twitter_card":"summary_large_image","twitter_site":"@HenofaBV","twitter_misc":{"Tiempo de lectura":"4 minutos"},"schema":{"@context":"https:\/\/schema.org","@graph":[{"@type":"WebPage","@id":"https:\/\/henofa.com\/es\/empleo\/","url":"https:\/\/henofa.com\/es\/empleo\/","name":"Empleo - Henofa","isPartOf":{"@id":"https:\/\/henofa.com\/#website"},"datePublished":"2018-08-19T17:48:51+00:00","dateModified":"2020-02-20T09:15:44+00:00","breadcrumb":{"@id":"https:\/\/henofa.com\/es\/empleo\/#breadcrumb"},"inLanguage":"es","potentialAction":[{"@type":"ReadAction","target":["https:\/\/henofa.com\/es\/empleo\/"]}]},{"@type":"BreadcrumbList","@id":"https:\/\/henofa.com\/es\/empleo\/#breadcrumb","itemListElement":[{"@type":"ListItem","position":1,"name":"Home","item":"https:\/\/henofa.com\/es\/"},{"@type":"ListItem","position":2,"name":"Empleo"}]},{"@type":"WebSite","@id":"https:\/\/henofa.com\/#website","url":"https:\/\/henofa.com\/","name":"Henofa","description":"Producent van Vilt &amp; Non-wovens","publisher":{"@id":"https:\/\/henofa.com\/#organization"},"potentialAction":[{"@type":"SearchAction","target":{"@type":"EntryPoint","urlTemplate":"https:\/\/henofa.com\/?s={search_term_string}"},"query-input":{"@type":"PropertyValueSpecification","valueRequired":true,"valueName":"search_term_string"}}],"inLanguage":"es"},{"@type":"Organization","@id":"https:\/\/henofa.com\/#organization","name":"Henofa BV","url":"https:\/\/henofa.com\/","logo":{"@type":"ImageObject","inLanguage":"es","@id":"https:\/\/henofa.com\/#\/schema\/logo\/image\/","url":"http:\/\/henofa.com\/wp-content\/uploads\/2020\/01\/logonorm-footer.png","contentUrl":"http:\/\/henofa.com\/wp-content\/uploads\/2020\/01\/logonorm-footer.png","width":150,"height":63,"caption":"Henofa BV"},"image":{"@id":"https:\/\/henofa.com\/#\/schema\/logo\/image\/"},"sameAs":["https:\/\/www.facebook.com\/Henofa-BV-155961491204450\/","https:\/\/x.com\/HenofaBV","https:\/\/www.instagram.com\/henofa_bv\/","https:\/\/www.linkedin.com\/company\/henofa-b.v.\/","https:\/\/www.youtube.com\/channel\/UCZAioYN47C9Epg5AloQtflQ\/featured"]}]}},"_links":{"self":[{"href":"https:\/\/henofa.com\/es\/wp-json\/wp\/v2\/pages\/6417","targetHints":{"allow":["GET"]}}],"collection":[{"href":"https:\/\/henofa.com\/es\/wp-json\/wp\/v2\/pages"}],"about":[{"href":"https:\/\/henofa.com\/es\/wp-json\/wp\/v2\/types\/page"}],"author":[{"embeddable":true,"href":"https:\/\/henofa.com\/es\/wp-json\/wp\/v2\/users\/2"}],"replies":[{"embeddable":true,"href":"https:\/\/henofa.com\/es\/wp-json\/wp\/v2\/comments?post=6417"}],"version-history":[{"count":0,"href":"https:\/\/henofa.com\/es\/wp-json\/wp\/v2\/pages\/6417\/revisions"}],"wp:attachment":[{"href":"https:\/\/henofa.com\/es\/wp-json\/wp\/v2\/media?parent=6417"}],"curies":[{"name":"wp","href":"https:\/\/api.w.org\/{rel}","templated":true}]}}