{"id":6399,"date":"2018-08-15T21:11:51","date_gmt":"2018-08-15T19:11:51","guid":{"rendered":"http:\/\/henofa.com\/uber-henofa\/"},"modified":"2020-09-23T12:21:45","modified_gmt":"2020-09-23T10:21:45","slug":"acerca-de","status":"publish","type":"page","link":"https:\/\/henofa.com\/es\/acerca-de\/","title":{"rendered":"Acerca de"},"content":{"rendered":"<section class=\"wpb-content-wrapper\">[vc_row full_width=\u00bbstretch_row\u00bb content_placement=\u00bbmiddle\u00bb remove_bottom_col_margin=\u00bbtrue\u00bb bg_style=\u00bbstretch\u00bb css=\u00bb.vc_custom_1580727477422{background-image: url(http:\/\/henofa.com\/wp-content\/uploads\/2020\/02\/Over-Henofa-1.jpg?id=6275) !important;}\u00bb wpex_bg_position=\u00bbcenter center\u00bb min_height=\u00bb175px\u00bb][vc_column]<h1 class=\"vcex-module vcex-heading vcex-heading-plain\" style=\"color:#ffffff;font-size:36px;letter-spacing:1px;font-weight:600;text-align:center;text-transform:uppercase;\"><span class=\"vcex-heading-inner clr\">Acerca de Henofa<\/span><\/h1>[\/vc_column][\/vc_row][vc_row column_spacing=\u00bb40&#8243; remove_bottom_col_margin=\u00bbtrue\u00bb bg_style=\u00bbstretch\u00bb css=\u00bb.vc_custom_1580465753059{padding-top: 60px !important;}\u00bb][vc_column width=\u00bb1\/2&#8243;][vc_column_text]HENOFA B.V. es una empresa din\u00e1mica y de r\u00e1pido crecimiento con sede en Hengevelde.<br \/>\nDesde su fundaci\u00f3n en 1993, Henofa se ha convertido en un productor internacional de una variedad de fieltros y telas no tejidas. Adem\u00e1s, Henofa cumple una funci\u00f3n comercial en el campo de cualquier tipo de fieltro t\u00e9cnico.<\/p>\n<p>Con productos de desarrollo propio y de marca propia, se ha conquistado una posici\u00f3n fuerte, tanto a nivel nacional como internacional.<\/p>\n<p>Henofa opera en varios segmentos del mercado. <a href=\"https:\/\/capillarymatting.com\/\">El segmento m\u00e1s grande e importante es el de la horticultura.<\/a> <a href=\"https:\/\/bouwvilten.nl\">Adem\u00e1s, se fabrican diversos productos para la industria de la construcci\u00f3n y diversas aplicaciones industriales.<\/a>[\/vc_column_text][\/vc_column][vc_column width=\u00bb1\/2&#8243;][vc_column_text]Antes de salir de f\u00e1brica, los productos de Henofa son sometidos a un estricto control de calidad. Adem\u00e1s de la calidad, la fiabilidad, el servicio y la flexibilidad son considerados nuestros valores fundamentales.<\/p>\n<p>En colaboraci\u00f3n con nuestros distribuidores y clientes, Henofa contin\u00faa buscando nuevas oportunidades y responde a los nuevos desarrollos. Gracias a su riqueza de conocimientos, Henofa puede ofrecerle tambi\u00e9n servicios de asesoramiento.<\/p>\n<p>Creemos en la colaboraci\u00f3n como base para la innovaci\u00f3n, la mejora y la renovaci\u00f3n. Junto con nuestros socios, avanzamos rompiendo las barreras y nos distinguimos en el mercado.[\/vc_column_text][\/vc_column][\/vc_row][vc_row full_width=\u00bbstretch_row\u00bb wpex_bg_overlay=\u00bbcolor\u00bb bg_style=\u00bbstretch\u00bb css=\u00bb.vc_custom_1580722529877{padding-top: 50px !important;padding-bottom: 25px !important;background-image: url(http:\/\/henofa.com\/wp-content\/uploads\/2020\/01\/HOME-2.jpg?id=6099) !important;background-position: center !important;background-repeat: no-repeat !important;background-size: cover !important;}\u00bb wpex_bg_overlay_color=\u00bbrgba(0,82,60,0.7)\u00bb wpex_bg_position=\u00bbcenter center\u00bb][vc_column][vc_column_text css_animation=\u00bbappear\u00bb color=\u00bb#ffffff\u00bb font_size=\u00bb24&#8243; font_weight=\u00bb600&#8243; font_family=\u00bbMontserrat\u00bb text_align=\u00bbcenter\u00bb]\u00a1Henofa es su socio en la innovaci\u00f3n![\/vc_column_text][\/vc_column][\/vc_row][vc_row column_spacing=\u00bb40&#8243; bg_style=\u00bbstretch\u00bb css=\u00bb.vc_custom_1580483696717{padding-top: 50px !important;}\u00bb][vc_column][vc_column_text]Adem\u00e1s de producir fieltros y telas no tejidas, Henofa puede llevar a cabo otras numerosas operaciones como el punzonado, el corte y los trabajos con l\u00e1ser.<\/p>\n<p>Tambi\u00e9n producimos productos compuestos hechos de telas no tejidas y pl\u00e1sticos y juntados mediante confecci\u00f3n, laminado o uniones adhesivas. Esto hace posible la fabricaci\u00f3n de productos t\u00e9cnicamente complejos, como productos de formas complejas para aplicaciones de decoraci\u00f3n y dise\u00f1o.[\/vc_column_text][\/vc_column][\/vc_row][vc_row][vc_column]<div class=\"vcex-module wpex-carousel wpex-carousel-images clr owl-carousel arrwstyle-default\" data-wpex-carousel=\"{&quot;nav&quot;:true,&quot;dots&quot;:false,&quot;autoplay&quot;:false,&quot;loop&quot;:true,&quot;center&quot;:false,&quot;smartSpeed&quot;:150,&quot;items&quot;:2,&quot;slideBy&quot;:2,&quot;autoplayTimeout&quot;:5000,&quot;margin&quot;:15,&quot;itemsTablet&quot;:2,&quot;itemsMobileLandscape&quot;:2,&quot;itemsMobilePortrait&quot;:2,&quot;autoWidth&quot;:false,&quot;autoHeight&quot;:false}\"><div class=\"wpex-carousel-slide\"><figure class=\"wpex-carousel-entry-media clr\"><img decoding=\"async\" data-no-lazy=\"1\" class=\"skip-lazy\" src=\"https:\/\/henofa.com\/wp-content\/uploads\/2020\/01\/Over-Henofa-2-1920.jpg\" alt='' data-no-retina width=\"1920\" height=\"1280\" \/><\/figure><\/div><div class=\"wpex-carousel-slide\"><figure class=\"wpex-carousel-entry-media clr\"><img decoding=\"async\" data-no-lazy=\"1\" class=\"skip-lazy\" src=\"https:\/\/henofa.com\/wp-content\/uploads\/2020\/01\/Over-Henofa-3.jpg\" alt='' data-no-retina width=\"1920\" height=\"1287\" \/><\/figure><\/div><\/div>[\/vc_column][\/vc_row][vc_row content_placement=\u00bbmiddle\u00bb gap=\u00bb20&#8243; css=\u00bb.vc_custom_1580306931194{padding-top: 40px !important;padding-bottom: 30px !important;}\u00bb][vc_column width=\u00bb1\/3&#8243; css=\u00bb.vc_custom_1580303246062{border-top-width: 1px !important;border-right-width: 1px !important;border-bottom-width: 1px !important;border-left-width: 1px !important;padding-top: 20px !important;padding-right: 20px !important;padding-bottom: 30px !important;padding-left: 20px !important;background-color: #f4f4f4 !important;border-left-color: #ededed !important;border-right-color: #ededed !important;border-top-color: #ededed !important;border-bottom-color: #ededed !important;}\u00bb]<div class=\"vcex-module vcex-icon-box clr vcex-icon-box-two vcex-icon-box-wo-icon  equal-height-content\"><h2 class=\"vcex-icon-box-heading\" style=\"text-transform:uppercase;\">\u00bfQuiere saber m\u00e1s de HENOFA?<\/h2><div class=\"vcex-icon-box-content clr\"><p class=\"attachment\"><a href='https:\/\/henofa.com\/wp-content\/uploads\/2020\/01\/Over-Henofa-3.jpg'><img decoding=\"async\" width=\"300\" height=\"201\" data-src=\"https:\/\/henofa.com\/wp-content\/uploads\/2020\/01\/Over-Henofa-3-300x201.jpg\" class=\"attachment-medium size-medium lazyload\" alt=\"\" data-srcset=\"https:\/\/henofa.com\/wp-content\/uploads\/2020\/01\/Over-Henofa-3-300x201.jpg 300w, https:\/\/henofa.com\/wp-content\/uploads\/2020\/01\/Over-Henofa-3-1024x686.jpg 1024w, https:\/\/henofa.com\/wp-content\/uploads\/2020\/01\/Over-Henofa-3-768x515.jpg 768w, https:\/\/henofa.com\/wp-content\/uploads\/2020\/01\/Over-Henofa-3-1536x1030.jpg 1536w, https:\/\/henofa.com\/wp-content\/uploads\/2020\/01\/Over-Henofa-3.jpg 1920w\" data-sizes=\"(max-width: 300px) 100vw, 300px\" src=\"data:image\/svg+xml;base64,PHN2ZyB3aWR0aD0iMSIgaGVpZ2h0PSIxIiB4bWxucz0iaHR0cDovL3d3dy53My5vcmcvMjAwMC9zdmciPjwvc3ZnPg==\" style=\"--smush-placeholder-width: 300px; --smush-placeholder-aspect-ratio: 300\/201;\" \/><\/a><\/p>\n<p>\u00bfTiene alguna pregunta sobre nuestra empresa, lo que hacemos o nuestra forma de trabajar? Por favor, no dude en ponerse en contacto con nosotros. Estaremos encantados de atenderle.<\/p>\n<\/div><\/div><div class=\"vc_custom_1582193397860 wpex-clr\"><div class=\"textcenter theme-button-wrap clr\"><a href=\"http:\/\/henofa.com\/es\/contacto\/\" class=\"vcex-button theme-button align-center inline animate-on-hover\" style=\"width:100%;\"><span class=\"theme-button-inner\">Contactar con nosotros<\/span><\/a><\/div><\/div> [\/vc_column][vc_column width=\u00bb1\/3&#8243; css=\u00bb.vc_custom_1580303401481{border-top-width: 1px !important;border-right-width: 1px !important;border-bottom-width: 1px !important;padding-top: 20px !important;padding-right: 20px !important;padding-bottom: 30px !important;padding-left: 20px !important;background-color: #f4f4f4 !important;border-right-color: #ededed !important;border-top-color: #ededed !important;border-bottom-color: #ededed !important;}\u00bb]<div class=\"vcex-module vcex-icon-box clr vcex-icon-box-two vcex-icon-box-wo-icon  equal-height-content\"><h2 class=\"vcex-icon-box-heading\" style=\"text-transform:uppercase;\">\u00bfIntercambiar ideas con un EXPERTO?<\/h2><div class=\"vcex-icon-box-content clr\"><p class=\"attachment\"><a href='https:\/\/henofa.com\/wp-content\/uploads\/2020\/01\/Over-Henofa-3.jpg'><img decoding=\"async\" width=\"300\" height=\"201\" data-src=\"https:\/\/henofa.com\/wp-content\/uploads\/2020\/01\/Over-Henofa-3-300x201.jpg\" class=\"attachment-medium size-medium lazyload\" alt=\"\" data-srcset=\"https:\/\/henofa.com\/wp-content\/uploads\/2020\/01\/Over-Henofa-3-300x201.jpg 300w, https:\/\/henofa.com\/wp-content\/uploads\/2020\/01\/Over-Henofa-3-1024x686.jpg 1024w, https:\/\/henofa.com\/wp-content\/uploads\/2020\/01\/Over-Henofa-3-768x515.jpg 768w, https:\/\/henofa.com\/wp-content\/uploads\/2020\/01\/Over-Henofa-3-1536x1030.jpg 1536w, https:\/\/henofa.com\/wp-content\/uploads\/2020\/01\/Over-Henofa-3.jpg 1920w\" data-sizes=\"(max-width: 300px) 100vw, 300px\" src=\"data:image\/svg+xml;base64,PHN2ZyB3aWR0aD0iMSIgaGVpZ2h0PSIxIiB4bWxucz0iaHR0cDovL3d3dy53My5vcmcvMjAwMC9zdmciPjwvc3ZnPg==\" style=\"--smush-placeholder-width: 300px; --smush-placeholder-aspect-ratio: 300\/201;\" \/><\/a><\/p>\n<p>\u00bfTiene alguna pregunta t\u00e9cnica sobre un producto nuevo en desarrollo o est\u00e1 buscando una soluci\u00f3n espec\u00edfica? \u00a1Hable con nuestros t\u00e9cnicos sobre las posibilidades!<\/p>\n<\/div><\/div><div class=\"vc_custom_1582193411934 wpex-clr\"><div class=\"textcenter theme-button-wrap clr\"><a href=\"http:\/\/henofa.com\/es\/contacto\/\" class=\"vcex-button theme-button align-center inline animate-on-hover\" style=\"width:100%;\"><span class=\"theme-button-inner\">Contactar con nosotros<\/span><\/a><\/div><\/div> [\/vc_column][vc_column width=\u00bb1\/3&#8243; css=\u00bb.vc_custom_1580303410361{border-top-width: 1px !important;border-right-width: 1px !important;border-bottom-width: 1px !important;border-left-width: 1px !important;padding-top: 20px !important;padding-right: 20px !important;padding-bottom: 30px !important;padding-left: 20px !important;background-color: #f4f4f4 !important;border-left-color: #ededed !important;border-right-color: #ededed !important;border-top-color: #ededed !important;border-bottom-color: #ededed !important;}\u00bb]<div class=\"vcex-module vcex-icon-box clr vcex-icon-box-two vcex-icon-box-wo-icon  equal-height-content\"><h2 class=\"vcex-icon-box-heading\" style=\"text-transform:uppercase;\">\u00bfSolicitar un presupuesto ya?<\/h2><div class=\"vcex-icon-box-content clr\"><p class=\"attachment\"><a href='https:\/\/henofa.com\/wp-content\/uploads\/2020\/01\/Over-Henofa-3.jpg'><img decoding=\"async\" width=\"300\" height=\"201\" data-src=\"https:\/\/henofa.com\/wp-content\/uploads\/2020\/01\/Over-Henofa-3-300x201.jpg\" class=\"attachment-medium size-medium lazyload\" alt=\"\" data-srcset=\"https:\/\/henofa.com\/wp-content\/uploads\/2020\/01\/Over-Henofa-3-300x201.jpg 300w, https:\/\/henofa.com\/wp-content\/uploads\/2020\/01\/Over-Henofa-3-1024x686.jpg 1024w, https:\/\/henofa.com\/wp-content\/uploads\/2020\/01\/Over-Henofa-3-768x515.jpg 768w, https:\/\/henofa.com\/wp-content\/uploads\/2020\/01\/Over-Henofa-3-1536x1030.jpg 1536w, https:\/\/henofa.com\/wp-content\/uploads\/2020\/01\/Over-Henofa-3.jpg 1920w\" data-sizes=\"(max-width: 300px) 100vw, 300px\" src=\"data:image\/svg+xml;base64,PHN2ZyB3aWR0aD0iMSIgaGVpZ2h0PSIxIiB4bWxucz0iaHR0cDovL3d3dy53My5vcmcvMjAwMC9zdmciPjwvc3ZnPg==\" style=\"--smush-placeholder-width: 300px; --smush-placeholder-aspect-ratio: 300\/201;\" \/><\/a><\/p>\n<p>\u00bfEst\u00e1 buscando una soluci\u00f3n para mejorar el precio y las condiciones para su producto existente? \u00a1Contacte ya con nuestro Departamento de Ventas y solicite un presupuesto a medida!<\/p>\n<\/div><\/div><div class=\"vc_custom_1581694807094 wpex-clr\"><div class=\"textcenter theme-button-wrap clr\"><a href=\"mailto:info@henofa.com\" class=\"vcex-button theme-button align-center inline animate-on-hover\" style=\"width:100%;\"><span class=\"theme-button-inner\">Env\u00edenos un correo<\/span><\/a><\/div><\/div> [\/vc_column][\/vc_row]\n<\/section>","protected":false},"excerpt":{"rendered":"<p>[vc_row full_width=\u00bbstretch_row\u00bb content_placement=\u00bbmiddle\u00bb remove_bottom_col_margin=\u00bbtrue\u00bb bg_style=\u00bbstretch\u00bb css=\u00bb.vc_custom_1580727477422{background-image: url(http:\/\/henofa.com\/wp-content\/uploads\/2020\/02\/Over-Henofa-1.jpg?id=6275) !important;}\u00bb wpex_bg_position=\u00bbcenter center\u00bb min_height=\u00bb175px\u00bb][vc_column][\/vc_column][\/vc_row][vc_row column_spacing=\u00bb40&#8243; remove_bottom_col_margin=\u00bbtrue\u00bb bg_style=\u00bbstretch\u00bb css=\u00bb.vc_custom_1580465753059{padding-top: 60px !important;}\u00bb][vc_column width=\u00bb1\/2&#8243;][vc_column_text]HENOFA B.V. es una empresa din\u00e1mica y de r\u00e1pido crecimiento con sede en Hengevelde. Desde su fundaci\u00f3n en 1993, Henofa se ha convertido&hellip;<\/p>\n","protected":false},"author":2,"featured_media":0,"parent":0,"menu_order":0,"comment_status":"closed","ping_status":"closed","template":"templates\/no-sidebar.php","meta":{"footnotes":""},"class_list":["post-6399","page","type-page","status-publish","hentry","entry","no-media"],"yoast_head":"<!-- This site is optimized with the Yoast SEO plugin v26.8 - https:\/\/yoast.com\/product\/yoast-seo-wordpress\/ -->\n<title>Acerca de - Henofa<\/title>\n<meta name=\"robots\" content=\"index, follow, max-snippet:-1, max-image-preview:large, max-video-preview:-1\" \/>\n<link rel=\"canonical\" href=\"https:\/\/henofa.com\/es\/acerca-de\/\" \/>\n<meta property=\"og:locale\" content=\"es_ES\" \/>\n<meta property=\"og:type\" content=\"article\" \/>\n<meta property=\"og:title\" content=\"Acerca de - Henofa\" \/>\n<meta property=\"og:description\" content=\"[vc_row full_width=\u00bbstretch_row\u00bb content_placement=\u00bbmiddle\u00bb remove_bottom_col_margin=\u00bbtrue\u00bb bg_style=\u00bbstretch\u00bb css=\u00bb.vc_custom_1580727477422{background-image: url(http:\/\/henofa.com\/wp-content\/uploads\/2020\/02\/Over-Henofa-1.jpg?id=6275) !important;}\u00bb wpex_bg_position=\u00bbcenter center\u00bb min_height=\u00bb175px\u00bb][vc_column][\/vc_column][\/vc_row][vc_row column_spacing=\u00bb40&#8243; remove_bottom_col_margin=\u00bbtrue\u00bb bg_style=\u00bbstretch\u00bb css=\u00bb.vc_custom_1580465753059{padding-top: 60px !important;}\u00bb][vc_column width=\u00bb1\/2&#8243;][vc_column_text]HENOFA B.V. es una empresa din\u00e1mica y de r\u00e1pido crecimiento con sede en Hengevelde. Desde su fundaci\u00f3n en 1993, Henofa se ha convertido&hellip;\" \/>\n<meta property=\"og:url\" content=\"https:\/\/henofa.com\/es\/acerca-de\/\" \/>\n<meta property=\"og:site_name\" content=\"Henofa\" \/>\n<meta property=\"article:publisher\" content=\"https:\/\/www.facebook.com\/Henofa-BV-155961491204450\/\" \/>\n<meta property=\"article:modified_time\" content=\"2020-09-23T10:21:45+00:00\" \/>\n<meta name=\"twitter:card\" content=\"summary_large_image\" \/>\n<meta name=\"twitter:site\" content=\"@HenofaBV\" \/>\n<meta name=\"twitter:label1\" content=\"Tiempo de lectura\" \/>\n\t<meta name=\"twitter:data1\" content=\"5 minutos\" \/>\n<script type=\"application\/ld+json\" class=\"yoast-schema-graph\">{\"@context\":\"https:\/\/schema.org\",\"@graph\":[{\"@type\":\"WebPage\",\"@id\":\"https:\/\/henofa.com\/es\/acerca-de\/\",\"url\":\"https:\/\/henofa.com\/es\/acerca-de\/\",\"name\":\"Acerca de - Henofa\",\"isPartOf\":{\"@id\":\"https:\/\/henofa.com\/#website\"},\"datePublished\":\"2018-08-15T19:11:51+00:00\",\"dateModified\":\"2020-09-23T10:21:45+00:00\",\"breadcrumb\":{\"@id\":\"https:\/\/henofa.com\/es\/acerca-de\/#breadcrumb\"},\"inLanguage\":\"es\",\"potentialAction\":[{\"@type\":\"ReadAction\",\"target\":[\"https:\/\/henofa.com\/es\/acerca-de\/\"]}]},{\"@type\":\"BreadcrumbList\",\"@id\":\"https:\/\/henofa.com\/es\/acerca-de\/#breadcrumb\",\"itemListElement\":[{\"@type\":\"ListItem\",\"position\":1,\"name\":\"Home\",\"item\":\"https:\/\/henofa.com\/es\/\"},{\"@type\":\"ListItem\",\"position\":2,\"name\":\"Acerca de\"}]},{\"@type\":\"WebSite\",\"@id\":\"https:\/\/henofa.com\/#website\",\"url\":\"https:\/\/henofa.com\/\",\"name\":\"Henofa\",\"description\":\"Producent van Vilt &amp; Non-wovens\",\"publisher\":{\"@id\":\"https:\/\/henofa.com\/#organization\"},\"potentialAction\":[{\"@type\":\"SearchAction\",\"target\":{\"@type\":\"EntryPoint\",\"urlTemplate\":\"https:\/\/henofa.com\/?s={search_term_string}\"},\"query-input\":{\"@type\":\"PropertyValueSpecification\",\"valueRequired\":true,\"valueName\":\"search_term_string\"}}],\"inLanguage\":\"es\"},{\"@type\":\"Organization\",\"@id\":\"https:\/\/henofa.com\/#organization\",\"name\":\"Henofa BV\",\"url\":\"https:\/\/henofa.com\/\",\"logo\":{\"@type\":\"ImageObject\",\"inLanguage\":\"es\",\"@id\":\"https:\/\/henofa.com\/#\/schema\/logo\/image\/\",\"url\":\"http:\/\/henofa.com\/wp-content\/uploads\/2020\/01\/logonorm-footer.png\",\"contentUrl\":\"http:\/\/henofa.com\/wp-content\/uploads\/2020\/01\/logonorm-footer.png\",\"width\":150,\"height\":63,\"caption\":\"Henofa BV\"},\"image\":{\"@id\":\"https:\/\/henofa.com\/#\/schema\/logo\/image\/\"},\"sameAs\":[\"https:\/\/www.facebook.com\/Henofa-BV-155961491204450\/\",\"https:\/\/x.com\/HenofaBV\",\"https:\/\/www.instagram.com\/henofa_bv\/\",\"https:\/\/www.linkedin.com\/company\/henofa-b.v.\/\",\"https:\/\/www.youtube.com\/channel\/UCZAioYN47C9Epg5AloQtflQ\/featured\"]}]}<\/script>\n<!-- \/ Yoast SEO plugin. -->","yoast_head_json":{"title":"Acerca de - Henofa","robots":{"index":"index","follow":"follow","max-snippet":"max-snippet:-1","max-image-preview":"max-image-preview:large","max-video-preview":"max-video-preview:-1"},"canonical":"https:\/\/henofa.com\/es\/acerca-de\/","og_locale":"es_ES","og_type":"article","og_title":"Acerca de - Henofa","og_description":"[vc_row full_width=\u00bbstretch_row\u00bb content_placement=\u00bbmiddle\u00bb remove_bottom_col_margin=\u00bbtrue\u00bb bg_style=\u00bbstretch\u00bb css=\u00bb.vc_custom_1580727477422{background-image: url(http:\/\/henofa.com\/wp-content\/uploads\/2020\/02\/Over-Henofa-1.jpg?id=6275) !important;}\u00bb wpex_bg_position=\u00bbcenter center\u00bb min_height=\u00bb175px\u00bb][vc_column][\/vc_column][\/vc_row][vc_row column_spacing=\u00bb40&#8243; remove_bottom_col_margin=\u00bbtrue\u00bb bg_style=\u00bbstretch\u00bb css=\u00bb.vc_custom_1580465753059{padding-top: 60px !important;}\u00bb][vc_column width=\u00bb1\/2&#8243;][vc_column_text]HENOFA B.V. es una empresa din\u00e1mica y de r\u00e1pido crecimiento con sede en Hengevelde. Desde su fundaci\u00f3n en 1993, Henofa se ha convertido&hellip;","og_url":"https:\/\/henofa.com\/es\/acerca-de\/","og_site_name":"Henofa","article_publisher":"https:\/\/www.facebook.com\/Henofa-BV-155961491204450\/","article_modified_time":"2020-09-23T10:21:45+00:00","twitter_card":"summary_large_image","twitter_site":"@HenofaBV","twitter_misc":{"Tiempo de lectura":"5 minutos"},"schema":{"@context":"https:\/\/schema.org","@graph":[{"@type":"WebPage","@id":"https:\/\/henofa.com\/es\/acerca-de\/","url":"https:\/\/henofa.com\/es\/acerca-de\/","name":"Acerca de - Henofa","isPartOf":{"@id":"https:\/\/henofa.com\/#website"},"datePublished":"2018-08-15T19:11:51+00:00","dateModified":"2020-09-23T10:21:45+00:00","breadcrumb":{"@id":"https:\/\/henofa.com\/es\/acerca-de\/#breadcrumb"},"inLanguage":"es","potentialAction":[{"@type":"ReadAction","target":["https:\/\/henofa.com\/es\/acerca-de\/"]}]},{"@type":"BreadcrumbList","@id":"https:\/\/henofa.com\/es\/acerca-de\/#breadcrumb","itemListElement":[{"@type":"ListItem","position":1,"name":"Home","item":"https:\/\/henofa.com\/es\/"},{"@type":"ListItem","position":2,"name":"Acerca de"}]},{"@type":"WebSite","@id":"https:\/\/henofa.com\/#website","url":"https:\/\/henofa.com\/","name":"Henofa","description":"Producent van Vilt &amp; Non-wovens","publisher":{"@id":"https:\/\/henofa.com\/#organization"},"potentialAction":[{"@type":"SearchAction","target":{"@type":"EntryPoint","urlTemplate":"https:\/\/henofa.com\/?s={search_term_string}"},"query-input":{"@type":"PropertyValueSpecification","valueRequired":true,"valueName":"search_term_string"}}],"inLanguage":"es"},{"@type":"Organization","@id":"https:\/\/henofa.com\/#organization","name":"Henofa BV","url":"https:\/\/henofa.com\/","logo":{"@type":"ImageObject","inLanguage":"es","@id":"https:\/\/henofa.com\/#\/schema\/logo\/image\/","url":"http:\/\/henofa.com\/wp-content\/uploads\/2020\/01\/logonorm-footer.png","contentUrl":"http:\/\/henofa.com\/wp-content\/uploads\/2020\/01\/logonorm-footer.png","width":150,"height":63,"caption":"Henofa BV"},"image":{"@id":"https:\/\/henofa.com\/#\/schema\/logo\/image\/"},"sameAs":["https:\/\/www.facebook.com\/Henofa-BV-155961491204450\/","https:\/\/x.com\/HenofaBV","https:\/\/www.instagram.com\/henofa_bv\/","https:\/\/www.linkedin.com\/company\/henofa-b.v.\/","https:\/\/www.youtube.com\/channel\/UCZAioYN47C9Epg5AloQtflQ\/featured"]}]}},"_links":{"self":[{"href":"https:\/\/henofa.com\/es\/wp-json\/wp\/v2\/pages\/6399","targetHints":{"allow":["GET"]}}],"collection":[{"href":"https:\/\/henofa.com\/es\/wp-json\/wp\/v2\/pages"}],"about":[{"href":"https:\/\/henofa.com\/es\/wp-json\/wp\/v2\/types\/page"}],"author":[{"embeddable":true,"href":"https:\/\/henofa.com\/es\/wp-json\/wp\/v2\/users\/2"}],"replies":[{"embeddable":true,"href":"https:\/\/henofa.com\/es\/wp-json\/wp\/v2\/comments?post=6399"}],"version-history":[{"count":1,"href":"https:\/\/henofa.com\/es\/wp-json\/wp\/v2\/pages\/6399\/revisions"}],"predecessor-version":[{"id":7163,"href":"https:\/\/henofa.com\/es\/wp-json\/wp\/v2\/pages\/6399\/revisions\/7163"}],"wp:attachment":[{"href":"https:\/\/henofa.com\/es\/wp-json\/wp\/v2\/media?parent=6399"}],"curies":[{"name":"wp","href":"https:\/\/api.w.org\/{rel}","templated":true}]}}