{"id":6373,"date":"2019-02-07T20:14:06","date_gmt":"2019-02-07T19:14:06","guid":{"rendered":"http:\/\/henofa.com\/productos\/"},"modified":"2020-09-23T11:52:32","modified_gmt":"2020-09-23T09:52:32","slug":"productos","status":"publish","type":"page","link":"https:\/\/henofa.com\/es\/productos\/","title":{"rendered":"Productos"},"content":{"rendered":"<section class=\"wpb-content-wrapper\">[vc_row full_width=\u00bbstretch_row\u00bb content_placement=\u00bbmiddle\u00bb remove_bottom_col_margin=\u00bbtrue\u00bb bg_style=\u00bbstretch\u00bb css=\u00bb.vc_custom_1580467242423{background-image: url(http:\/\/henofa.com\/wp-content\/uploads\/2020\/01\/Producten-1-1920-1080-1.jpg?id=6196) !important;}\u00bb wpex_bg_position=\u00bbcenter center\u00bb min_height=\u00bb175px\u00bb][vc_column]<h1 class=\"vcex-module vcex-heading vcex-heading-plain\" style=\"color:#ffffff;font-size:36px;letter-spacing:1px;font-weight:600;text-align:center;text-transform:uppercase;\"><span class=\"vcex-heading-inner clr\">Productos<\/span><\/h1>[\/vc_column][\/vc_row][vc_row column_spacing=\u00bb40&#8243; remove_bottom_col_margin=\u00bbtrue\u00bb bg_style=\u00bbstretch\u00bb css=\u00bb.vc_custom_1580465753059{padding-top: 60px !important;}\u00bb][vc_column][vc_column_text]Henofa suministra una amplia gama de fieltros y telas no tejidas en un rango de peso de 0 a 2000 g\/m\u00b2. Como materia prima se utilizan fibras sint\u00e9ticas como el poli\u00e9ster y el polipropileno. Aunque, tambi\u00e9n fibras recicladas o fibras naturales como el yute, el coco o la lana tambi\u00e9n pueden utilizarse como material de base. La ventaja de estas fibras naturales es que a la vez son biodegradables.<\/p>\n<p>Gracias a esta amplia gama somos capaces de crear numerosos productos para diferentes segmentos de mercado. Los a\u00f1os de experiencia y pericia nos han servido para crecer en algunos de los segmentos del mercado hasta convertirnos en un proveedor especializado de diversos productos que se venden bajo nuestra propia marca. El sector hort\u00edcula y de la construcci\u00f3n son un buen ejemplo de esto.<\/p>\n<p>A continuaci\u00f3n encontrar\u00e1 un listado de los segmentos de mercado m\u00e1s importantes y sus productos operados por Henofa.[\/vc_column_text][\/vc_column][\/vc_row][vc_row column_spacing=\u00bb0px\u00bb equal_height=\u00bbyes\u00bb remove_bottom_col_margin=\u00bbtrue\u00bb bg_style=\u00bbstretch\u00bb css=\u00bb.vc_custom_1581693441595{padding-top: 60px !important;}\u00bb local_scroll_id=\u00bbagricultura\u00bb][vc_column css_animation=\u00bbfadeIn\u00bb width=\u00bb1\/2&#8243; css=\u00bb.vc_custom_1580727575086{background-image: url(http:\/\/henofa.com\/wp-content\/uploads\/2020\/01\/Producten-2-1920-1080.jpg?id=6113) !important;background-position: center !important;background-repeat: no-repeat !important;background-size: cover !important;}\u00bb min_height=\u00bb250px\u00bb][\/vc_column][vc_column width=\u00bb1\/2&#8243; css=\u00bb.vc_custom_1580483917075{padding-top: 30px !important;padding-right: 15px !important;padding-bottom: 30px !important;padding-left: 30px !important;background-color: #f5f5f5 !important;}\u00bb]<h2 class=\"vcex-module vcex-heading vcex-heading-plain\"><span class=\"vcex-heading-inner clr\">AGRICULTURA Y HORTICULTURA<\/span><\/h2>[vc_column_text]Para el sector agr\u00edcola suministramos una gran variedad de productos para varias aplicaciones en todo el mundo. Piense en los sistemas de cultivo en macetas y el cultivo de hortalizas. Adicionalmente podemos mencionar tambi\u00e9n varios productos desarrollados internamente como los que son para el control de malezas, geotextiles biodegradables, la higiene y el aislamiento.[\/vc_column_text]<div class=\"vcex-spacing\" style=\"height:30px\"><\/div><a href=\"https:\/\/capillarymatting.com\" class=\"vcex-button theme-button inline animate-on-hover\" target=\"_blank\"><span class=\"theme-button-inner\">Ir a productos hort\u00edcolas<\/span><\/a> [\/vc_column][\/vc_row][vc_row column_spacing=\u00bb0px\u00bb equal_height=\u00bbyes\u00bb remove_bottom_col_margin=\u00bbtrue\u00bb columns_right=\u00bbyes\u00bb bg_style=\u00bbstretch\u00bb css=\u00bb.vc_custom_1581693487524{padding-top: 60px !important;}\u00bb local_scroll_id=\u00bbconstruccion\u00bb][vc_column css_animation=\u00bbfadeIn\u00bb width=\u00bb1\/2&#8243; css=\u00bb.vc_custom_1580727587516{background-image: url(http:\/\/henofa.com\/wp-content\/uploads\/2020\/01\/Producten-3-1920.jpg?id=6114) !important;background-position: center !important;background-repeat: no-repeat !important;background-size: cover !important;}\u00bb min_height=\u00bb250px\u00bb][\/vc_column][vc_column width=\u00bb1\/2&#8243; css=\u00bb.vc_custom_1580483909380{padding-top: 30px !important;padding-right: 15px !important;padding-bottom: 30px !important;padding-left: 30px !important;background-color: #f5f5f5 !important;}\u00bb]<h2 class=\"vcex-module vcex-heading vcex-heading-plain\"><span class=\"vcex-heading-inner clr\">CONSTRUCCI\u00d3N<\/span><\/h2>[vc_column_text]Para el sector de la construcci\u00f3n suministramos varios productos para la obra gruesa y hormig\u00f3n, construcci\u00f3n de interiores y techos y paredes verdes. Nuestros productos se venden tanto bajo nuestra propia marca como bajo una marca privada.[\/vc_column_text]<div class=\"vcex-spacing\" style=\"height:30px\"><\/div><a href=\"https:\/\/bouwvilten.nl\/\" class=\"vcex-button theme-button inline animate-on-hover\" target=\"_blank\"><span class=\"theme-button-inner\">Ir a productos de construcci\u00f3n<\/span><\/a> [\/vc_column][\/vc_row][vc_row column_spacing=\u00bb0px\u00bb equal_height=\u00bbyes\u00bb remove_bottom_col_margin=\u00bbtrue\u00bb bg_style=\u00bbstretch\u00bb css=\u00bb.vc_custom_1581693493114{padding-top: 60px !important;}\u00bb local_scroll_id=\u00bbindustria\u00bb][vc_column css_animation=\u00bbfadeIn\u00bb width=\u00bb1\/2&#8243; css=\u00bb.vc_custom_1580727592489{background-image: url(http:\/\/henofa.com\/wp-content\/uploads\/2020\/01\/Producteen-4.jpg?id=6111) !important;background-position: center !important;background-repeat: no-repeat !important;background-size: cover !important;}\u00bb min_height=\u00bb250px\u00bb][\/vc_column][vc_column width=\u00bb1\/2&#8243; css=\u00bb.vc_custom_1580483900717{padding-top: 30px !important;padding-right: 15px !important;padding-bottom: 30px !important;padding-left: 30px !important;background-color: #f5f5f5 !important;}\u00bb]<h2 class=\"vcex-module vcex-heading vcex-heading-plain\"><span class=\"vcex-heading-inner clr\">INDUSTR\u00cdA<\/span><\/h2>[vc_column_text]Para la industria suministramos varios fieltros t\u00e9cnicos, incluyendo fieltros de lana t\u00e9cnica. Los productos se fabrican a medida o en una forma espec\u00edfica.[\/vc_column_text]<div class=\"vcex-spacing\" style=\"height:30px\"><\/div><a href=\"https:\/\/bouwvilten.nl\" class=\"vcex-button theme-button inline animate-on-hover\"><span class=\"theme-button-inner\">Ir a productos industriales<\/span><\/a> [\/vc_column][\/vc_row][vc_row column_spacing=\u00bb0px\u00bb equal_height=\u00bbyes\u00bb remove_bottom_col_margin=\u00bbtrue\u00bb columns_right=\u00bbyes\u00bb bg_style=\u00bbstretch\u00bb css=\u00bb.vc_custom_1581694287043{padding-top: 60px !important;}\u00bb local_scroll_id=\u00bbdiseno\u00bb][vc_column css_animation=\u00bbfadeIn\u00bb width=\u00bb1\/2&#8243; css=\u00bb.vc_custom_1580727597854{background-image: url(http:\/\/henofa.com\/wp-content\/uploads\/2020\/01\/producten-5.jpg?id=6115) !important;background-position: center !important;background-repeat: no-repeat !important;background-size: cover !important;}\u00bb min_height=\u00bb250px\u00bb][\/vc_column][vc_column width=\u00bb1\/2&#8243; css=\u00bb.vc_custom_1580483892934{padding-top: 30px !important;padding-right: 15px !important;padding-bottom: 30px !important;padding-left: 30px !important;background-color: #f5f5f5 !important;}\u00bb]<h2 class=\"vcex-module vcex-heading vcex-heading-plain\"><span class=\"vcex-heading-inner clr\">DISE\u00d1O Y DECORACI\u00d3N<\/span><\/h2>[vc_column_text]Para el sector del dise\u00f1o y la decoraci\u00f3n, suministramos materiales de alta calidad que pueden ser convertidos en hermosos productos con un aspecto lujoso y natural. Tambi\u00e9n en este campo existen muchas posibilidades y estaremos encantados de ayudar con la realizaci\u00f3n final de un producto \u00fanico.[\/vc_column_text]<div class=\"vcex-spacing\" style=\"height:30px\"><\/div><a href=\"https:\/\/bouwvilten.nl\/interieur-bouw\" class=\"vcex-button theme-button inline animate-on-hover\"><span class=\"theme-button-inner\">Ir a productos de dise\u00f1o<\/span><\/a> [\/vc_column][\/vc_row][vc_row content_placement=\u00bbmiddle\u00bb gap=\u00bb20&#8243; css=\u00bb.vc_custom_1580484234777{margin-top: 40px !important;padding-top: 40px !important;padding-bottom: 30px !important;}\u00bb][vc_column width=\u00bb1\/2&#8243; css=\u00bb.vc_custom_1580483955205{border-top-width: 1px !important;border-right-width: 1px !important;border-bottom-width: 1px !important;border-left-width: 1px !important;padding-top: 20px !important;padding-right: 20px !important;padding-bottom: 30px !important;padding-left: 20px !important;background-color: #00523c !important;border-left-color: #ededed !important;border-right-color: #ededed !important;border-top-color: #ededed !important;border-bottom-color: #ededed !important;}\u00bb]<div class=\"vcex-module vcex-icon-box clr vcex-icon-box-two vcex-icon-box-wo-icon  equal-height-content\"><h2 class=\"vcex-icon-box-heading\" style=\"color:#ffffff;text-transform:uppercase;\">\u00bfSolicitar un presupuesto ya?<\/h2><div class=\"vcex-icon-box-content clr\" style=\"color:#f2f2f2;\"><p>\u00bfEst\u00e1 buscando una soluci\u00f3n para mejorar el precio y las condiciones para su producto existente? \u00a1Contacte ya con nuestro Departamento de Ventas y solicite un presupuesto a medida!<\/p>\n<\/div><\/div><div class=\"vc_custom_1581693698909 wpex-clr\"><div class=\"textcenter theme-button-wrap clr\"><a href=\"mailto:info@henofa.com\" class=\"vcex-button theme-button align-center inline animate-on-hover\"><span class=\"theme-button-inner\">Env\u00edenos un correo<\/span><\/a><\/div><\/div> [\/vc_column][vc_column width=\u00bb1\/2&#8243; css=\u00bb.vc_custom_1580484019511{border-top-width: 1px !important;border-right-width: 1px !important;border-bottom-width: 1px !important;padding-top: 20px !important;padding-right: 20px !important;padding-bottom: 30px !important;padding-left: 20px !important;background-color: #00523c !important;border-right-color: #ededed !important;border-top-color: #ededed !important;border-bottom-color: #ededed !important;}\u00bb]<div class=\"vcex-module vcex-icon-box clr vcex-icon-box-two vcex-icon-box-wo-icon  equal-height-content\"><h2 class=\"vcex-icon-box-heading\" style=\"color:#ffffff;text-transform:uppercase;\">\u00bfIntercambiar ideas con un EXPERTO?<\/h2><div class=\"vcex-icon-box-content clr\" style=\"color:#f2f2f2;\"><p>\u00bfSu producto no est\u00e1 en la lista, est\u00e1 buscando un producto nuevo o tiene una pregunta t\u00e9cnica? P\u00f3ngase directamente en contacto con nuestro Departamento de Desarrollo de Producto.<\/p>\n<\/div><\/div><div class=\"vc_custom_1582193466727 wpex-clr\"><div class=\"textcenter theme-button-wrap clr\"><a href=\"http:\/\/henofa.com\/es\/contacto\/\" class=\"vcex-button theme-button align-center inline animate-on-hover\"><span class=\"theme-button-inner\">Contactar con nosotros<\/span><\/a><\/div><\/div> [\/vc_column][\/vc_row]\n<\/section>","protected":false},"excerpt":{"rendered":"<p>[vc_row full_width=\u00bbstretch_row\u00bb content_placement=\u00bbmiddle\u00bb remove_bottom_col_margin=\u00bbtrue\u00bb bg_style=\u00bbstretch\u00bb css=\u00bb.vc_custom_1580467242423{background-image: url(http:\/\/henofa.com\/wp-content\/uploads\/2020\/01\/Producten-1-1920-1080-1.jpg?id=6196) !important;}\u00bb wpex_bg_position=\u00bbcenter center\u00bb min_height=\u00bb175px\u00bb][vc_column][\/vc_column][\/vc_row][vc_row column_spacing=\u00bb40&#8243; remove_bottom_col_margin=\u00bbtrue\u00bb bg_style=\u00bbstretch\u00bb css=\u00bb.vc_custom_1580465753059{padding-top: 60px !important;}\u00bb][vc_column][vc_column_text]Henofa suministra una amplia gama de fieltros y telas no tejidas en un rango de peso de 0 a 2000 g\/m\u00b2. Como materia prima&hellip;<\/p>\n","protected":false},"author":4,"featured_media":0,"parent":0,"menu_order":0,"comment_status":"closed","ping_status":"closed","template":"templates\/no-sidebar.php","meta":{"footnotes":""},"class_list":["post-6373","page","type-page","status-publish","hentry","entry","no-media"],"yoast_head":"<!-- This site is optimized with the Yoast SEO plugin v26.8 - https:\/\/yoast.com\/product\/yoast-seo-wordpress\/ -->\n<title>Productos - Henofa<\/title>\n<meta name=\"robots\" content=\"index, follow, max-snippet:-1, max-image-preview:large, max-video-preview:-1\" \/>\n<link rel=\"canonical\" href=\"https:\/\/henofa.com\/es\/productos\/\" \/>\n<meta property=\"og:locale\" content=\"es_ES\" \/>\n<meta property=\"og:type\" content=\"article\" \/>\n<meta property=\"og:title\" content=\"Productos - Henofa\" \/>\n<meta property=\"og:description\" content=\"[vc_row full_width=\u00bbstretch_row\u00bb content_placement=\u00bbmiddle\u00bb remove_bottom_col_margin=\u00bbtrue\u00bb bg_style=\u00bbstretch\u00bb css=\u00bb.vc_custom_1580467242423{background-image: url(http:\/\/henofa.com\/wp-content\/uploads\/2020\/01\/Producten-1-1920-1080-1.jpg?id=6196) !important;}\u00bb wpex_bg_position=\u00bbcenter center\u00bb min_height=\u00bb175px\u00bb][vc_column][\/vc_column][\/vc_row][vc_row column_spacing=\u00bb40&#8243; remove_bottom_col_margin=\u00bbtrue\u00bb bg_style=\u00bbstretch\u00bb css=\u00bb.vc_custom_1580465753059{padding-top: 60px !important;}\u00bb][vc_column][vc_column_text]Henofa suministra una amplia gama de fieltros y telas no tejidas en un rango de peso de 0 a 2000 g\/m\u00b2. Como materia prima&hellip;\" \/>\n<meta property=\"og:url\" content=\"https:\/\/henofa.com\/es\/productos\/\" \/>\n<meta property=\"og:site_name\" content=\"Henofa\" \/>\n<meta property=\"article:publisher\" content=\"https:\/\/www.facebook.com\/Henofa-BV-155961491204450\/\" \/>\n<meta property=\"article:modified_time\" content=\"2020-09-23T09:52:32+00:00\" \/>\n<meta name=\"twitter:card\" content=\"summary_large_image\" \/>\n<meta name=\"twitter:site\" content=\"@HenofaBV\" \/>\n<meta name=\"twitter:label1\" content=\"Tiempo de lectura\" \/>\n\t<meta name=\"twitter:data1\" content=\"6 minutos\" \/>\n<script type=\"application\/ld+json\" class=\"yoast-schema-graph\">{\"@context\":\"https:\/\/schema.org\",\"@graph\":[{\"@type\":\"WebPage\",\"@id\":\"https:\/\/henofa.com\/es\/productos\/\",\"url\":\"https:\/\/henofa.com\/es\/productos\/\",\"name\":\"Productos - Henofa\",\"isPartOf\":{\"@id\":\"https:\/\/henofa.com\/#website\"},\"datePublished\":\"2019-02-07T19:14:06+00:00\",\"dateModified\":\"2020-09-23T09:52:32+00:00\",\"breadcrumb\":{\"@id\":\"https:\/\/henofa.com\/es\/productos\/#breadcrumb\"},\"inLanguage\":\"es\",\"potentialAction\":[{\"@type\":\"ReadAction\",\"target\":[\"https:\/\/henofa.com\/es\/productos\/\"]}]},{\"@type\":\"BreadcrumbList\",\"@id\":\"https:\/\/henofa.com\/es\/productos\/#breadcrumb\",\"itemListElement\":[{\"@type\":\"ListItem\",\"position\":1,\"name\":\"Home\",\"item\":\"https:\/\/henofa.com\/es\/\"},{\"@type\":\"ListItem\",\"position\":2,\"name\":\"Productos\"}]},{\"@type\":\"WebSite\",\"@id\":\"https:\/\/henofa.com\/#website\",\"url\":\"https:\/\/henofa.com\/\",\"name\":\"Henofa\",\"description\":\"Producent van Vilt &amp; Non-wovens\",\"publisher\":{\"@id\":\"https:\/\/henofa.com\/#organization\"},\"potentialAction\":[{\"@type\":\"SearchAction\",\"target\":{\"@type\":\"EntryPoint\",\"urlTemplate\":\"https:\/\/henofa.com\/?s={search_term_string}\"},\"query-input\":{\"@type\":\"PropertyValueSpecification\",\"valueRequired\":true,\"valueName\":\"search_term_string\"}}],\"inLanguage\":\"es\"},{\"@type\":\"Organization\",\"@id\":\"https:\/\/henofa.com\/#organization\",\"name\":\"Henofa BV\",\"url\":\"https:\/\/henofa.com\/\",\"logo\":{\"@type\":\"ImageObject\",\"inLanguage\":\"es\",\"@id\":\"https:\/\/henofa.com\/#\/schema\/logo\/image\/\",\"url\":\"http:\/\/henofa.com\/wp-content\/uploads\/2020\/01\/logonorm-footer.png\",\"contentUrl\":\"http:\/\/henofa.com\/wp-content\/uploads\/2020\/01\/logonorm-footer.png\",\"width\":150,\"height\":63,\"caption\":\"Henofa BV\"},\"image\":{\"@id\":\"https:\/\/henofa.com\/#\/schema\/logo\/image\/\"},\"sameAs\":[\"https:\/\/www.facebook.com\/Henofa-BV-155961491204450\/\",\"https:\/\/x.com\/HenofaBV\",\"https:\/\/www.instagram.com\/henofa_bv\/\",\"https:\/\/www.linkedin.com\/company\/henofa-b.v.\/\",\"https:\/\/www.youtube.com\/channel\/UCZAioYN47C9Epg5AloQtflQ\/featured\"]}]}<\/script>\n<!-- \/ Yoast SEO plugin. -->","yoast_head_json":{"title":"Productos - Henofa","robots":{"index":"index","follow":"follow","max-snippet":"max-snippet:-1","max-image-preview":"max-image-preview:large","max-video-preview":"max-video-preview:-1"},"canonical":"https:\/\/henofa.com\/es\/productos\/","og_locale":"es_ES","og_type":"article","og_title":"Productos - Henofa","og_description":"[vc_row full_width=\u00bbstretch_row\u00bb content_placement=\u00bbmiddle\u00bb remove_bottom_col_margin=\u00bbtrue\u00bb bg_style=\u00bbstretch\u00bb css=\u00bb.vc_custom_1580467242423{background-image: url(http:\/\/henofa.com\/wp-content\/uploads\/2020\/01\/Producten-1-1920-1080-1.jpg?id=6196) !important;}\u00bb wpex_bg_position=\u00bbcenter center\u00bb min_height=\u00bb175px\u00bb][vc_column][\/vc_column][\/vc_row][vc_row column_spacing=\u00bb40&#8243; remove_bottom_col_margin=\u00bbtrue\u00bb bg_style=\u00bbstretch\u00bb css=\u00bb.vc_custom_1580465753059{padding-top: 60px !important;}\u00bb][vc_column][vc_column_text]Henofa suministra una amplia gama de fieltros y telas no tejidas en un rango de peso de 0 a 2000 g\/m\u00b2. Como materia prima&hellip;","og_url":"https:\/\/henofa.com\/es\/productos\/","og_site_name":"Henofa","article_publisher":"https:\/\/www.facebook.com\/Henofa-BV-155961491204450\/","article_modified_time":"2020-09-23T09:52:32+00:00","twitter_card":"summary_large_image","twitter_site":"@HenofaBV","twitter_misc":{"Tiempo de lectura":"6 minutos"},"schema":{"@context":"https:\/\/schema.org","@graph":[{"@type":"WebPage","@id":"https:\/\/henofa.com\/es\/productos\/","url":"https:\/\/henofa.com\/es\/productos\/","name":"Productos - Henofa","isPartOf":{"@id":"https:\/\/henofa.com\/#website"},"datePublished":"2019-02-07T19:14:06+00:00","dateModified":"2020-09-23T09:52:32+00:00","breadcrumb":{"@id":"https:\/\/henofa.com\/es\/productos\/#breadcrumb"},"inLanguage":"es","potentialAction":[{"@type":"ReadAction","target":["https:\/\/henofa.com\/es\/productos\/"]}]},{"@type":"BreadcrumbList","@id":"https:\/\/henofa.com\/es\/productos\/#breadcrumb","itemListElement":[{"@type":"ListItem","position":1,"name":"Home","item":"https:\/\/henofa.com\/es\/"},{"@type":"ListItem","position":2,"name":"Productos"}]},{"@type":"WebSite","@id":"https:\/\/henofa.com\/#website","url":"https:\/\/henofa.com\/","name":"Henofa","description":"Producent van Vilt &amp; Non-wovens","publisher":{"@id":"https:\/\/henofa.com\/#organization"},"potentialAction":[{"@type":"SearchAction","target":{"@type":"EntryPoint","urlTemplate":"https:\/\/henofa.com\/?s={search_term_string}"},"query-input":{"@type":"PropertyValueSpecification","valueRequired":true,"valueName":"search_term_string"}}],"inLanguage":"es"},{"@type":"Organization","@id":"https:\/\/henofa.com\/#organization","name":"Henofa BV","url":"https:\/\/henofa.com\/","logo":{"@type":"ImageObject","inLanguage":"es","@id":"https:\/\/henofa.com\/#\/schema\/logo\/image\/","url":"http:\/\/henofa.com\/wp-content\/uploads\/2020\/01\/logonorm-footer.png","contentUrl":"http:\/\/henofa.com\/wp-content\/uploads\/2020\/01\/logonorm-footer.png","width":150,"height":63,"caption":"Henofa BV"},"image":{"@id":"https:\/\/henofa.com\/#\/schema\/logo\/image\/"},"sameAs":["https:\/\/www.facebook.com\/Henofa-BV-155961491204450\/","https:\/\/x.com\/HenofaBV","https:\/\/www.instagram.com\/henofa_bv\/","https:\/\/www.linkedin.com\/company\/henofa-b.v.\/","https:\/\/www.youtube.com\/channel\/UCZAioYN47C9Epg5AloQtflQ\/featured"]}]}},"_links":{"self":[{"href":"https:\/\/henofa.com\/es\/wp-json\/wp\/v2\/pages\/6373","targetHints":{"allow":["GET"]}}],"collection":[{"href":"https:\/\/henofa.com\/es\/wp-json\/wp\/v2\/pages"}],"about":[{"href":"https:\/\/henofa.com\/es\/wp-json\/wp\/v2\/types\/page"}],"author":[{"embeddable":true,"href":"https:\/\/henofa.com\/es\/wp-json\/wp\/v2\/users\/4"}],"replies":[{"embeddable":true,"href":"https:\/\/henofa.com\/es\/wp-json\/wp\/v2\/comments?post=6373"}],"version-history":[{"count":2,"href":"https:\/\/henofa.com\/es\/wp-json\/wp\/v2\/pages\/6373\/revisions"}],"predecessor-version":[{"id":7158,"href":"https:\/\/henofa.com\/es\/wp-json\/wp\/v2\/pages\/6373\/revisions\/7158"}],"wp:attachment":[{"href":"https:\/\/henofa.com\/es\/wp-json\/wp\/v2\/media?parent=6373"}],"curies":[{"name":"wp","href":"https:\/\/api.w.org\/{rel}","templated":true}]}}