{"id":6720,"date":"2020-02-03T11:11:39","date_gmt":"2020-02-03T10:11:39","guid":{"rendered":"http:\/\/henofa.com\/leveringsvoorwaarden\/"},"modified":"2020-02-14T15:32:04","modified_gmt":"2020-02-14T14:32:04","slug":"lieferbedingungen","status":"publish","type":"page","link":"https:\/\/henofa.com\/de\/lieferbedingungen\/","title":{"rendered":"Lieferbedingungen"},"content":{"rendered":"<section class=\"wpb-content-wrapper\">[vc_row][vc_column][vc_column_text]<strong>Artikel 1 &#8211; Allgemein\u2028<\/strong><\/p>\n<p>F\u00fcr alle Angebote und Vertr\u00e4ge, die von uns erstellt bzw. mit Dritten (im Folgenden als Auftraggeber bezeichnet) geschlossen werden, gelten ausschlie\u00dflich diese Gesch\u00e4ftsbedingungen.<\/p>\n<p><strong>Artikel 2\u00a0&#8211; Angebote\u2028<\/strong><\/p>\n<p>Alle unsere Kostenvoranschl\u00e4ge sind freibleibend, es sei denn, sie enthalten eine Frist f\u00fcr die Annahme. Sofern ein Kostenvoranschlag ein freibleibendes Angebot enth\u00e4lt und dies angenommen wird, sind wir berechtigt, dieses Angebot innerhalb von 5 Arbeitstagen nach dem Tag des Eingangs zu widerrufen.<\/p>\n<p><strong>Artikel 3 &#8211; Lieferung\u2028<\/strong><\/p>\n<p>Sofern nicht ausdr\u00fccklich anders angegeben, gelten von uns genannte Lieferzeiten niemals als Fixtermin. Daher m\u00fcssen wir im Falle einer nicht rechtzeitigen Lieferung schriftlich vom Auftraggeber in Verzug gesetzt und muss uns eine angemessene Frist zur nachtr\u00e4glichen Lieferung einger\u00e4umt werden. Die Kosten f\u00fcr den Transport vom Auftraggeber zu uns und von uns zum Auftraggeber gehen zu Lasten des Auftraggebers, sofern nicht im Vertrag etwas anderes festgelegt ist.<\/p>\n<p><strong>Artikel 4 &#8211; Eigentumsvorbehalt\u2028<\/strong><\/p>\n<p>Die \u00dcbertragung der Waren erfolgt unter der aufschiebenden Bedingung der Begleichung der vollst\u00e4ndigen vereinbarten Kaufsumme (oder einer anderen vereinbarten Gegenleistung), wozu auch die Erf\u00fcllung dessen geh\u00f6rt, was der Auftraggeber aufgrund der Nichterf\u00fcllung seiner Zahlungsverpflichtungen (oder anderer vereinbarter Verpflichtungen) schuldet. Im Falle der nicht (fristgerechten) Erf\u00fcllung seiner Zahlungsverpflichtungen gem\u00e4\u00df Artikel 7 dieser Gesch\u00e4ftsbedingungen durch den Auftraggeber, bleiben die Waren unser Eigentum und sind wir berechtigt, die gelieferten Waren zur\u00fcck zu nehmen. Dies gilt unbeschadet unserer Vereinbarungen zum Schadenersatz mit dem Auftraggeber aufgrund einer Nichterf\u00fcllung des Vertrages, die ihm zuzurechnen ist.<\/p>\n<p><strong>Artikel 5 &#8211; Haftung\u2028<\/strong><\/p>\n<p>a. Sch\u00e4den an der gelieferten Sache, welche die Folge einer uns zuzurechnenden Handlung und\/oder Unterlassung ist, kommen f\u00fcr eine Erstattung durch uns in Betracht. In jedem Fall uns nicht zurechenbar sind Sch\u00e4den, die der Auftraggeber und\/oder Dritte infolge eines nicht zurechenbaren Leistungsmangels (h\u00f6here Gewalt) erlitten haben, dazu geh\u00f6ren:<br \/>\n1. die fehlende, nicht ordnungsgem\u00e4\u00dfe oder nicht fristgerechte Lieferung durch unsere Lieferanten<br \/>\n2. Krankheit des Personals<br \/>\n3. fehlende Hilfs- oder Transportmittel<br \/>\n4. Feuer<br \/>\n5. Arbeitsniederlegung<br \/>\n6. Verkehrsbehinderungen<br \/>\n7. staatliche Ma\u00dfnahmen<br \/>\n8. Krieg oder andere Unruhen.<br \/>\nSofern nicht grobe Fahrl\u00e4ssigkeit oder Vorsatz vorliegen, haften wir nur f\u00fcr Sch\u00e4den, die durch uns, durch Personen oder durch Hilfsmittel, derer wir uns bei der Erf\u00fcllung des Vertrages bedienen, verursacht wurden. Der Kunde kann im Zusammenhang mit von uns erteilten Empfehlungen, die wir nach bestem Wissen ge\u00e4u\u00dfert haben, keinerlei Anspruch auf Schadenersatz geltend machen.<br \/>\nb. Produkthaftung. \u2028Sofern wir (gem\u00e4\u00df Artikel 6:185 und 6:187 des (neuen) niederl\u00e4ndischen B\u00fcrgerlichen Gesetzbuches) als Produzent angesehen werden m\u00fcssen, haften wir nur f\u00fcr durch einen Mangel im Produkt verursachten Schaden: a.) durch Tod oder K\u00f6rperverletzungen oder b.) verursacht von einem Produkt an einer anderen Sache, die \u00fcblicherweise f\u00fcr die Nutzung oder den Verbrauch in der Privatsph\u00e4re bestimmt ist und vom Gesch\u00e4digten auch haupts\u00e4chlich in der Privatsph\u00e4re genutzt oder verbraucht wurde. In diesem Fall muss der Schaden mindestens 750,00 \u20ac betragen, um f\u00fcr eine Erstattung durch uns in Betracht zu kommen.<br \/>\nWir haften nicht f\u00fcr Sch\u00e4den, die durch einen Mangel in unserem Produkt verursacht wurde, sofern:<br \/>\nA. wir das Produkt nicht in den Verkehr gebracht haben<br \/>\nB. es angesichts der Umst\u00e4nde plausibel ist, dass der Mangel, der den Schaden verursacht hat, zum Zeitpunkt, als wir das Produkt in den Verkehr gebracht haben, noch nicht vorhanden war bzw. dass der Mangel sp\u00e4ter entstanden ist<br \/>\nC. das Produkt weder f\u00fcr den Verkauf oder f\u00fcr eine andere Form der Verbreitung mit einem wirtschaftlichen Ziel von uns hergestellt wurde, noch im Zusammenhang mit der Aus\u00fcbung unseres Berufs oder Gewerbes von uns hergestellt oder verbreitet wurde<br \/>\nD. der Mangel eine Folge der Tatsache ist, dass das Produkt in \u00dcbereinstimmung mit zwingenden staatlichen Vorschriften hergestellt wurde<br \/>\nE. es aufgrund des Stands des wissenschaftlichen und technischen Wissens zu dem Zeitpunkt, zu dem wir das Produkt in den Verkehr gebracht haben unm\u00f6glich war, die Existenz des Mangels zu entdecken<br \/>\nF. der Mangel auf das Design des Produkts, das aus dem von uns hergestellten Rohstoff oder der Komponente besteht, zur\u00fcckzuf\u00fchren ist, bzw. auf die Anweisungen, die der Hersteller des Produkts zur Verf\u00fcgung gestellt hat.<br \/>\nUnsere Haftung wird unter Ber\u00fccksichtigung aller Umst\u00e4nde reduziert oder aufgehoben, sofern der Schaden sowohl durch einen Fehler im Produkt als auch durch das Verschulden des Gesch\u00e4digten oder einer Person, f\u00fcr die der Gesch\u00e4digte haftet, verursacht wurde.<br \/>\nc. Wir haften nicht f\u00fcr jegliche andere als die oben genannten, vom Auftraggeber und\/oder von Dritten erlittene Sch\u00e4den, auch nicht f\u00fcr Folgesch\u00e4den unabh\u00e4ngig von ihrer Bezeichnung und Art, es sei denn, es liegen Vorsatz oder grobe Fahrl\u00e4ssigkeit unsererseits vor.<br \/>\nWir haften in keinem Fall \u00fcber den Rechnungswert der gelieferten Waren, durch die der K\u00e4ufer einen Schaden erlitten hat, hinaus. Der Auftraggeber stellt uns von allen Haftungsanspr\u00fcchen Dritter auf der Grundlage einer Haftung unabh\u00e4ngig vom Grund frei.<\/p>\n<p><strong>Artikel 6 \u2013 Reklamationen<\/strong><\/p>\n<ul>\n<li>Reklamationen \u00fcber von uns gelieferten Waren m\u00fcssen uns sp\u00e4testens innerhalb von f\u00fcnf Arbeitstagen nach unserer Lieferung, jedoch immer unverz\u00fcglich nach Feststellung der vermeintlichen M\u00e4ngel mitgeteilt werden.<\/li>\n<li>Reklamationen, die nach der im ersten Satz genannten Frist eingereicht werden und Reklamationen in Bezug auf Waren, die der Auftraggeber verwendet, bearbeitet oder ver\u00e4ndert hat, werden nicht bearbeitet.<\/li>\n<li>Wird die Reklamation als begr\u00fcndet bewertet, dann besteht die Entsch\u00e4digung nach unserem Ermessen entweder in der kostenlosen Ersatzlieferung der Ware oder in der Erstattung des Rechnungsbetrages der Ware.<\/li>\n<li>Die hier formulierten Bestimmungen zu Reklamationen ber\u00fchren nicht die Bestimmungen in Artikel 5 zu unserer Haftung.<\/li>\n<\/ul>\n<p><strong>Artikel 7 -Bezahlung<\/strong><\/p>\n<p>Die Bezahlung hat innerhalb von 30 Tagen nach Rechnungsdatum zu erfolgen. Im Falle der ausbleibenden oder nicht vollst\u00e4ndigen Bezahlung innerhalb dieser Frist befindet sich der Auftraggeber von Rechts wegen im Verzug.<br \/>\nIst die Bezahlung nicht innerhalb der Frist (in voller H\u00f6he) bei uns eingegangen, dann hat der Auftraggeber auch ohne Inverzugsetzung:<br \/>\n1. ab dem F\u00e4lligkeitsdatum der Rechnung Zinsen in H\u00f6he von 3 % pro Monat \u00fcber den noch ausstehenden Rechnungsbetrag zu zahlen<br \/>\n2. uns alle im Zuge der Beitreibung von uns verursachten Kosten, sowohl gerichtliche als auch au\u00dfergerichtliche, zu erstatten. Die au\u00dfergerichtlichen Kosten werden gem\u00e4\u00df dem Kalkulationsschema f\u00fcr Rechtsanwaltshonorare berechnet<br \/>\n3. f\u00fcr \u00fcberf\u00e4llige Zinsen nach Ablauf eines Jahres, in dem diese Zinsen vom Auftraggeber geschuldet werden, ebenfalls Zinsen in H\u00f6he von 3 % zu zahlen.<br \/>\n4. Jede Bezahlung durch den Auftraggeber dient in erster Linie zur Deckung der Kosten und danach der Zinsen, anschlie\u00dfend der f\u00e4lligen Rechnungen, die am l\u00e4ngsten offen sind, auch wenn der Auftraggeber angibt, dass sich die Zahlung auf eine andere Rechnung bezieht.<br \/>\n5. Die Bezahlung muss bar an unsere Anschrift bzw. per \u00dcberweisung auf ein von uns benanntes Bank- oder Girokonto erfolgen.<br \/>\n6. Es ist dem Auftraggeber ohne unsere ausdr\u00fcckliche schriftliche Zustimmung nicht gestattet, seine Zahlungsverpflichtung uns gegen\u00fcber auf jegliche Weise zu verrechnen bzw. auszusetzen.<br \/>\n7. Wir sind jederzeit auch nach dem Abschluss eines Vertrages berechtigt, (weitere) Sicherheiten im Hinblick auf eine ordnungsgem\u00e4\u00dfe Erf\u00fcllung der Verpflichtungen des Auftraggebers zu verlangen. Werden diese Sicherheiten nicht gestellt, dann haben wir das Recht, den\/die mit dem Auftraggeber geschlossenen Vertrag\/Vertr\u00e4ge als aufgel\u00f6st zu betrachten, ohne zum Schadenersatz verpflichtet zu sein bzw., nach unserem Ermessen, dessen\/deren Erf\u00fcllung auszusetzen, bis die Sicherheiten gestellt wurden.<\/p>\n<p><strong>Artikel 8 \u2013 Risiko<\/strong><\/p>\n<ul>\n<li>Das Risiko f\u00fcr die Waren geht zum Zeitpunkt der Lieferung der Waren durch uns auf den Auftraggeber \u00fcber. Das Risiko liegt beim Auftraggeber, sofern die Waren bereitgestellt wurden und\/oder bei uns gelagert werden, es sei denn, die nicht erfolgte Lieferung ist uns zuzurechnen.<\/li>\n<li>Sofern sich bei der Lieferung der Waren herausstellt, dass diese besch\u00e4digt sind, ist der Auftraggeber verpflichtet, vom Transporteur vor der Annahme ein Schadensprotokoll erstellen zu lassen. Wird dies nicht gemacht, k\u00f6nnen wir keinerlei Haftung akzeptieren.<\/li>\n<\/ul>\n<p><strong>Artikel 9 \u2013 Anwendbares Recht<\/strong><\/p>\n<p>Unter Ber\u00fccksichtigung der Bestimmungen in diesen Allgemeinen Gesch\u00e4ftsbedingungen und unbeschadet dieser Bestimmungen, gilt f\u00fcr alle unsere Vertr\u00e4ge ausschlie\u00dflich das niederl\u00e4ndische Recht, das im K\u00f6nigreich innerhalb Europas anwendbar ist.<\/p>\n<p><strong>Artikel 10 \u2013 Beilegung von Rechtsstreitigkeiten\u2028<\/strong><\/p>\n<p>Alle Rechtsstreitigkeiten, die aufgrund oder anl\u00e4sslich eines Vertrages im Sinne dieser Gesch\u00e4ftsbedingungen entstehen sollten sowie aufgrund oder anl\u00e4sslich von Vertr\u00e4gen, die aus derartigen Vertr\u00e4gen folgen, werden bei dem in Almelo zust\u00e4ndigen Gericht anh\u00e4ngig gemacht. Dies gilt nicht, wenn wir es vorziehen, den Rechtsstreit vor das f\u00fcr den Firmen- oder Wohnsitz des Auftraggebers zust\u00e4ndige Gericht zu bringen. Eine Abweichung von diesen Bestimmungen in diesen Gesch\u00e4ftsbedingungen ist nur m\u00f6glich, sofern wir dies schriftlich und ausdr\u00fccklich mit dem Auftraggeber vereinbaren.[\/vc_column_text][\/vc_column][\/vc_row]\n<\/section>","protected":false},"excerpt":{"rendered":"<p>[vc_row][vc_column][vc_column_text]Artikel 1 &#8211; Allgemein\u2028 F\u00fcr alle Angebote und Vertr\u00e4ge, die von uns erstellt bzw. mit Dritten (im Folgenden als Auftraggeber bezeichnet) geschlossen werden, gelten ausschlie\u00dflich diese Gesch\u00e4ftsbedingungen. Artikel 2\u00a0&#8211; Angebote\u2028 Alle unsere Kostenvoranschl\u00e4ge sind freibleibend, es sei denn, sie enthalten&hellip;<\/p>\n","protected":false},"author":5,"featured_media":0,"parent":0,"menu_order":0,"comment_status":"closed","ping_status":"closed","template":"templates\/no-sidebar.php","meta":{"footnotes":""},"class_list":["post-6720","page","type-page","status-publish","hentry","entry","no-media"],"yoast_head":"<!-- This site is optimized with the Yoast SEO plugin v26.8 - https:\/\/yoast.com\/product\/yoast-seo-wordpress\/ -->\n<title>Lieferbedingungen - Henofa<\/title>\n<meta name=\"robots\" content=\"index, follow, max-snippet:-1, max-image-preview:large, max-video-preview:-1\" \/>\n<link rel=\"canonical\" href=\"https:\/\/henofa.com\/de\/lieferbedingungen\/\" \/>\n<meta property=\"og:locale\" content=\"de_DE\" \/>\n<meta property=\"og:type\" content=\"article\" \/>\n<meta property=\"og:title\" content=\"Lieferbedingungen - Henofa\" \/>\n<meta property=\"og:description\" content=\"[vc_row][vc_column][vc_column_text]Artikel 1 &#8211; Allgemein\u2028 F\u00fcr alle Angebote und Vertr\u00e4ge, die von uns erstellt bzw. mit Dritten (im Folgenden als Auftraggeber bezeichnet) geschlossen werden, gelten ausschlie\u00dflich diese Gesch\u00e4ftsbedingungen. Artikel 2\u00a0&#8211; Angebote\u2028 Alle unsere Kostenvoranschl\u00e4ge sind freibleibend, es sei denn, sie enthalten&hellip;\" \/>\n<meta property=\"og:url\" content=\"https:\/\/henofa.com\/de\/lieferbedingungen\/\" \/>\n<meta property=\"og:site_name\" content=\"Henofa\" \/>\n<meta property=\"article:publisher\" content=\"https:\/\/www.facebook.com\/Henofa-BV-155961491204450\/\" \/>\n<meta property=\"article:modified_time\" content=\"2020-02-14T14:32:04+00:00\" \/>\n<meta name=\"twitter:card\" content=\"summary_large_image\" \/>\n<meta name=\"twitter:site\" content=\"@HenofaBV\" \/>\n<meta name=\"twitter:label1\" content=\"Gesch\u00e4tzte Lesezeit\" \/>\n\t<meta name=\"twitter:data1\" content=\"7\u00a0Minuten\" \/>\n<script type=\"application\/ld+json\" class=\"yoast-schema-graph\">{\"@context\":\"https:\/\/schema.org\",\"@graph\":[{\"@type\":\"WebPage\",\"@id\":\"https:\/\/henofa.com\/de\/lieferbedingungen\/\",\"url\":\"https:\/\/henofa.com\/de\/lieferbedingungen\/\",\"name\":\"Lieferbedingungen - Henofa\",\"isPartOf\":{\"@id\":\"https:\/\/henofa.com\/#website\"},\"datePublished\":\"2020-02-03T10:11:39+00:00\",\"dateModified\":\"2020-02-14T14:32:04+00:00\",\"breadcrumb\":{\"@id\":\"https:\/\/henofa.com\/de\/lieferbedingungen\/#breadcrumb\"},\"inLanguage\":\"de\",\"potentialAction\":[{\"@type\":\"ReadAction\",\"target\":[\"https:\/\/henofa.com\/de\/lieferbedingungen\/\"]}]},{\"@type\":\"BreadcrumbList\",\"@id\":\"https:\/\/henofa.com\/de\/lieferbedingungen\/#breadcrumb\",\"itemListElement\":[{\"@type\":\"ListItem\",\"position\":1,\"name\":\"Home\",\"item\":\"https:\/\/henofa.com\/de\/\"},{\"@type\":\"ListItem\",\"position\":2,\"name\":\"Lieferbedingungen\"}]},{\"@type\":\"WebSite\",\"@id\":\"https:\/\/henofa.com\/#website\",\"url\":\"https:\/\/henofa.com\/\",\"name\":\"Henofa\",\"description\":\"Producent van Vilt &amp; Non-wovens\",\"publisher\":{\"@id\":\"https:\/\/henofa.com\/#organization\"},\"potentialAction\":[{\"@type\":\"SearchAction\",\"target\":{\"@type\":\"EntryPoint\",\"urlTemplate\":\"https:\/\/henofa.com\/?s={search_term_string}\"},\"query-input\":{\"@type\":\"PropertyValueSpecification\",\"valueRequired\":true,\"valueName\":\"search_term_string\"}}],\"inLanguage\":\"de\"},{\"@type\":\"Organization\",\"@id\":\"https:\/\/henofa.com\/#organization\",\"name\":\"Henofa BV\",\"url\":\"https:\/\/henofa.com\/\",\"logo\":{\"@type\":\"ImageObject\",\"inLanguage\":\"de\",\"@id\":\"https:\/\/henofa.com\/#\/schema\/logo\/image\/\",\"url\":\"http:\/\/henofa.com\/wp-content\/uploads\/2020\/01\/logonorm-footer.png\",\"contentUrl\":\"http:\/\/henofa.com\/wp-content\/uploads\/2020\/01\/logonorm-footer.png\",\"width\":150,\"height\":63,\"caption\":\"Henofa BV\"},\"image\":{\"@id\":\"https:\/\/henofa.com\/#\/schema\/logo\/image\/\"},\"sameAs\":[\"https:\/\/www.facebook.com\/Henofa-BV-155961491204450\/\",\"https:\/\/x.com\/HenofaBV\",\"https:\/\/www.instagram.com\/henofa_bv\/\",\"https:\/\/www.linkedin.com\/company\/henofa-b.v.\/\",\"https:\/\/www.youtube.com\/channel\/UCZAioYN47C9Epg5AloQtflQ\/featured\"]}]}<\/script>\n<!-- \/ Yoast SEO plugin. -->","yoast_head_json":{"title":"Lieferbedingungen - Henofa","robots":{"index":"index","follow":"follow","max-snippet":"max-snippet:-1","max-image-preview":"max-image-preview:large","max-video-preview":"max-video-preview:-1"},"canonical":"https:\/\/henofa.com\/de\/lieferbedingungen\/","og_locale":"de_DE","og_type":"article","og_title":"Lieferbedingungen - Henofa","og_description":"[vc_row][vc_column][vc_column_text]Artikel 1 &#8211; Allgemein\u2028 F\u00fcr alle Angebote und Vertr\u00e4ge, die von uns erstellt bzw. mit Dritten (im Folgenden als Auftraggeber bezeichnet) geschlossen werden, gelten ausschlie\u00dflich diese Gesch\u00e4ftsbedingungen. Artikel 2\u00a0&#8211; Angebote\u2028 Alle unsere Kostenvoranschl\u00e4ge sind freibleibend, es sei denn, sie enthalten&hellip;","og_url":"https:\/\/henofa.com\/de\/lieferbedingungen\/","og_site_name":"Henofa","article_publisher":"https:\/\/www.facebook.com\/Henofa-BV-155961491204450\/","article_modified_time":"2020-02-14T14:32:04+00:00","twitter_card":"summary_large_image","twitter_site":"@HenofaBV","twitter_misc":{"Gesch\u00e4tzte Lesezeit":"7\u00a0Minuten"},"schema":{"@context":"https:\/\/schema.org","@graph":[{"@type":"WebPage","@id":"https:\/\/henofa.com\/de\/lieferbedingungen\/","url":"https:\/\/henofa.com\/de\/lieferbedingungen\/","name":"Lieferbedingungen - Henofa","isPartOf":{"@id":"https:\/\/henofa.com\/#website"},"datePublished":"2020-02-03T10:11:39+00:00","dateModified":"2020-02-14T14:32:04+00:00","breadcrumb":{"@id":"https:\/\/henofa.com\/de\/lieferbedingungen\/#breadcrumb"},"inLanguage":"de","potentialAction":[{"@type":"ReadAction","target":["https:\/\/henofa.com\/de\/lieferbedingungen\/"]}]},{"@type":"BreadcrumbList","@id":"https:\/\/henofa.com\/de\/lieferbedingungen\/#breadcrumb","itemListElement":[{"@type":"ListItem","position":1,"name":"Home","item":"https:\/\/henofa.com\/de\/"},{"@type":"ListItem","position":2,"name":"Lieferbedingungen"}]},{"@type":"WebSite","@id":"https:\/\/henofa.com\/#website","url":"https:\/\/henofa.com\/","name":"Henofa","description":"Producent van Vilt &amp; Non-wovens","publisher":{"@id":"https:\/\/henofa.com\/#organization"},"potentialAction":[{"@type":"SearchAction","target":{"@type":"EntryPoint","urlTemplate":"https:\/\/henofa.com\/?s={search_term_string}"},"query-input":{"@type":"PropertyValueSpecification","valueRequired":true,"valueName":"search_term_string"}}],"inLanguage":"de"},{"@type":"Organization","@id":"https:\/\/henofa.com\/#organization","name":"Henofa BV","url":"https:\/\/henofa.com\/","logo":{"@type":"ImageObject","inLanguage":"de","@id":"https:\/\/henofa.com\/#\/schema\/logo\/image\/","url":"http:\/\/henofa.com\/wp-content\/uploads\/2020\/01\/logonorm-footer.png","contentUrl":"http:\/\/henofa.com\/wp-content\/uploads\/2020\/01\/logonorm-footer.png","width":150,"height":63,"caption":"Henofa BV"},"image":{"@id":"https:\/\/henofa.com\/#\/schema\/logo\/image\/"},"sameAs":["https:\/\/www.facebook.com\/Henofa-BV-155961491204450\/","https:\/\/x.com\/HenofaBV","https:\/\/www.instagram.com\/henofa_bv\/","https:\/\/www.linkedin.com\/company\/henofa-b.v.\/","https:\/\/www.youtube.com\/channel\/UCZAioYN47C9Epg5AloQtflQ\/featured"]}]}},"_links":{"self":[{"href":"https:\/\/henofa.com\/de\/wp-json\/wp\/v2\/pages\/6720","targetHints":{"allow":["GET"]}}],"collection":[{"href":"https:\/\/henofa.com\/de\/wp-json\/wp\/v2\/pages"}],"about":[{"href":"https:\/\/henofa.com\/de\/wp-json\/wp\/v2\/types\/page"}],"author":[{"embeddable":true,"href":"https:\/\/henofa.com\/de\/wp-json\/wp\/v2\/users\/5"}],"replies":[{"embeddable":true,"href":"https:\/\/henofa.com\/de\/wp-json\/wp\/v2\/comments?post=6720"}],"version-history":[{"count":0,"href":"https:\/\/henofa.com\/de\/wp-json\/wp\/v2\/pages\/6720\/revisions"}],"wp:attachment":[{"href":"https:\/\/henofa.com\/de\/wp-json\/wp\/v2\/media?parent=6720"}],"curies":[{"name":"wp","href":"https:\/\/api.w.org\/{rel}","templated":true}]}}