{"id":6715,"date":"2020-02-03T11:07:59","date_gmt":"2020-02-03T10:07:59","guid":{"rendered":"http:\/\/henofa.com\/privacy-policy\/"},"modified":"2020-02-14T15:26:13","modified_gmt":"2020-02-14T14:26:13","slug":"datenschutzrichtlinie","status":"publish","type":"page","link":"https:\/\/henofa.com\/de\/datenschutzrichtlinie\/","title":{"rendered":"Datenschutzrichtlinie"},"content":{"rendered":"<section class=\"wpb-content-wrapper\">[vc_row][vc_column][vc_column_text]Henofa ist davon \u00fcberzeugt, dass der Schutz der pers\u00f6nlichen Privatsph\u00e4re seiner Kunden, potentiellen Kunden, Zulieferer und der Besucher seiner Websites f\u00fcr seine Aktivit\u00e4ten wesentlich ist. Pers\u00f6nliche Daten von Kunden und Besuchern werden denn auch mit gr\u00f6\u00dfter Sorgfalt behandelt und gesichert.<br \/>\nHenofa h\u00e4lt denn auch die Anforderungen der DSGVO und sonstiger Datenschutzgesetze ein.<\/p>\n<p><strong>Verarbeitung von Personen- und Unternehmensdaten<\/strong><br \/>\nIm Rahmen unseres Services speichert Henofa Daten. Dies ist der Fall, wenn Sie einen Newsletter abonnieren, ein Angebot anfordern, ein Produkt bestellen, einen Online-Kundenaccount besitzen, Ihr Interesse angeben oder auf irgendeine andere Art kenntlich machen oder anderweitig in Kontakt zu Henofa stehen.<br \/>\nBei den \u00fcber Sie gespeicherten Daten handelt es sich um Daten wie zum Beispiel Kontaktdaten, Einlogdaten, Daten bez\u00fcglich Zahlungen, Rechnungsdaten, bestellte Produkte, Funktionsdaten und\/oder angegebene Interessen. Henofa verwendet diese Daten zur Ausf\u00fchrung und Abwicklung des betreffenden Abkommens, f\u00fcr seine Dienstleistungen und die interne Betriebsf\u00fchrung und um Kunden \u00fcber (neue) Produkte und Dienstleistungen von Henofa auf dem Laufenden zu halten.<br \/>\nF\u00fcr andere Zwecke verwenden wir diese Daten ausschlie\u00dflich mit Ihrer Zustimmung. Henofa BV verkauft Ihre personenbezogenen Daten nicht an Dritte und stellt sie ausschlie\u00dflich dritten Parteien zur Verf\u00fcgung, die bei der Ausf\u00fchrung Ihrer Bestellung oder unserer Dienstleistung involviert sind. Unsere Arbeitnehmer und von uns eingeschaltete Dritte sind dazu verpflichtet, die Vertraulichkeit Ihrer Daten zu respektieren.<\/p>\n<p><strong>Ihre E-Mail-Adresse<\/strong><br \/>\nWenn Sie eine E-Mail-Adresse angegeben haben, zum Beispiel f\u00fcr den Erhalt eines Newsletters, dann kann diese Adresse daf\u00fcr verwendet werden, um Sie als Kunde \u00fcber f\u00fcr Sie relevante und interessante Produkte und Dienstleistungen von Henofa zu informieren.<br \/>\nWenn Sie nicht mehr daran interessiert sind, k\u00f6nnen Sie sich jederzeit davon abmelden.<\/p>\n<p><strong>Abmelden<\/strong><br \/>\nBei der Bereitstellung von Dienstleistungen und Informationen ber\u00fccksichtigt Henofa Ihre Pr\u00e4ferenzen soweit wie m\u00f6glich. Wenn Sie nicht an Informationen \u00fcber (neue) Produkte interessiert sind, k\u00f6nnen Sie dies per E-Mail bei info@henofa.com oder schriftlich bei Henofa BV, het Wegdam 13, 7496 CB Hengevelde, kundtun.<\/p>\n<p><strong>Einsichtnahme in Ihre Daten und deren Korrektur<\/strong><br \/>\nSie k\u00f6nnen in die Personen- und Unternehmensdaten Einsicht nehmen, die Henofa \u00fcber Sie gespeichert hat. Wenn die Daten unrichtig sind, k\u00f6nnen Sie um deren Korrektur bitten. Sie k\u00f6nnen solche Antr\u00e4ge auf Einsicht in und Korrektur Ihrer Daten an Henofa BV, het Wegdam 13, 7496 CB Hengeveld, richten. Auch wenn Sie Fragen dazu haben, wie Henofa mit Ihren Daten umgeht, k\u00f6nnen Sie sich an diese Adresse wenden.<\/p>\n<p><strong>Verwendung von Cookies durch Henofa<\/strong><br \/>\nHenofa verwendet auf seinen Websites Cookies. Cookies sind kleine Informationsteile (Dateien), die eine Website auf Ihrem Computer hinterl\u00e4sst. Die Website weist den von Ihnen verwendeten Webbrowser dazu an, diese Cookies auf Ihrem Computer abzuspeichern.<br \/>\nSie k\u00f6nnen Ihren Browser so einstellen, dass Sie beim Surfen keine Cookies erhalten!<br \/>\nWenn Sie die Cookies hingegen akzeptieren, werden w\u00e4hrend Ihres Besuchs der Henofa-Websites Statistiken \u00fcber deren Nutzung erstellt. F\u00fcr unsere Statistiken nutzen wir Daten wie zum Beispiel Cookies, Logfiles und Javascriptcodes auf den Seiten von www.henofa.nl. Dies k\u00f6nnen Ihre IP-Adresse, geographische Daten, Ihr Browsertyp, die Anzahl der Seiten, die Sie besuchen, die Dauer Ihres Websitebesuchs und sonstige regul\u00e4re Webstatistiken sein. Au\u00dferdem halten wir Ihr Klickverhalten auf der Website und in den E-Mails nach.<br \/>\nDie Verwendung von Cookies auf der Henofa-Website ist sicher. Cookies speichern keine E-Mail-Adressen oder Telefonnummern und f\u00fchren nicht zu E-Mail- oder Telemarketingkampagnen. Cookies werden auf Ihrem Computer gespeichert, aber Sie k\u00f6nnen sie jederzeit wieder entfernen.<\/p>\n<p><strong>Surf- und Klickverhalten<\/strong><br \/>\nAuf den Websites von Henofa werden allgemeine Besucherdaten gespeichert. Dies geschieht, um die Einrichtung der Website zu optimieren. Au\u00dferdem k\u00f6nnen diese Daten auch daf\u00fcr verwendet werden, um gezieltere Informationen auf der Website einzustellen. So kann Henofa seinen Service f\u00fcr Sie weiter optimieren. Daf\u00fcr nutzt Henofa auch die IP-Adresse Ihres Computers. Bei dieser IP-Adresse handelt es sich um eine Nummer, die Ihrem Computer automatisch zugewiesen wird, wenn Sie das Internet besuchen. Sie k\u00f6nnen auch verwendet werden, um zu sehen, wie die Website genutzt wird und um Analysen und Berichte zu erstellen.<\/p>\n<p><strong>\u00c4nderungen<\/strong><br \/>\nHenofa beh\u00e4lt sich das Recht vor, diese Cookies- und Datenschutzrichtlinie zu \u00e4ndern. Bitte \u00fcberpr\u00fcfen Sie diese Seite deshalb regelm\u00e4\u00dfig auf aktuelle \u00c4nderungen.<br \/>\nSollten Sie noch Fragen bez\u00fcglich der Datenschutzrichtlinie von Henofa BV haben, k\u00f6nnen Sie uns gerne kontaktieren. Unser Kundendienst hilft Ihnen weiter, wenn Sie Informationen \u00fcber Ihre Daten bekommen oder diese \u00e4ndern lassen wollen.<\/p>\n<p><em>Dieser Artikel wurde zuletzt am 10. Dezember 2019 ge\u00e4ndert.<\/em>[\/vc_column_text][\/vc_column][\/vc_row]\n<\/section>","protected":false},"excerpt":{"rendered":"<p>[vc_row][vc_column][vc_column_text]Henofa ist davon \u00fcberzeugt, dass der Schutz der pers\u00f6nlichen Privatsph\u00e4re seiner Kunden, potentiellen Kunden, Zulieferer und der Besucher seiner Websites f\u00fcr seine Aktivit\u00e4ten wesentlich ist. Pers\u00f6nliche Daten von Kunden und Besuchern werden denn auch mit gr\u00f6\u00dfter Sorgfalt behandelt und gesichert.&hellip;<\/p>\n","protected":false},"author":5,"featured_media":0,"parent":0,"menu_order":0,"comment_status":"closed","ping_status":"closed","template":"templates\/no-sidebar.php","meta":{"footnotes":""},"class_list":["post-6715","page","type-page","status-publish","hentry","entry","no-media"],"yoast_head":"<!-- This site is optimized with the Yoast SEO plugin v26.8 - https:\/\/yoast.com\/product\/yoast-seo-wordpress\/ -->\n<title>Datenschutzrichtlinie - Henofa<\/title>\n<meta name=\"robots\" content=\"index, follow, max-snippet:-1, max-image-preview:large, max-video-preview:-1\" \/>\n<link rel=\"canonical\" href=\"https:\/\/henofa.com\/de\/datenschutzrichtlinie\/\" \/>\n<meta property=\"og:locale\" content=\"de_DE\" \/>\n<meta property=\"og:type\" content=\"article\" \/>\n<meta property=\"og:title\" content=\"Datenschutzrichtlinie - Henofa\" \/>\n<meta property=\"og:description\" content=\"[vc_row][vc_column][vc_column_text]Henofa ist davon \u00fcberzeugt, dass der Schutz der pers\u00f6nlichen Privatsph\u00e4re seiner Kunden, potentiellen Kunden, Zulieferer und der Besucher seiner Websites f\u00fcr seine Aktivit\u00e4ten wesentlich ist. Pers\u00f6nliche Daten von Kunden und Besuchern werden denn auch mit gr\u00f6\u00dfter Sorgfalt behandelt und gesichert.&hellip;\" \/>\n<meta property=\"og:url\" content=\"https:\/\/henofa.com\/de\/datenschutzrichtlinie\/\" \/>\n<meta property=\"og:site_name\" content=\"Henofa\" \/>\n<meta property=\"article:publisher\" content=\"https:\/\/www.facebook.com\/Henofa-BV-155961491204450\/\" \/>\n<meta property=\"article:modified_time\" content=\"2020-02-14T14:26:13+00:00\" \/>\n<meta name=\"twitter:card\" content=\"summary_large_image\" \/>\n<meta name=\"twitter:site\" content=\"@HenofaBV\" \/>\n<meta name=\"twitter:label1\" content=\"Gesch\u00e4tzte Lesezeit\" \/>\n\t<meta name=\"twitter:data1\" content=\"4\u00a0Minuten\" \/>\n<script type=\"application\/ld+json\" class=\"yoast-schema-graph\">{\"@context\":\"https:\/\/schema.org\",\"@graph\":[{\"@type\":\"WebPage\",\"@id\":\"https:\/\/henofa.com\/de\/datenschutzrichtlinie\/\",\"url\":\"https:\/\/henofa.com\/de\/datenschutzrichtlinie\/\",\"name\":\"Datenschutzrichtlinie - Henofa\",\"isPartOf\":{\"@id\":\"https:\/\/henofa.com\/#website\"},\"datePublished\":\"2020-02-03T10:07:59+00:00\",\"dateModified\":\"2020-02-14T14:26:13+00:00\",\"breadcrumb\":{\"@id\":\"https:\/\/henofa.com\/de\/datenschutzrichtlinie\/#breadcrumb\"},\"inLanguage\":\"de\",\"potentialAction\":[{\"@type\":\"ReadAction\",\"target\":[\"https:\/\/henofa.com\/de\/datenschutzrichtlinie\/\"]}]},{\"@type\":\"BreadcrumbList\",\"@id\":\"https:\/\/henofa.com\/de\/datenschutzrichtlinie\/#breadcrumb\",\"itemListElement\":[{\"@type\":\"ListItem\",\"position\":1,\"name\":\"Home\",\"item\":\"https:\/\/henofa.com\/de\/\"},{\"@type\":\"ListItem\",\"position\":2,\"name\":\"Datenschutzrichtlinie\"}]},{\"@type\":\"WebSite\",\"@id\":\"https:\/\/henofa.com\/#website\",\"url\":\"https:\/\/henofa.com\/\",\"name\":\"Henofa\",\"description\":\"Producent van Vilt &amp; Non-wovens\",\"publisher\":{\"@id\":\"https:\/\/henofa.com\/#organization\"},\"potentialAction\":[{\"@type\":\"SearchAction\",\"target\":{\"@type\":\"EntryPoint\",\"urlTemplate\":\"https:\/\/henofa.com\/?s={search_term_string}\"},\"query-input\":{\"@type\":\"PropertyValueSpecification\",\"valueRequired\":true,\"valueName\":\"search_term_string\"}}],\"inLanguage\":\"de\"},{\"@type\":\"Organization\",\"@id\":\"https:\/\/henofa.com\/#organization\",\"name\":\"Henofa BV\",\"url\":\"https:\/\/henofa.com\/\",\"logo\":{\"@type\":\"ImageObject\",\"inLanguage\":\"de\",\"@id\":\"https:\/\/henofa.com\/#\/schema\/logo\/image\/\",\"url\":\"http:\/\/henofa.com\/wp-content\/uploads\/2020\/01\/logonorm-footer.png\",\"contentUrl\":\"http:\/\/henofa.com\/wp-content\/uploads\/2020\/01\/logonorm-footer.png\",\"width\":150,\"height\":63,\"caption\":\"Henofa BV\"},\"image\":{\"@id\":\"https:\/\/henofa.com\/#\/schema\/logo\/image\/\"},\"sameAs\":[\"https:\/\/www.facebook.com\/Henofa-BV-155961491204450\/\",\"https:\/\/x.com\/HenofaBV\",\"https:\/\/www.instagram.com\/henofa_bv\/\",\"https:\/\/www.linkedin.com\/company\/henofa-b.v.\/\",\"https:\/\/www.youtube.com\/channel\/UCZAioYN47C9Epg5AloQtflQ\/featured\"]}]}<\/script>\n<!-- \/ Yoast SEO plugin. -->","yoast_head_json":{"title":"Datenschutzrichtlinie - Henofa","robots":{"index":"index","follow":"follow","max-snippet":"max-snippet:-1","max-image-preview":"max-image-preview:large","max-video-preview":"max-video-preview:-1"},"canonical":"https:\/\/henofa.com\/de\/datenschutzrichtlinie\/","og_locale":"de_DE","og_type":"article","og_title":"Datenschutzrichtlinie - Henofa","og_description":"[vc_row][vc_column][vc_column_text]Henofa ist davon \u00fcberzeugt, dass der Schutz der pers\u00f6nlichen Privatsph\u00e4re seiner Kunden, potentiellen Kunden, Zulieferer und der Besucher seiner Websites f\u00fcr seine Aktivit\u00e4ten wesentlich ist. Pers\u00f6nliche Daten von Kunden und Besuchern werden denn auch mit gr\u00f6\u00dfter Sorgfalt behandelt und gesichert.&hellip;","og_url":"https:\/\/henofa.com\/de\/datenschutzrichtlinie\/","og_site_name":"Henofa","article_publisher":"https:\/\/www.facebook.com\/Henofa-BV-155961491204450\/","article_modified_time":"2020-02-14T14:26:13+00:00","twitter_card":"summary_large_image","twitter_site":"@HenofaBV","twitter_misc":{"Gesch\u00e4tzte Lesezeit":"4\u00a0Minuten"},"schema":{"@context":"https:\/\/schema.org","@graph":[{"@type":"WebPage","@id":"https:\/\/henofa.com\/de\/datenschutzrichtlinie\/","url":"https:\/\/henofa.com\/de\/datenschutzrichtlinie\/","name":"Datenschutzrichtlinie - Henofa","isPartOf":{"@id":"https:\/\/henofa.com\/#website"},"datePublished":"2020-02-03T10:07:59+00:00","dateModified":"2020-02-14T14:26:13+00:00","breadcrumb":{"@id":"https:\/\/henofa.com\/de\/datenschutzrichtlinie\/#breadcrumb"},"inLanguage":"de","potentialAction":[{"@type":"ReadAction","target":["https:\/\/henofa.com\/de\/datenschutzrichtlinie\/"]}]},{"@type":"BreadcrumbList","@id":"https:\/\/henofa.com\/de\/datenschutzrichtlinie\/#breadcrumb","itemListElement":[{"@type":"ListItem","position":1,"name":"Home","item":"https:\/\/henofa.com\/de\/"},{"@type":"ListItem","position":2,"name":"Datenschutzrichtlinie"}]},{"@type":"WebSite","@id":"https:\/\/henofa.com\/#website","url":"https:\/\/henofa.com\/","name":"Henofa","description":"Producent van Vilt &amp; Non-wovens","publisher":{"@id":"https:\/\/henofa.com\/#organization"},"potentialAction":[{"@type":"SearchAction","target":{"@type":"EntryPoint","urlTemplate":"https:\/\/henofa.com\/?s={search_term_string}"},"query-input":{"@type":"PropertyValueSpecification","valueRequired":true,"valueName":"search_term_string"}}],"inLanguage":"de"},{"@type":"Organization","@id":"https:\/\/henofa.com\/#organization","name":"Henofa BV","url":"https:\/\/henofa.com\/","logo":{"@type":"ImageObject","inLanguage":"de","@id":"https:\/\/henofa.com\/#\/schema\/logo\/image\/","url":"http:\/\/henofa.com\/wp-content\/uploads\/2020\/01\/logonorm-footer.png","contentUrl":"http:\/\/henofa.com\/wp-content\/uploads\/2020\/01\/logonorm-footer.png","width":150,"height":63,"caption":"Henofa BV"},"image":{"@id":"https:\/\/henofa.com\/#\/schema\/logo\/image\/"},"sameAs":["https:\/\/www.facebook.com\/Henofa-BV-155961491204450\/","https:\/\/x.com\/HenofaBV","https:\/\/www.instagram.com\/henofa_bv\/","https:\/\/www.linkedin.com\/company\/henofa-b.v.\/","https:\/\/www.youtube.com\/channel\/UCZAioYN47C9Epg5AloQtflQ\/featured"]}]}},"_links":{"self":[{"href":"https:\/\/henofa.com\/de\/wp-json\/wp\/v2\/pages\/6715","targetHints":{"allow":["GET"]}}],"collection":[{"href":"https:\/\/henofa.com\/de\/wp-json\/wp\/v2\/pages"}],"about":[{"href":"https:\/\/henofa.com\/de\/wp-json\/wp\/v2\/types\/page"}],"author":[{"embeddable":true,"href":"https:\/\/henofa.com\/de\/wp-json\/wp\/v2\/users\/5"}],"replies":[{"embeddable":true,"href":"https:\/\/henofa.com\/de\/wp-json\/wp\/v2\/comments?post=6715"}],"version-history":[{"count":0,"href":"https:\/\/henofa.com\/de\/wp-json\/wp\/v2\/pages\/6715\/revisions"}],"wp:attachment":[{"href":"https:\/\/henofa.com\/de\/wp-json\/wp\/v2\/media?parent=6715"}],"curies":[{"name":"wp","href":"https:\/\/api.w.org\/{rel}","templated":true}]}}