{"id":6412,"date":"2018-08-19T19:48:51","date_gmt":"2018-08-19T17:48:51","guid":{"rendered":"http:\/\/henofa.com\/join-us\/"},"modified":"2020-02-20T09:54:10","modified_gmt":"2020-02-20T08:54:10","slug":"arbeiten-bei","status":"publish","type":"page","link":"https:\/\/henofa.com\/de\/arbeiten-bei\/","title":{"rendered":"Arbeiten bei"},"content":{"rendered":"<section class=\"wpb-content-wrapper\">[vc_row full_width=&#8220;stretch_row&#8220; content_placement=&#8220;middle&#8220; remove_bottom_col_margin=&#8220;true&#8220; bg_style=&#8220;stretch&#8220; css=&#8220;.vc_custom_1580722693407{background-image: url(http:\/\/henofa.com\/wp-content\/uploads\/2020\/01\/HOME-3.jpg?id=6149) !important;}&#8220; wpex_bg_position=&#8220;center center&#8220; min_height=&#8220;175px&#8220;][vc_column]<h1 class=\"vcex-module vcex-heading vcex-heading-plain\" style=\"color:#ffffff;font-size:36px;letter-spacing:1px;font-weight:600;text-align:center;text-transform:uppercase;\"><span class=\"vcex-heading-inner clr\">Arbeiten bei<\/span><\/h1>[\/vc_column][\/vc_row][vc_row column_spacing=&#8220;40&#8243; remove_bottom_col_margin=&#8220;true&#8220; bg_style=&#8220;stretch&#8220; css=&#8220;.vc_custom_1580465753059{padding-top: 60px !important;}&#8220;][vc_column][vc_column_text]\n<p class=\"p1\">Wollen Sie bei einem dynamischen und schnellwachsenden internationalen Unternehmen arbeiten, wo Produktion und Kommerz Hand in Hand gehen? Legen Sie gro\u00dfen Wert auf einen abwechslungsreichen Arbeitsplatz, an dem Sie sich weiterentwickeln und wachsen k\u00f6nnen? Dann ist eine Stelle bei Henofa vielleicht etwas f\u00fcr Sie!<\/p>\n<p class=\"p1\">Erkennen Sie sich in der obigen Beschreibung wieder und wollen einen Beitrag dazu leisten? Wir freuen uns auf Ihre Bewerbung!<\/p>\n[\/vc_column_text][\/vc_column][\/vc_row][vc_row gap=&#8220;20&#8243; remove_bottom_col_margin=&#8220;true&#8220; css=&#8220;.vc_custom_1580473269346{margin-bottom: 40px !important;border-top-width: 1px !important;border-right-width: 1px !important;border-bottom-width: 1px !important;border-left-width: 1px !important;padding-top: 20px !important;padding-right: 20px !important;padding-bottom: 20px !important;padding-left: 20px !important;background-color: #f4f4f4 !important;border-left-color: #e0e0e0 !important;border-left-style: solid !important;border-right-color: #e0e0e0 !important;border-right-style: solid !important;border-top-color: #e0e0e0 !important;border-top-style: solid !important;border-bottom-color: #e0e0e0 !important;border-bottom-style: solid !important;}&#8220;][vc_column]<div class=\"vcex-module vcex-icon-box clr vcex-icon-box-one vcex-icon-box-wo-icon\"><h2 class=\"vcex-icon-box-heading\" style=\"text-transform:uppercase;\">FREIE STELLEN<\/h2><div class=\"vcex-icon-box-content clr\"><p>Leider sind derzeit keine Stellen zu besetzen, aber Sie k\u00f6nnen gerne eine Initiativbewerbung an <a href=\"mailto:admin@henofa.com\">admin@henofa.com<\/a> schicken. Wir bewahren Ihre Daten dann auf und kontaktieren Sie, sobald eine Stelle frei ist.<\/p>\n<p><strong>Bewerbungsunterlagen werden nur von dazu autorisierten Personen gelesen.<\/strong><\/p>\n<\/div><\/div>[\/vc_column][\/vc_row][vc_row gap=&#8220;20&#8243; css=&#8220;.vc_custom_1580821098888{border-top-width: 1px !important;border-right-width: 1px !important;border-bottom-width: 1px !important;border-left-width: 1px !important;padding-top: 20px !important;padding-right: 20px !important;padding-bottom: 20px !important;padding-left: 20px !important;background-color: #f4f4f4 !important;border-left-color: #e0e0e0 !important;border-left-style: solid !important;border-right-color: #e0e0e0 !important;border-right-style: solid !important;border-top-color: #e0e0e0 !important;border-top-style: solid !important;border-bottom-color: #e0e0e0 !important;border-bottom-style: solid !important;}&#8220;][vc_column][vc_row_inner][vc_column_inner width=&#8220;1\/2&#8243;]<div class=\"vcex-icon-box-css-wrap vc_custom_1581689572020\"><div class=\"vcex-module vcex-icon-box clr vcex-icon-box-one vcex-icon-box-wo-icon\"><h2 class=\"vcex-icon-box-heading\" style=\"text-transform:uppercase;\">PRAKTIKANTEN<\/h2><div class=\"vcex-icon-box-content clr\"><p>Wir sind kontinuierlich auf der Suche nach Fachhochschulstudenten und Fachobersch\u00fclern, die Interesse an einem praxisorientierten Praktikum haben.<\/p>\n<\/div><\/div><\/div><div class=\"vcex-icon-box-css-wrap vc_custom_1581689577960\"><div class=\"vcex-module vcex-icon-box clr vcex-icon-box-one vcex-icon-box-wo-icon\"><div class=\"vcex-icon-box-content clr\"><p>W\u00e4hrend dieses Praktikums werden Sie m\u00f6glicherweise mit folgenden T\u00e4tigkeiten betraut:<\/p>\n<\/div><\/div><\/div><div style=\"line-height:1.3;\" class=\"vcex-module vcex-bullets custom-icon\">\n<ul>\n<li><div class=\"vcex-bullets-ci-wrap\"><span class=\"vcex-icon-wrap\"><span class=\"vcex-icon ticon ticon-angle-right\" style=\"color:#00523c\" aria-hidden=\"true\"><\/span><\/span><div class=\"vcex-content\">Unterst\u00fctzung und Assistenz des kaufm\u00e4nnischen Leiters<\/div><\/div><\/li>\n<li><div class=\"vcex-bullets-ci-wrap\"><span class=\"vcex-icon-wrap\"><span class=\"vcex-icon ticon ticon-angle-right\" style=\"color:#00523c\" aria-hidden=\"true\"><\/span><\/span><div class=\"vcex-content\">Durchf\u00fchren einer Marktanalyse<\/div><\/div><\/li>\n<li><div class=\"vcex-bullets-ci-wrap\"><span class=\"vcex-icon-wrap\"><span class=\"vcex-icon ticon ticon-angle-right\" style=\"color:#00523c\" aria-hidden=\"true\"><\/span><\/span><div class=\"vcex-content\">Durchf\u00fchren einer Kundenzufriedenheitsumfrage<\/div><\/div><\/li>\n<li><div class=\"vcex-bullets-ci-wrap\"><span class=\"vcex-icon-wrap\"><span class=\"vcex-icon ticon ticon-angle-right\" style=\"color:#00523c\" aria-hidden=\"true\"><\/span><\/span><div class=\"vcex-content\">Unterst\u00fctzung bei diversen administrativen Prozessen<\/div><\/div><\/li>\n<li><div class=\"vcex-bullets-ci-wrap\"><span class=\"vcex-icon-wrap\"><span class=\"vcex-icon ticon ticon-angle-right\" style=\"color:#00523c\" aria-hidden=\"true\"><\/span><\/span><div class=\"vcex-content\">Aktive Teilnahme am Einkaufsprozess<\/div><\/div><\/li>\n<li><div class=\"vcex-bullets-ci-wrap\"><span class=\"vcex-icon-wrap\"><span class=\"vcex-icon ticon ticon-angle-right\" style=\"color:#00523c\" aria-hidden=\"true\"><\/span><\/span><div class=\"vcex-content\">Aktive Teilnahme am Verkaufsprozess<\/div><\/div><\/li>\n<\/ul>\n<\/div>[\/vc_column_inner][vc_column_inner width=&#8220;1\/2&#8243; css=&#8220;.vc_custom_1580474151676{padding-top: 30px !important;}&#8220;]<div class=\"vcex-image vcex-module vcex-clr textcenter hidden-phone\"><span class=\"vcex-image-inner\"><img decoding=\"async\" data-src=\"https:\/\/henofa.com\/wp-content\/uploads\/2020\/02\/sbb-beeldmerk-EN-fc-250x250.png\" alt='' data-no-retina width=\"250\" height=\"250\" src=\"data:image\/svg+xml;base64,PHN2ZyB3aWR0aD0iMSIgaGVpZ2h0PSIxIiB4bWxucz0iaHR0cDovL3d3dy53My5vcmcvMjAwMC9zdmciPjwvc3ZnPg==\" class=\"lazyload\" style=\"--smush-placeholder-width: 250px; --smush-placeholder-aspect-ratio: 250\/250;\" \/><\/span><\/div>[\/vc_column_inner][\/vc_row_inner][\/vc_column][vc_column width=&#8220;1\/2&#8243;]<div class=\"vcex-icon-box-css-wrap vc_custom_1581689609712\"><div class=\"vcex-module vcex-icon-box clr vcex-icon-box-one vcex-icon-box-wo-icon\"><div class=\"vcex-icon-box-content clr\"><p class=\"attachment\"><a href='https:\/\/henofa.com\/wp-content\/uploads\/2020\/02\/sbb-beeldmerk-EN-fc.png'><img decoding=\"async\" width=\"300\" height=\"300\" data-src=\"https:\/\/henofa.com\/wp-content\/uploads\/2020\/02\/sbb-beeldmerk-EN-fc-300x300.png\" class=\"attachment-medium size-medium lazyload\" alt=\"\" data-srcset=\"https:\/\/henofa.com\/wp-content\/uploads\/2020\/02\/sbb-beeldmerk-EN-fc-300x300.png 300w, https:\/\/henofa.com\/wp-content\/uploads\/2020\/02\/sbb-beeldmerk-EN-fc-150x150.png 150w, https:\/\/henofa.com\/wp-content\/uploads\/2020\/02\/sbb-beeldmerk-EN-fc-250x250.png 250w, https:\/\/henofa.com\/wp-content\/uploads\/2020\/02\/sbb-beeldmerk-EN-fc.png 400w\" data-sizes=\"(max-width: 300px) 100vw, 300px\" src=\"data:image\/svg+xml;base64,PHN2ZyB3aWR0aD0iMSIgaGVpZ2h0PSIxIiB4bWxucz0iaHR0cDovL3d3dy53My5vcmcvMjAwMC9zdmciPjwvc3ZnPg==\" style=\"--smush-placeholder-width: 300px; --smush-placeholder-aspect-ratio: 300\/300;\" \/><\/a><\/p>\n<p><strong>Wen wir suchen: <\/strong>Die Praktikanten, die wir suchen, m\u00fcssen \u00fcber folgende Eigenschaften verf\u00fcgen:<\/p>\n<\/div><\/div><\/div><div style=\"line-height:1.3;\" class=\"vcex-module vcex-bullets custom-icon\">\n<ul>\n<li><div class=\"vcex-bullets-ci-wrap\"><span class=\"vcex-icon-wrap\"><span class=\"vcex-icon ticon ticon-angle-right\" style=\"color:#00523c\" aria-hidden=\"true\"><\/span><\/span><div class=\"vcex-content\">Arbeiten und Denken auf Fachhochschul-\/Fachoberschulniveau<\/div><\/div><\/li>\n<li><div class=\"vcex-bullets-ci-wrap\"><span class=\"vcex-icon-wrap\"><span class=\"vcex-icon ticon ticon-angle-right\" style=\"color:#00523c\" aria-hidden=\"true\"><\/span><\/span><div class=\"vcex-content\">Wissbegierig und unternehmend<\/div><\/div><\/li>\n<li><div class=\"vcex-bullets-ci-wrap\"><span class=\"vcex-icon-wrap\"><span class=\"vcex-icon ticon ticon-angle-right\" style=\"color:#00523c\" aria-hidden=\"true\"><\/span><\/span><div class=\"vcex-content\">Affinit\u00e4t zum Unternehmertum<\/div><\/div><\/li>\n<li><div class=\"vcex-bullets-ci-wrap\"><span class=\"vcex-icon-wrap\"><span class=\"vcex-icon ticon ticon-angle-right\" style=\"color:#00523c\" aria-hidden=\"true\"><\/span><\/span><div class=\"vcex-content\">Kaufm\u00e4nnische Einstellung<\/div><\/div><\/li>\n<li><div class=\"vcex-bullets-ci-wrap\"><span class=\"vcex-icon-wrap\"><span class=\"vcex-icon ticon ticon-angle-right\" style=\"color:#00523c\" aria-hidden=\"true\"><\/span><\/span><div class=\"vcex-content\">Praktisch und kreativ<\/div><\/div><\/li>\n<li><div class=\"vcex-bullets-ci-wrap\"><span class=\"vcex-icon-wrap\"><span class=\"vcex-icon ticon ticon-angle-right\" style=\"color:#00523c\" aria-hidden=\"true\"><\/span><\/span><div class=\"vcex-content\">Ausreichende Kenntnisse sowohl der englischen als auch der deutschen Sprache<\/div><\/div><\/li>\n<\/ul>\n<\/div>[\/vc_column][vc_column width=&#8220;1\/2&#8243;]<div class=\"vcex-icon-box-css-wrap vc_custom_1581689640209\"><div class=\"vcex-module vcex-icon-box clr vcex-icon-box-one vcex-icon-box-wo-icon\"><div class=\"vcex-icon-box-content clr\"><p class=\"attachment\"><a href='https:\/\/henofa.com\/wp-content\/uploads\/2020\/02\/sbb-beeldmerk-EN-fc.png'><img decoding=\"async\" width=\"300\" height=\"300\" data-src=\"https:\/\/henofa.com\/wp-content\/uploads\/2020\/02\/sbb-beeldmerk-EN-fc-300x300.png\" class=\"attachment-medium size-medium lazyload\" alt=\"\" data-srcset=\"https:\/\/henofa.com\/wp-content\/uploads\/2020\/02\/sbb-beeldmerk-EN-fc-300x300.png 300w, https:\/\/henofa.com\/wp-content\/uploads\/2020\/02\/sbb-beeldmerk-EN-fc-150x150.png 150w, https:\/\/henofa.com\/wp-content\/uploads\/2020\/02\/sbb-beeldmerk-EN-fc-250x250.png 250w, https:\/\/henofa.com\/wp-content\/uploads\/2020\/02\/sbb-beeldmerk-EN-fc.png 400w\" data-sizes=\"(max-width: 300px) 100vw, 300px\" src=\"data:image\/svg+xml;base64,PHN2ZyB3aWR0aD0iMSIgaGVpZ2h0PSIxIiB4bWxucz0iaHR0cDovL3d3dy53My5vcmcvMjAwMC9zdmciPjwvc3ZnPg==\" style=\"--smush-placeholder-width: 300px; --smush-placeholder-aspect-ratio: 300\/300;\" \/><\/a><\/p>\n<p><strong>Was wir bieten:<\/strong><\/p>\n<\/div><\/div><\/div><div style=\"line-height:1.3;\" class=\"vcex-module vcex-bullets custom-icon\">\n<ul>\n<li><div class=\"vcex-bullets-ci-wrap\"><span class=\"vcex-icon-wrap\"><span class=\"vcex-icon ticon ticon-angle-right\" style=\"color:#00523c\" aria-hidden=\"true\"><\/span><\/span><div class=\"vcex-content\">Einen umfassenden Einblick in ein Produktions-\/ Handelsunternehmen<\/div><\/div><\/li>\n<li><div class=\"vcex-bullets-ci-wrap\"><span class=\"vcex-icon-wrap\"><span class=\"vcex-icon ticon ticon-angle-right\" style=\"color:#00523c\" aria-hidden=\"true\"><\/span><\/span><div class=\"vcex-content\">Sehr abwechslungsreiche T\u00e4tigkeiten<\/div><\/div><\/li>\n<li><div class=\"vcex-bullets-ci-wrap\"><span class=\"vcex-icon-wrap\"><span class=\"vcex-icon ticon ticon-angle-right\" style=\"color:#00523c\" aria-hidden=\"true\"><\/span><\/span><div class=\"vcex-content\">Eine gute Arbeitsatmosph\u00e4re<\/div><\/div><\/li>\n<li><div class=\"vcex-bullets-ci-wrap\"><span class=\"vcex-icon-wrap\"><span class=\"vcex-icon ticon ticon-angle-right\" style=\"color:#00523c\" aria-hidden=\"true\"><\/span><\/span><div class=\"vcex-content\">Eine gute M\u00f6glichkeit, theoretische Kenntnisse in die Praxis umzusetzen<\/div><\/div><\/li>\n<li><div class=\"vcex-bullets-ci-wrap\"><span class=\"vcex-icon-wrap\"><span class=\"vcex-icon ticon ticon-angle-right\" style=\"color:#00523c\" aria-hidden=\"true\"><\/span><\/span><div class=\"vcex-content\">Eine \u00fcberdurchschnittliche Praktikumsverg\u00fctung und Reisekostenerstattung<\/div><\/div><\/li>\n<\/ul>\n<\/div>[\/vc_column][vc_column]<div class=\"vcex-icon-box-css-wrap vc_custom_1581689717464\"><div class=\"vcex-module vcex-icon-box clr vcex-icon-box-one vcex-icon-box-wo-icon\"><div class=\"vcex-icon-box-content clr\"><p class=\"attachment\"><a href='https:\/\/henofa.com\/wp-content\/uploads\/2020\/02\/sbb-beeldmerk-EN-fc.png'><img decoding=\"async\" width=\"300\" height=\"300\" data-src=\"https:\/\/henofa.com\/wp-content\/uploads\/2020\/02\/sbb-beeldmerk-EN-fc-300x300.png\" class=\"attachment-medium size-medium lazyload\" alt=\"\" data-srcset=\"https:\/\/henofa.com\/wp-content\/uploads\/2020\/02\/sbb-beeldmerk-EN-fc-300x300.png 300w, https:\/\/henofa.com\/wp-content\/uploads\/2020\/02\/sbb-beeldmerk-EN-fc-150x150.png 150w, https:\/\/henofa.com\/wp-content\/uploads\/2020\/02\/sbb-beeldmerk-EN-fc-250x250.png 250w, https:\/\/henofa.com\/wp-content\/uploads\/2020\/02\/sbb-beeldmerk-EN-fc.png 400w\" data-sizes=\"(max-width: 300px) 100vw, 300px\" src=\"data:image\/svg+xml;base64,PHN2ZyB3aWR0aD0iMSIgaGVpZ2h0PSIxIiB4bWxucz0iaHR0cDovL3d3dy53My5vcmcvMjAwMC9zdmciPjwvc3ZnPg==\" style=\"--smush-placeholder-width: 300px; --smush-placeholder-aspect-ratio: 300\/300;\" \/><\/a><\/p>\n<p>Kurzum, sind Sie der selbst\u00e4ndige Student, der mit anpacken kann? Sind Management und Marketing in Ihrer Ausbildung ma\u00dfgeblich? Trauen Sie sich, diese Herausforderung anzunehmen? Schicken Sie dann ein kurzes Motivationsschreiben und Ihren Lebenslauf an <a href=\"mailto:admin@henofa.com\">admin@henofa.com<\/a> oder rufen Sie uns unter ++31 547-334249 an.<br \/>\nWir h\u00f6ren gerne von Ihnen!<\/p>\n<p><strong>Von Akquiseversuchen mit Bezug zu diesen Inseraten bitten wir abzusehen! <\/strong><\/p>\n<\/div><\/div><\/div><div class=\"vcex-image vcex-module vcex-clr textcenter visible-phone\"><span class=\"vcex-image-inner\"><img decoding=\"async\" data-src=\"https:\/\/henofa.com\/wp-content\/uploads\/2020\/01\/Werken-bij-foto-2-sbb-beeldmerk-250x250.png\" alt='' data-no-retina width=\"250\" height=\"250\" src=\"data:image\/svg+xml;base64,PHN2ZyB3aWR0aD0iMSIgaGVpZ2h0PSIxIiB4bWxucz0iaHR0cDovL3d3dy53My5vcmcvMjAwMC9zdmciPjwvc3ZnPg==\" class=\"lazyload\" style=\"--smush-placeholder-width: 250px; --smush-placeholder-aspect-ratio: 250\/250;\" \/><\/span><\/div>[\/vc_column][\/vc_row]\n<\/section>","protected":false},"excerpt":{"rendered":"<p>[vc_row full_width=&#8220;stretch_row&#8220; content_placement=&#8220;middle&#8220; remove_bottom_col_margin=&#8220;true&#8220; bg_style=&#8220;stretch&#8220; css=&#8220;.vc_custom_1580722693407{background-image: url(http:\/\/henofa.com\/wp-content\/uploads\/2020\/01\/HOME-3.jpg?id=6149) !important;}&#8220; wpex_bg_position=&#8220;center center&#8220; min_height=&#8220;175px&#8220;][vc_column][\/vc_column][\/vc_row][vc_row column_spacing=&#8220;40&#8243; remove_bottom_col_margin=&#8220;true&#8220; bg_style=&#8220;stretch&#8220; css=&#8220;.vc_custom_1580465753059{padding-top: 60px !important;}&#8220;][vc_column][vc_column_text] Wollen Sie bei einem dynamischen und schnellwachsenden internationalen Unternehmen arbeiten, wo Produktion und Kommerz Hand in Hand gehen? Legen Sie gro\u00dfen Wert auf&hellip;<\/p>\n","protected":false},"author":2,"featured_media":0,"parent":0,"menu_order":0,"comment_status":"closed","ping_status":"closed","template":"templates\/no-sidebar.php","meta":{"footnotes":""},"class_list":["post-6412","page","type-page","status-publish","hentry","entry","no-media"],"yoast_head":"<!-- This site is optimized with the Yoast SEO plugin v26.8 - https:\/\/yoast.com\/product\/yoast-seo-wordpress\/ -->\n<title>Arbeiten bei - Henofa<\/title>\n<meta name=\"robots\" content=\"index, follow, max-snippet:-1, max-image-preview:large, max-video-preview:-1\" \/>\n<link rel=\"canonical\" href=\"https:\/\/henofa.com\/de\/arbeiten-bei\/\" \/>\n<meta property=\"og:locale\" content=\"de_DE\" \/>\n<meta property=\"og:type\" content=\"article\" \/>\n<meta property=\"og:title\" content=\"Arbeiten bei - Henofa\" \/>\n<meta property=\"og:description\" content=\"[vc_row full_width=&#8220;stretch_row&#8220; content_placement=&#8220;middle&#8220; remove_bottom_col_margin=&#8220;true&#8220; bg_style=&#8220;stretch&#8220; css=&#8220;.vc_custom_1580722693407{background-image: url(http:\/\/henofa.com\/wp-content\/uploads\/2020\/01\/HOME-3.jpg?id=6149) !important;}&#8220; wpex_bg_position=&#8220;center center&#8220; min_height=&#8220;175px&#8220;][vc_column][\/vc_column][\/vc_row][vc_row column_spacing=&#8220;40&#8243; remove_bottom_col_margin=&#8220;true&#8220; bg_style=&#8220;stretch&#8220; css=&#8220;.vc_custom_1580465753059{padding-top: 60px !important;}&#8220;][vc_column][vc_column_text] Wollen Sie bei einem dynamischen und schnellwachsenden internationalen Unternehmen arbeiten, wo Produktion und Kommerz Hand in Hand gehen? Legen Sie gro\u00dfen Wert auf&hellip;\" \/>\n<meta property=\"og:url\" content=\"https:\/\/henofa.com\/de\/arbeiten-bei\/\" \/>\n<meta property=\"og:site_name\" content=\"Henofa\" \/>\n<meta property=\"article:publisher\" content=\"https:\/\/www.facebook.com\/Henofa-BV-155961491204450\/\" \/>\n<meta property=\"article:modified_time\" content=\"2020-02-20T08:54:10+00:00\" \/>\n<meta name=\"twitter:card\" content=\"summary_large_image\" \/>\n<meta name=\"twitter:site\" content=\"@HenofaBV\" \/>\n<meta name=\"twitter:label1\" content=\"Gesch\u00e4tzte Lesezeit\" \/>\n\t<meta name=\"twitter:data1\" content=\"4\u00a0Minuten\" \/>\n<script type=\"application\/ld+json\" class=\"yoast-schema-graph\">{\"@context\":\"https:\/\/schema.org\",\"@graph\":[{\"@type\":\"WebPage\",\"@id\":\"https:\/\/henofa.com\/de\/arbeiten-bei\/\",\"url\":\"https:\/\/henofa.com\/de\/arbeiten-bei\/\",\"name\":\"Arbeiten bei - Henofa\",\"isPartOf\":{\"@id\":\"https:\/\/henofa.com\/#website\"},\"datePublished\":\"2018-08-19T17:48:51+00:00\",\"dateModified\":\"2020-02-20T08:54:10+00:00\",\"breadcrumb\":{\"@id\":\"https:\/\/henofa.com\/de\/arbeiten-bei\/#breadcrumb\"},\"inLanguage\":\"de\",\"potentialAction\":[{\"@type\":\"ReadAction\",\"target\":[\"https:\/\/henofa.com\/de\/arbeiten-bei\/\"]}]},{\"@type\":\"BreadcrumbList\",\"@id\":\"https:\/\/henofa.com\/de\/arbeiten-bei\/#breadcrumb\",\"itemListElement\":[{\"@type\":\"ListItem\",\"position\":1,\"name\":\"Home\",\"item\":\"https:\/\/henofa.com\/de\/\"},{\"@type\":\"ListItem\",\"position\":2,\"name\":\"Arbeiten bei\"}]},{\"@type\":\"WebSite\",\"@id\":\"https:\/\/henofa.com\/#website\",\"url\":\"https:\/\/henofa.com\/\",\"name\":\"Henofa\",\"description\":\"Producent van Vilt &amp; Non-wovens\",\"publisher\":{\"@id\":\"https:\/\/henofa.com\/#organization\"},\"potentialAction\":[{\"@type\":\"SearchAction\",\"target\":{\"@type\":\"EntryPoint\",\"urlTemplate\":\"https:\/\/henofa.com\/?s={search_term_string}\"},\"query-input\":{\"@type\":\"PropertyValueSpecification\",\"valueRequired\":true,\"valueName\":\"search_term_string\"}}],\"inLanguage\":\"de\"},{\"@type\":\"Organization\",\"@id\":\"https:\/\/henofa.com\/#organization\",\"name\":\"Henofa BV\",\"url\":\"https:\/\/henofa.com\/\",\"logo\":{\"@type\":\"ImageObject\",\"inLanguage\":\"de\",\"@id\":\"https:\/\/henofa.com\/#\/schema\/logo\/image\/\",\"url\":\"http:\/\/henofa.com\/wp-content\/uploads\/2020\/01\/logonorm-footer.png\",\"contentUrl\":\"http:\/\/henofa.com\/wp-content\/uploads\/2020\/01\/logonorm-footer.png\",\"width\":150,\"height\":63,\"caption\":\"Henofa BV\"},\"image\":{\"@id\":\"https:\/\/henofa.com\/#\/schema\/logo\/image\/\"},\"sameAs\":[\"https:\/\/www.facebook.com\/Henofa-BV-155961491204450\/\",\"https:\/\/x.com\/HenofaBV\",\"https:\/\/www.instagram.com\/henofa_bv\/\",\"https:\/\/www.linkedin.com\/company\/henofa-b.v.\/\",\"https:\/\/www.youtube.com\/channel\/UCZAioYN47C9Epg5AloQtflQ\/featured\"]}]}<\/script>\n<!-- \/ Yoast SEO plugin. -->","yoast_head_json":{"title":"Arbeiten bei - Henofa","robots":{"index":"index","follow":"follow","max-snippet":"max-snippet:-1","max-image-preview":"max-image-preview:large","max-video-preview":"max-video-preview:-1"},"canonical":"https:\/\/henofa.com\/de\/arbeiten-bei\/","og_locale":"de_DE","og_type":"article","og_title":"Arbeiten bei - Henofa","og_description":"[vc_row full_width=&#8220;stretch_row&#8220; content_placement=&#8220;middle&#8220; remove_bottom_col_margin=&#8220;true&#8220; bg_style=&#8220;stretch&#8220; css=&#8220;.vc_custom_1580722693407{background-image: url(http:\/\/henofa.com\/wp-content\/uploads\/2020\/01\/HOME-3.jpg?id=6149) !important;}&#8220; wpex_bg_position=&#8220;center center&#8220; min_height=&#8220;175px&#8220;][vc_column][\/vc_column][\/vc_row][vc_row column_spacing=&#8220;40&#8243; remove_bottom_col_margin=&#8220;true&#8220; bg_style=&#8220;stretch&#8220; css=&#8220;.vc_custom_1580465753059{padding-top: 60px !important;}&#8220;][vc_column][vc_column_text] Wollen Sie bei einem dynamischen und schnellwachsenden internationalen Unternehmen arbeiten, wo Produktion und Kommerz Hand in Hand gehen? Legen Sie gro\u00dfen Wert auf&hellip;","og_url":"https:\/\/henofa.com\/de\/arbeiten-bei\/","og_site_name":"Henofa","article_publisher":"https:\/\/www.facebook.com\/Henofa-BV-155961491204450\/","article_modified_time":"2020-02-20T08:54:10+00:00","twitter_card":"summary_large_image","twitter_site":"@HenofaBV","twitter_misc":{"Gesch\u00e4tzte Lesezeit":"4\u00a0Minuten"},"schema":{"@context":"https:\/\/schema.org","@graph":[{"@type":"WebPage","@id":"https:\/\/henofa.com\/de\/arbeiten-bei\/","url":"https:\/\/henofa.com\/de\/arbeiten-bei\/","name":"Arbeiten bei - Henofa","isPartOf":{"@id":"https:\/\/henofa.com\/#website"},"datePublished":"2018-08-19T17:48:51+00:00","dateModified":"2020-02-20T08:54:10+00:00","breadcrumb":{"@id":"https:\/\/henofa.com\/de\/arbeiten-bei\/#breadcrumb"},"inLanguage":"de","potentialAction":[{"@type":"ReadAction","target":["https:\/\/henofa.com\/de\/arbeiten-bei\/"]}]},{"@type":"BreadcrumbList","@id":"https:\/\/henofa.com\/de\/arbeiten-bei\/#breadcrumb","itemListElement":[{"@type":"ListItem","position":1,"name":"Home","item":"https:\/\/henofa.com\/de\/"},{"@type":"ListItem","position":2,"name":"Arbeiten bei"}]},{"@type":"WebSite","@id":"https:\/\/henofa.com\/#website","url":"https:\/\/henofa.com\/","name":"Henofa","description":"Producent van Vilt &amp; Non-wovens","publisher":{"@id":"https:\/\/henofa.com\/#organization"},"potentialAction":[{"@type":"SearchAction","target":{"@type":"EntryPoint","urlTemplate":"https:\/\/henofa.com\/?s={search_term_string}"},"query-input":{"@type":"PropertyValueSpecification","valueRequired":true,"valueName":"search_term_string"}}],"inLanguage":"de"},{"@type":"Organization","@id":"https:\/\/henofa.com\/#organization","name":"Henofa BV","url":"https:\/\/henofa.com\/","logo":{"@type":"ImageObject","inLanguage":"de","@id":"https:\/\/henofa.com\/#\/schema\/logo\/image\/","url":"http:\/\/henofa.com\/wp-content\/uploads\/2020\/01\/logonorm-footer.png","contentUrl":"http:\/\/henofa.com\/wp-content\/uploads\/2020\/01\/logonorm-footer.png","width":150,"height":63,"caption":"Henofa BV"},"image":{"@id":"https:\/\/henofa.com\/#\/schema\/logo\/image\/"},"sameAs":["https:\/\/www.facebook.com\/Henofa-BV-155961491204450\/","https:\/\/x.com\/HenofaBV","https:\/\/www.instagram.com\/henofa_bv\/","https:\/\/www.linkedin.com\/company\/henofa-b.v.\/","https:\/\/www.youtube.com\/channel\/UCZAioYN47C9Epg5AloQtflQ\/featured"]}]}},"_links":{"self":[{"href":"https:\/\/henofa.com\/de\/wp-json\/wp\/v2\/pages\/6412","targetHints":{"allow":["GET"]}}],"collection":[{"href":"https:\/\/henofa.com\/de\/wp-json\/wp\/v2\/pages"}],"about":[{"href":"https:\/\/henofa.com\/de\/wp-json\/wp\/v2\/types\/page"}],"author":[{"embeddable":true,"href":"https:\/\/henofa.com\/de\/wp-json\/wp\/v2\/users\/2"}],"replies":[{"embeddable":true,"href":"https:\/\/henofa.com\/de\/wp-json\/wp\/v2\/comments?post=6412"}],"version-history":[{"count":0,"href":"https:\/\/henofa.com\/de\/wp-json\/wp\/v2\/pages\/6412\/revisions"}],"wp:attachment":[{"href":"https:\/\/henofa.com\/de\/wp-json\/wp\/v2\/media?parent=6412"}],"curies":[{"name":"wp","href":"https:\/\/api.w.org\/{rel}","templated":true}]}}