{"id":6390,"date":"2018-08-15T21:11:51","date_gmt":"2018-08-15T19:11:51","guid":{"rendered":"http:\/\/henofa.com\/about-henofa\/"},"modified":"2023-01-18T15:12:53","modified_gmt":"2023-01-18T14:12:53","slug":"uber-henofa","status":"publish","type":"page","link":"https:\/\/henofa.com\/de\/uber-henofa\/","title":{"rendered":"\u00dcber Henofa"},"content":{"rendered":"<section class=\"wpb-content-wrapper\">[vc_row full_width=&#8220;stretch_row&#8220; content_placement=&#8220;middle&#8220; remove_bottom_col_margin=&#8220;true&#8220; bg_style=&#8220;stretch&#8220; css=&#8220;.vc_custom_1580727477422{background-image: url(http:\/\/henofa.com\/wp-content\/uploads\/2020\/02\/Over-Henofa-1.jpg?id=6275) !important;}&#8220; wpex_bg_position=&#8220;center center&#8220; min_height=&#8220;175px&#8220;][vc_column]<h1 class=\"vcex-module vcex-heading vcex-heading-plain\" style=\"color:#ffffff;font-size:36px;letter-spacing:1px;font-weight:600;text-align:center;text-transform:uppercase;\"><span class=\"vcex-heading-inner clr\">\u00dcber Henofa<\/span><\/h1>[\/vc_column][\/vc_row][vc_row column_spacing=&#8220;40&#8243; remove_bottom_col_margin=&#8220;true&#8220; bg_style=&#8220;stretch&#8220; css=&#8220;.vc_custom_1580465753059{padding-top: 60px !important;}&#8220;][vc_column width=&#8220;1\/2&#8243;][vc_column_text]HENOFA B.V. ist ein schnell wachsendes Unternehmen mit Hauptsitz in Hengevelde.<\/p>\n<p>Seit der Gr\u00fcndung im Jahr 1993 ist Henofa zu einem international agierenden Produzenten von diversen Nadelfilzen und Faservliesen herangewachsen. Au\u00dferdem \u00fcbt Henofa eine Handelsfunktion f\u00fcr alle m\u00f6glichen Arten von technischen Filzen aus.<\/p>\n<p>Mit selbstentwickelten, eigenen Markenprodukten hat Henofa eine starke Position sowohl auf nationaler als auch internationaler Ebene erobert.<\/p>\n<p>Das Unternehmen ist in verschiedenen Marktsegmenten aktiv. <a href=\"https:\/\/capillarymatting.com\">Das gr\u00f6\u00dfte und wichtigste Segment ist der Gartenbau.<\/a> <a href=\"https:\/\/bouwvilten.nl\">Au\u00dferdem werden die verschiedensten Produkte f\u00fcr den Baubereich und diverse industrielle Anwendungen hergestellt.<\/a>[\/vc_column_text][\/vc_column][vc_column width=&#8220;1\/2&#8243;][vc_column_text]Bevor die Henofa-Produkte die Fabrik verlassen, werden sie zuerst einer strengen Qualit\u00e4tskontrolle unterzogen. Neben Qualit\u00e4t sind Zuverl\u00e4ssigkeit, Service und Flexibilit\u00e4t unsere Kernwerte.<\/p>\n<p>In Kooperation mit unseren Distributoren und Kunden sucht Henofa kontinuierlich nach neuen M\u00f6glichkeiten und geht auf neue Entwicklungen ein. Dank seines umfassenden Fachwissens kann Henofa eine beratende Funktion aus\u00fcben.<\/p>\n<p>Wir glauben an Partnerschaft als Grundlage f\u00fcr Innovation, Verbesserung und Erneuerung. Zusammen mit unseren Partnern verschieben wir Grenzen und heben uns von unseren Konkurrenten am Markt ab.[\/vc_column_text][\/vc_column][\/vc_row][vc_row full_width=&#8220;stretch_row&#8220; wpex_bg_overlay=&#8220;color&#8220; bg_style=&#8220;stretch&#8220; css=&#8220;.vc_custom_1580722529877{padding-top: 50px !important;padding-bottom: 25px !important;background-image: url(http:\/\/henofa.com\/wp-content\/uploads\/2020\/01\/HOME-2.jpg?id=6099) !important;background-position: center !important;background-repeat: no-repeat !important;background-size: cover !important;}&#8220; wpex_bg_overlay_color=&#8220;rgba(0,82,60,0.7)&#8220; wpex_bg_position=&#8220;center center&#8220;][vc_column][vc_column_text css_animation=&#8220;appear&#8220; color=&#8220;#ffffff&#8220; font_size=&#8220;24&#8243; font_weight=&#8220;600&#8243; font_family=&#8220;Montserrat&#8220; text_align=&#8220;center&#8220;]Henofa ist Ihr Innovationspartner![\/vc_column_text][\/vc_column][\/vc_row][vc_row column_spacing=&#8220;40&#8243; bg_style=&#8220;stretch&#8220; css=&#8220;.vc_custom_1580483696717{padding-top: 50px !important;}&#8220;][vc_column][vc_column_text]Neben der Produktion von Filzen und Faservliesen kann Henofa zahlreiche weitere Bearbeitungen wie zum Beispiel Stanzen, Schneiden und Lasern durchf\u00fchren.<\/p>\n<p>Obendrein produzieren wir zusammengesetzte Produkte aus Faservliesen und Kunststoffen, die mithilfe von Konfektion, Laminieren oder Leimverbindungen zusammengef\u00fcgt werden. Dadurch k\u00f6nnen technisch komplexe Produkte hergestellt werden, beispielsweise Produkte mit komplexen Formen f\u00fcr Anwendungen im Bereich Design und Dekoration.[\/vc_column_text][\/vc_column][\/vc_row][vc_row][vc_column]<div class=\"vcex-module wpex-carousel wpex-carousel-images clr owl-carousel arrwstyle-default\" data-wpex-carousel=\"{&quot;nav&quot;:true,&quot;dots&quot;:false,&quot;autoplay&quot;:false,&quot;loop&quot;:true,&quot;center&quot;:false,&quot;smartSpeed&quot;:150,&quot;items&quot;:2,&quot;slideBy&quot;:2,&quot;autoplayTimeout&quot;:5000,&quot;margin&quot;:15,&quot;itemsTablet&quot;:2,&quot;itemsMobileLandscape&quot;:2,&quot;itemsMobilePortrait&quot;:2,&quot;autoWidth&quot;:false,&quot;autoHeight&quot;:false}\"><div class=\"wpex-carousel-slide\"><figure class=\"wpex-carousel-entry-media clr\"><img decoding=\"async\" data-no-lazy=\"1\" class=\"skip-lazy\" src=\"https:\/\/henofa.com\/wp-content\/uploads\/2020\/01\/Over-Henofa-2-1920.jpg\" alt='' data-no-retina width=\"1920\" height=\"1280\" \/><\/figure><\/div><div class=\"wpex-carousel-slide\"><figure class=\"wpex-carousel-entry-media clr\"><img decoding=\"async\" data-no-lazy=\"1\" class=\"skip-lazy\" src=\"https:\/\/henofa.com\/wp-content\/uploads\/2020\/01\/Over-Henofa-3.jpg\" alt='' data-no-retina width=\"1920\" height=\"1287\" \/><\/figure><\/div><\/div>[\/vc_column][\/vc_row][vc_row content_placement=&#8220;middle&#8220; gap=&#8220;20&#8243; css=&#8220;.vc_custom_1580306931194{padding-top: 40px !important;padding-bottom: 30px !important;}&#8220;][vc_column width=&#8220;1\/3&#8243; css=&#8220;.vc_custom_1580303246062{border-top-width: 1px !important;border-right-width: 1px !important;border-bottom-width: 1px !important;border-left-width: 1px !important;padding-top: 20px !important;padding-right: 20px !important;padding-bottom: 30px !important;padding-left: 20px !important;background-color: #f4f4f4 !important;border-left-color: #ededed !important;border-right-color: #ededed !important;border-top-color: #ededed !important;border-bottom-color: #ededed !important;}&#8220;]<div class=\"vcex-module vcex-icon-box clr vcex-icon-box-two vcex-icon-box-wo-icon  equal-height-content\"><h2 class=\"vcex-icon-box-heading\" style=\"text-transform:uppercase;\">Wollen Sie mehr \u00fcber HENOFA wissen?<\/h2><div class=\"vcex-icon-box-content clr\"><p class=\"attachment\"><a href='https:\/\/henofa.com\/wp-content\/uploads\/2020\/01\/Over-Henofa-3.jpg'><img decoding=\"async\" width=\"300\" height=\"201\" data-src=\"https:\/\/henofa.com\/wp-content\/uploads\/2020\/01\/Over-Henofa-3-300x201.jpg\" class=\"attachment-medium size-medium lazyload\" alt=\"\" data-srcset=\"https:\/\/henofa.com\/wp-content\/uploads\/2020\/01\/Over-Henofa-3-300x201.jpg 300w, https:\/\/henofa.com\/wp-content\/uploads\/2020\/01\/Over-Henofa-3-1024x686.jpg 1024w, https:\/\/henofa.com\/wp-content\/uploads\/2020\/01\/Over-Henofa-3-768x515.jpg 768w, https:\/\/henofa.com\/wp-content\/uploads\/2020\/01\/Over-Henofa-3-1536x1030.jpg 1536w, https:\/\/henofa.com\/wp-content\/uploads\/2020\/01\/Over-Henofa-3.jpg 1920w\" data-sizes=\"(max-width: 300px) 100vw, 300px\" src=\"data:image\/svg+xml;base64,PHN2ZyB3aWR0aD0iMSIgaGVpZ2h0PSIxIiB4bWxucz0iaHR0cDovL3d3dy53My5vcmcvMjAwMC9zdmciPjwvc3ZnPg==\" style=\"--smush-placeholder-width: 300px; --smush-placeholder-aspect-ratio: 300\/201;\" \/><\/a><\/p>\n<p>Haben Sie Fragen zu unserem Unternehmen, unseren Aktivit\u00e4ten oder unserer Arbeitsweise?<br \/>\nDann kontaktieren Sie uns unverbindlich. Wir erz\u00e4hlen Ihnen gerne mehr.<\/p>\n<\/div><\/div><div class=\"vc_custom_1674051149483 wpex-clr\"><div class=\"textcenter theme-button-wrap clr\"><a href=\"https:\/\/henofa.com\/de\/kontakt\/\" class=\"vcex-button theme-button align-center inline animate-on-hover\" style=\"width:100%;\"><span class=\"theme-button-inner\">Kontaktieren Sie uns<\/span><\/a><\/div><\/div> [\/vc_column][vc_column width=&#8220;1\/3&#8243; css=&#8220;.vc_custom_1580303401481{border-top-width: 1px !important;border-right-width: 1px !important;border-bottom-width: 1px !important;padding-top: 20px !important;padding-right: 20px !important;padding-bottom: 30px !important;padding-left: 20px !important;background-color: #f4f4f4 !important;border-right-color: #ededed !important;border-top-color: #ededed !important;border-bottom-color: #ededed !important;}&#8220;]<div class=\"vcex-module vcex-icon-box clr vcex-icon-box-two vcex-icon-box-wo-icon  equal-height-content\"><h2 class=\"vcex-icon-box-heading\" style=\"text-transform:uppercase;\">Sparring mit einem EXPERTEN?<\/h2><div class=\"vcex-icon-box-content clr\"><p class=\"attachment\"><a href='https:\/\/henofa.com\/wp-content\/uploads\/2020\/01\/Over-Henofa-3.jpg'><img decoding=\"async\" width=\"300\" height=\"201\" data-src=\"https:\/\/henofa.com\/wp-content\/uploads\/2020\/01\/Over-Henofa-3-300x201.jpg\" class=\"attachment-medium size-medium lazyload\" alt=\"\" data-srcset=\"https:\/\/henofa.com\/wp-content\/uploads\/2020\/01\/Over-Henofa-3-300x201.jpg 300w, https:\/\/henofa.com\/wp-content\/uploads\/2020\/01\/Over-Henofa-3-1024x686.jpg 1024w, https:\/\/henofa.com\/wp-content\/uploads\/2020\/01\/Over-Henofa-3-768x515.jpg 768w, https:\/\/henofa.com\/wp-content\/uploads\/2020\/01\/Over-Henofa-3-1536x1030.jpg 1536w, https:\/\/henofa.com\/wp-content\/uploads\/2020\/01\/Over-Henofa-3.jpg 1920w\" data-sizes=\"(max-width: 300px) 100vw, 300px\" src=\"data:image\/svg+xml;base64,PHN2ZyB3aWR0aD0iMSIgaGVpZ2h0PSIxIiB4bWxucz0iaHR0cDovL3d3dy53My5vcmcvMjAwMC9zdmciPjwvc3ZnPg==\" style=\"--smush-placeholder-width: 300px; --smush-placeholder-aspect-ratio: 300\/201;\" \/><\/a><\/p>\n<p>Haben Sie eine technische Frage zu einem neu zu entwickelnden Produkt oder suchen Sie nach einer L\u00f6sung f\u00fcr ein Problem? Besprechen Sie die M\u00f6glichkeiten mit unseren Technikern!<\/p>\n<\/div><\/div><div class=\"vc_custom_1674051168358 wpex-clr\"><div class=\"textcenter theme-button-wrap clr\"><a href=\"https:\/\/henofa.com\/de\/kontakt\/\" class=\"vcex-button theme-button align-center inline animate-on-hover\" style=\"width:100%;\"><span class=\"theme-button-inner\">Kontaktieren Sie uns<\/span><\/a><\/div><\/div> [\/vc_column][vc_column width=&#8220;1\/3&#8243; css=&#8220;.vc_custom_1580303410361{border-top-width: 1px !important;border-right-width: 1px !important;border-bottom-width: 1px !important;border-left-width: 1px !important;padding-top: 20px !important;padding-right: 20px !important;padding-bottom: 30px !important;padding-left: 20px !important;background-color: #f4f4f4 !important;border-left-color: #ededed !important;border-right-color: #ededed !important;border-top-color: #ededed !important;border-bottom-color: #ededed !important;}&#8220;]<div class=\"vcex-module vcex-icon-box clr vcex-icon-box-two vcex-icon-box-wo-icon  equal-height-content\"><h2 class=\"vcex-icon-box-heading\" style=\"text-transform:uppercase;\">Wollen Sie direkt ein ANGEBOT anfordern?<\/h2><div class=\"vcex-icon-box-content clr\"><p class=\"attachment\"><a href='https:\/\/henofa.com\/wp-content\/uploads\/2020\/01\/Over-Henofa-3.jpg'><img decoding=\"async\" width=\"300\" height=\"201\" data-src=\"https:\/\/henofa.com\/wp-content\/uploads\/2020\/01\/Over-Henofa-3-300x201.jpg\" class=\"attachment-medium size-medium lazyload\" alt=\"\" data-srcset=\"https:\/\/henofa.com\/wp-content\/uploads\/2020\/01\/Over-Henofa-3-300x201.jpg 300w, https:\/\/henofa.com\/wp-content\/uploads\/2020\/01\/Over-Henofa-3-1024x686.jpg 1024w, https:\/\/henofa.com\/wp-content\/uploads\/2020\/01\/Over-Henofa-3-768x515.jpg 768w, https:\/\/henofa.com\/wp-content\/uploads\/2020\/01\/Over-Henofa-3-1536x1030.jpg 1536w, https:\/\/henofa.com\/wp-content\/uploads\/2020\/01\/Over-Henofa-3.jpg 1920w\" data-sizes=\"(max-width: 300px) 100vw, 300px\" src=\"data:image\/svg+xml;base64,PHN2ZyB3aWR0aD0iMSIgaGVpZ2h0PSIxIiB4bWxucz0iaHR0cDovL3d3dy53My5vcmcvMjAwMC9zdmciPjwvc3ZnPg==\" style=\"--smush-placeholder-width: 300px; --smush-placeholder-aspect-ratio: 300\/201;\" \/><\/a><\/p>\n<p>Haben Sie bereits ein Produkt und wollen den besten Preis und die besten Konditionen bekommen? Kontaktieren Sie direkt unsere Vertriebsabteilung f\u00fcr ein ma\u00dfgeschneidertes Angebot!<\/p>\n<\/div><\/div><div class=\"vc_custom_1581689048439 wpex-clr\"><div class=\"textcenter theme-button-wrap clr\"><a href=\"mailto:info@henofa.com\" class=\"vcex-button theme-button align-center inline animate-on-hover\" style=\"width:100%;\"><span class=\"theme-button-inner\">Schicken Sie uns eine E-Mail<\/span><\/a><\/div><\/div> [\/vc_column][\/vc_row]\n<\/section>","protected":false},"excerpt":{"rendered":"<p>[vc_row full_width=&#8220;stretch_row&#8220; content_placement=&#8220;middle&#8220; remove_bottom_col_margin=&#8220;true&#8220; bg_style=&#8220;stretch&#8220; css=&#8220;.vc_custom_1580727477422{background-image: url(http:\/\/henofa.com\/wp-content\/uploads\/2020\/02\/Over-Henofa-1.jpg?id=6275) !important;}&#8220; wpex_bg_position=&#8220;center center&#8220; min_height=&#8220;175px&#8220;][vc_column][\/vc_column][\/vc_row][vc_row column_spacing=&#8220;40&#8243; remove_bottom_col_margin=&#8220;true&#8220; bg_style=&#8220;stretch&#8220; css=&#8220;.vc_custom_1580465753059{padding-top: 60px !important;}&#8220;][vc_column width=&#8220;1\/2&#8243;][vc_column_text]HENOFA B.V. ist ein schnell wachsendes Unternehmen mit Hauptsitz in Hengevelde. Seit der Gr\u00fcndung im Jahr 1993 ist Henofa zu einem international agierenden&hellip;<\/p>\n","protected":false},"author":2,"featured_media":0,"parent":0,"menu_order":0,"comment_status":"closed","ping_status":"closed","template":"templates\/no-sidebar.php","meta":{"footnotes":""},"class_list":["post-6390","page","type-page","status-publish","hentry","entry","no-media"],"yoast_head":"<!-- This site is optimized with the Yoast SEO plugin v26.8 - https:\/\/yoast.com\/product\/yoast-seo-wordpress\/ -->\n<title>\u00dcber Henofa - Henofa<\/title>\n<meta name=\"robots\" content=\"index, follow, max-snippet:-1, max-image-preview:large, max-video-preview:-1\" \/>\n<link rel=\"canonical\" href=\"https:\/\/henofa.com\/de\/uber-henofa\/\" \/>\n<meta property=\"og:locale\" content=\"de_DE\" \/>\n<meta property=\"og:type\" content=\"article\" \/>\n<meta property=\"og:title\" content=\"\u00dcber Henofa - Henofa\" \/>\n<meta property=\"og:description\" content=\"[vc_row full_width=&#8220;stretch_row&#8220; content_placement=&#8220;middle&#8220; remove_bottom_col_margin=&#8220;true&#8220; bg_style=&#8220;stretch&#8220; css=&#8220;.vc_custom_1580727477422{background-image: url(http:\/\/henofa.com\/wp-content\/uploads\/2020\/02\/Over-Henofa-1.jpg?id=6275) !important;}&#8220; wpex_bg_position=&#8220;center center&#8220; min_height=&#8220;175px&#8220;][vc_column][\/vc_column][\/vc_row][vc_row column_spacing=&#8220;40&#8243; remove_bottom_col_margin=&#8220;true&#8220; bg_style=&#8220;stretch&#8220; css=&#8220;.vc_custom_1580465753059{padding-top: 60px !important;}&#8220;][vc_column width=&#8220;1\/2&#8243;][vc_column_text]HENOFA B.V. ist ein schnell wachsendes Unternehmen mit Hauptsitz in Hengevelde. Seit der Gr\u00fcndung im Jahr 1993 ist Henofa zu einem international agierenden&hellip;\" \/>\n<meta property=\"og:url\" content=\"https:\/\/henofa.com\/de\/uber-henofa\/\" \/>\n<meta property=\"og:site_name\" content=\"Henofa\" \/>\n<meta property=\"article:publisher\" content=\"https:\/\/www.facebook.com\/Henofa-BV-155961491204450\/\" \/>\n<meta property=\"article:modified_time\" content=\"2023-01-18T14:12:53+00:00\" \/>\n<meta name=\"twitter:card\" content=\"summary_large_image\" \/>\n<meta name=\"twitter:site\" content=\"@HenofaBV\" \/>\n<meta name=\"twitter:label1\" content=\"Gesch\u00e4tzte Lesezeit\" \/>\n\t<meta name=\"twitter:data1\" content=\"3\u00a0Minuten\" \/>\n<script type=\"application\/ld+json\" class=\"yoast-schema-graph\">{\"@context\":\"https:\/\/schema.org\",\"@graph\":[{\"@type\":\"WebPage\",\"@id\":\"https:\/\/henofa.com\/de\/uber-henofa\/\",\"url\":\"https:\/\/henofa.com\/de\/uber-henofa\/\",\"name\":\"\u00dcber Henofa - Henofa\",\"isPartOf\":{\"@id\":\"https:\/\/henofa.com\/#website\"},\"datePublished\":\"2018-08-15T19:11:51+00:00\",\"dateModified\":\"2023-01-18T14:12:53+00:00\",\"breadcrumb\":{\"@id\":\"https:\/\/henofa.com\/de\/uber-henofa\/#breadcrumb\"},\"inLanguage\":\"de\",\"potentialAction\":[{\"@type\":\"ReadAction\",\"target\":[\"https:\/\/henofa.com\/de\/uber-henofa\/\"]}]},{\"@type\":\"BreadcrumbList\",\"@id\":\"https:\/\/henofa.com\/de\/uber-henofa\/#breadcrumb\",\"itemListElement\":[{\"@type\":\"ListItem\",\"position\":1,\"name\":\"Home\",\"item\":\"https:\/\/henofa.com\/de\/\"},{\"@type\":\"ListItem\",\"position\":2,\"name\":\"\u00dcber Henofa\"}]},{\"@type\":\"WebSite\",\"@id\":\"https:\/\/henofa.com\/#website\",\"url\":\"https:\/\/henofa.com\/\",\"name\":\"Henofa\",\"description\":\"Producent van Vilt &amp; Non-wovens\",\"publisher\":{\"@id\":\"https:\/\/henofa.com\/#organization\"},\"potentialAction\":[{\"@type\":\"SearchAction\",\"target\":{\"@type\":\"EntryPoint\",\"urlTemplate\":\"https:\/\/henofa.com\/?s={search_term_string}\"},\"query-input\":{\"@type\":\"PropertyValueSpecification\",\"valueRequired\":true,\"valueName\":\"search_term_string\"}}],\"inLanguage\":\"de\"},{\"@type\":\"Organization\",\"@id\":\"https:\/\/henofa.com\/#organization\",\"name\":\"Henofa BV\",\"url\":\"https:\/\/henofa.com\/\",\"logo\":{\"@type\":\"ImageObject\",\"inLanguage\":\"de\",\"@id\":\"https:\/\/henofa.com\/#\/schema\/logo\/image\/\",\"url\":\"http:\/\/henofa.com\/wp-content\/uploads\/2020\/01\/logonorm-footer.png\",\"contentUrl\":\"http:\/\/henofa.com\/wp-content\/uploads\/2020\/01\/logonorm-footer.png\",\"width\":150,\"height\":63,\"caption\":\"Henofa BV\"},\"image\":{\"@id\":\"https:\/\/henofa.com\/#\/schema\/logo\/image\/\"},\"sameAs\":[\"https:\/\/www.facebook.com\/Henofa-BV-155961491204450\/\",\"https:\/\/x.com\/HenofaBV\",\"https:\/\/www.instagram.com\/henofa_bv\/\",\"https:\/\/www.linkedin.com\/company\/henofa-b.v.\/\",\"https:\/\/www.youtube.com\/channel\/UCZAioYN47C9Epg5AloQtflQ\/featured\"]}]}<\/script>\n<!-- \/ Yoast SEO plugin. -->","yoast_head_json":{"title":"\u00dcber Henofa - Henofa","robots":{"index":"index","follow":"follow","max-snippet":"max-snippet:-1","max-image-preview":"max-image-preview:large","max-video-preview":"max-video-preview:-1"},"canonical":"https:\/\/henofa.com\/de\/uber-henofa\/","og_locale":"de_DE","og_type":"article","og_title":"\u00dcber Henofa - Henofa","og_description":"[vc_row full_width=&#8220;stretch_row&#8220; content_placement=&#8220;middle&#8220; remove_bottom_col_margin=&#8220;true&#8220; bg_style=&#8220;stretch&#8220; css=&#8220;.vc_custom_1580727477422{background-image: url(http:\/\/henofa.com\/wp-content\/uploads\/2020\/02\/Over-Henofa-1.jpg?id=6275) !important;}&#8220; wpex_bg_position=&#8220;center center&#8220; min_height=&#8220;175px&#8220;][vc_column][\/vc_column][\/vc_row][vc_row column_spacing=&#8220;40&#8243; remove_bottom_col_margin=&#8220;true&#8220; bg_style=&#8220;stretch&#8220; css=&#8220;.vc_custom_1580465753059{padding-top: 60px !important;}&#8220;][vc_column width=&#8220;1\/2&#8243;][vc_column_text]HENOFA B.V. ist ein schnell wachsendes Unternehmen mit Hauptsitz in Hengevelde. Seit der Gr\u00fcndung im Jahr 1993 ist Henofa zu einem international agierenden&hellip;","og_url":"https:\/\/henofa.com\/de\/uber-henofa\/","og_site_name":"Henofa","article_publisher":"https:\/\/www.facebook.com\/Henofa-BV-155961491204450\/","article_modified_time":"2023-01-18T14:12:53+00:00","twitter_card":"summary_large_image","twitter_site":"@HenofaBV","twitter_misc":{"Gesch\u00e4tzte Lesezeit":"3\u00a0Minuten"},"schema":{"@context":"https:\/\/schema.org","@graph":[{"@type":"WebPage","@id":"https:\/\/henofa.com\/de\/uber-henofa\/","url":"https:\/\/henofa.com\/de\/uber-henofa\/","name":"\u00dcber Henofa - Henofa","isPartOf":{"@id":"https:\/\/henofa.com\/#website"},"datePublished":"2018-08-15T19:11:51+00:00","dateModified":"2023-01-18T14:12:53+00:00","breadcrumb":{"@id":"https:\/\/henofa.com\/de\/uber-henofa\/#breadcrumb"},"inLanguage":"de","potentialAction":[{"@type":"ReadAction","target":["https:\/\/henofa.com\/de\/uber-henofa\/"]}]},{"@type":"BreadcrumbList","@id":"https:\/\/henofa.com\/de\/uber-henofa\/#breadcrumb","itemListElement":[{"@type":"ListItem","position":1,"name":"Home","item":"https:\/\/henofa.com\/de\/"},{"@type":"ListItem","position":2,"name":"\u00dcber Henofa"}]},{"@type":"WebSite","@id":"https:\/\/henofa.com\/#website","url":"https:\/\/henofa.com\/","name":"Henofa","description":"Producent van Vilt &amp; Non-wovens","publisher":{"@id":"https:\/\/henofa.com\/#organization"},"potentialAction":[{"@type":"SearchAction","target":{"@type":"EntryPoint","urlTemplate":"https:\/\/henofa.com\/?s={search_term_string}"},"query-input":{"@type":"PropertyValueSpecification","valueRequired":true,"valueName":"search_term_string"}}],"inLanguage":"de"},{"@type":"Organization","@id":"https:\/\/henofa.com\/#organization","name":"Henofa BV","url":"https:\/\/henofa.com\/","logo":{"@type":"ImageObject","inLanguage":"de","@id":"https:\/\/henofa.com\/#\/schema\/logo\/image\/","url":"http:\/\/henofa.com\/wp-content\/uploads\/2020\/01\/logonorm-footer.png","contentUrl":"http:\/\/henofa.com\/wp-content\/uploads\/2020\/01\/logonorm-footer.png","width":150,"height":63,"caption":"Henofa BV"},"image":{"@id":"https:\/\/henofa.com\/#\/schema\/logo\/image\/"},"sameAs":["https:\/\/www.facebook.com\/Henofa-BV-155961491204450\/","https:\/\/x.com\/HenofaBV","https:\/\/www.instagram.com\/henofa_bv\/","https:\/\/www.linkedin.com\/company\/henofa-b.v.\/","https:\/\/www.youtube.com\/channel\/UCZAioYN47C9Epg5AloQtflQ\/featured"]}]}},"_links":{"self":[{"href":"https:\/\/henofa.com\/de\/wp-json\/wp\/v2\/pages\/6390","targetHints":{"allow":["GET"]}}],"collection":[{"href":"https:\/\/henofa.com\/de\/wp-json\/wp\/v2\/pages"}],"about":[{"href":"https:\/\/henofa.com\/de\/wp-json\/wp\/v2\/types\/page"}],"author":[{"embeddable":true,"href":"https:\/\/henofa.com\/de\/wp-json\/wp\/v2\/users\/2"}],"replies":[{"embeddable":true,"href":"https:\/\/henofa.com\/de\/wp-json\/wp\/v2\/comments?post=6390"}],"version-history":[{"count":3,"href":"https:\/\/henofa.com\/de\/wp-json\/wp\/v2\/pages\/6390\/revisions"}],"predecessor-version":[{"id":14797,"href":"https:\/\/henofa.com\/de\/wp-json\/wp\/v2\/pages\/6390\/revisions\/14797"}],"wp:attachment":[{"href":"https:\/\/henofa.com\/de\/wp-json\/wp\/v2\/media?parent=6390"}],"curies":[{"name":"wp","href":"https:\/\/api.w.org\/{rel}","templated":true}]}}