{"id":6369,"date":"2019-02-07T20:14:06","date_gmt":"2019-02-07T19:14:06","guid":{"rendered":"http:\/\/henofa.com\/products\/"},"modified":"2021-11-01T15:51:03","modified_gmt":"2021-11-01T14:51:03","slug":"produkte","status":"publish","type":"page","link":"https:\/\/henofa.com\/de\/produkte\/","title":{"rendered":"Produkte"},"content":{"rendered":"<section class=\"wpb-content-wrapper\">[vc_row full_width=&#8220;stretch_row&#8220; content_placement=&#8220;middle&#8220; remove_bottom_col_margin=&#8220;true&#8220; bg_style=&#8220;stretch&#8220; css=&#8220;.vc_custom_1580467242423{background-image: url(http:\/\/henofa.com\/wp-content\/uploads\/2020\/01\/Producten-1-1920-1080-1.jpg?id=6196) !important;}&#8220; wpex_bg_position=&#8220;center center&#8220; min_height=&#8220;175px&#8220;][vc_column]<h1 class=\"vcex-module vcex-heading vcex-heading-plain\" style=\"color:#ffffff;font-size:36px;letter-spacing:1px;font-weight:600;text-align:center;text-transform:uppercase;\"><span class=\"vcex-heading-inner clr\">Produkte<\/span><\/h1>[\/vc_column][\/vc_row][vc_row column_spacing=&#8220;40&#8243; remove_bottom_col_margin=&#8220;true&#8220; bg_style=&#8220;stretch&#8220; css=&#8220;.vc_custom_1580465753059{padding-top: 60px !important;}&#8220;][vc_column][vc_column_text]Henofa bietet ein breites Sortiment an Filzen und Faservliesprodukten im Gewichtsbereich von 0 bis 2000 g\/m\u00b2 an. Als Grundlage werden synthetische Fasern wie etwa Polyester und Polypropylen verwendet. Aber auch Recyclingfasern oder nat\u00fcrliche Fasern wie zum Beispiel Jute, Kokos oder Wolle k\u00f6nnen als Basismaterial verwendet werden. Ein Vorteil dieser nat\u00fcrlichen Fasern ist, dass sie auch biologisch abbaubar sind.<\/p>\n<p>Dank dieser umfassenden Auswahl k\u00f6nnen wir zahlreiche Produkte f\u00fcr verschiedene Marktsegmente herstellen. In einigen Marktsegmenten haben wir uns dank unserer jahrelangen Erfahrung und unserer Fachkompetenz zu einem spezialisierten Zulieferer f\u00fcr diverse Produkte entwickelt, die unter unserer eigenen Marke verkauft werden. Der Gartenbau und der Bausektor sind ein gutes Beispiel daf\u00fcr.<\/p>\n<p>Im Folgenden finden Sie eine \u00dcbersicht \u00fcber die wichtigsten Marktsegmente, in denen Henofa aktiv ist, mit den dazugeh\u00f6rigen Produkten.[\/vc_column_text][\/vc_column][\/vc_row][vc_row column_spacing=&#8220;0px&#8220; equal_height=&#8220;yes&#8220; remove_bottom_col_margin=&#8220;true&#8220; bg_style=&#8220;stretch&#8220; css=&#8220;.vc_custom_1581687583811{padding-top: 60px !important;}&#8220; local_scroll_id=&#8220;land&#8220;][vc_column css_animation=&#8220;fadeIn&#8220; width=&#8220;1\/2&#8243; css=&#8220;.vc_custom_1580727575086{background-image: url(http:\/\/henofa.com\/wp-content\/uploads\/2020\/01\/Producten-2-1920-1080.jpg?id=6113) !important;background-position: center !important;background-repeat: no-repeat !important;background-size: cover !important;}&#8220; min_height=&#8220;250px&#8220;][\/vc_column][vc_column width=&#8220;1\/2&#8243; css=&#8220;.vc_custom_1580483917075{padding-top: 30px !important;padding-right: 15px !important;padding-bottom: 30px !important;padding-left: 30px !important;background-color: #f5f5f5 !important;}&#8220;]<h2 class=\"vcex-module vcex-heading vcex-heading-plain\"><span class=\"vcex-heading-inner clr\">LANDWIRTSCHAFT &amp; GARTENBAU<\/span><\/h2>[vc_column_text]F\u00fcr den Agrarbereich liefern wir weltweit eine umfassende Palette an Produkten f\u00fcr verschiedene Anwendungen, wie zum Beispiel Zuchtsysteme f\u00fcr Topfpflanzen und den Gem\u00fcseanbau sowie diverse selbstentwickelte Produkte f\u00fcr unter anderem die Unkrautbek\u00e4mpfung, Hygiene und Isolierung sowie biologisch abbaubare Geotextilien.[\/vc_column_text]<div class=\"vcex-spacing\" style=\"height:30px\"><\/div><a href=\"https:\/\/bewaesserungsmatten.de\/\" class=\"vcex-button theme-button inline animate-on-hover\" target=\"_blank\"><span class=\"theme-button-inner\">Zu den Gartenbauprodukten<\/span><\/a> [\/vc_column][\/vc_row][vc_row column_spacing=&#8220;0px&#8220; equal_height=&#8220;yes&#8220; remove_bottom_col_margin=&#8220;true&#8220; columns_right=&#8220;yes&#8220; bg_style=&#8220;stretch&#8220; css=&#8220;.vc_custom_1581687998722{padding-top: 60px !important;}&#8220; local_scroll_id=&#8220;bau&#8220;][vc_column css_animation=&#8220;fadeIn&#8220; width=&#8220;1\/2&#8243; css=&#8220;.vc_custom_1580727587516{background-image: url(http:\/\/henofa.com\/wp-content\/uploads\/2020\/01\/Producten-3-1920.jpg?id=6114) !important;background-position: center !important;background-repeat: no-repeat !important;background-size: cover !important;}&#8220; min_height=&#8220;250px&#8220;][\/vc_column][vc_column width=&#8220;1\/2&#8243; css=&#8220;.vc_custom_1580483909380{padding-top: 30px !important;padding-right: 15px !important;padding-bottom: 30px !important;padding-left: 30px !important;background-color: #f5f5f5 !important;}&#8220;]<h2 class=\"vcex-module vcex-heading vcex-heading-plain\"><span class=\"vcex-heading-inner clr\">BAUSEKTOR<\/span><\/h2>[vc_column_text]F\u00fcr den Bausektor liefern wir diverse Produkte f\u00fcr Rohbau &amp; Beton, den Innenausbau sowie gr\u00fcne D\u00e4cher und gr\u00fcne W\u00e4nde. Unsere Produkte werden sowohl unter unserem eigenen Markennamen als auch als Hausmarken verkauft.[\/vc_column_text]<div class=\"vcex-spacing\" style=\"height:30px\"><\/div><a href=\"https:\/\/bouwvilten.nl\/\" class=\"vcex-button theme-button inline animate-on-hover\" target=\"_blank\"><span class=\"theme-button-inner\">Zu den Baumaterialien<\/span><\/a> [\/vc_column][\/vc_row][vc_row column_spacing=&#8220;0px&#8220; equal_height=&#8220;yes&#8220; remove_bottom_col_margin=&#8220;true&#8220; bg_style=&#8220;stretch&#8220; css=&#8220;.vc_custom_1581688257092{padding-top: 60px !important;}&#8220; local_scroll_id=&#8220;industrie&#8220;][vc_column css_animation=&#8220;fadeIn&#8220; width=&#8220;1\/2&#8243; css=&#8220;.vc_custom_1580727592489{background-image: url(http:\/\/henofa.com\/wp-content\/uploads\/2020\/01\/Producteen-4.jpg?id=6111) !important;background-position: center !important;background-repeat: no-repeat !important;background-size: cover !important;}&#8220; min_height=&#8220;250px&#8220;][\/vc_column][vc_column width=&#8220;1\/2&#8243; css=&#8220;.vc_custom_1580483900717{padding-top: 30px !important;padding-right: 15px !important;padding-bottom: 30px !important;padding-left: 30px !important;background-color: #f5f5f5 !important;}&#8220;]<h2 class=\"vcex-module vcex-heading vcex-heading-plain\"><span class=\"vcex-heading-inner clr\">INDUSTRIE<\/span><\/h2>[vc_column_text]F\u00fcr die Industrie liefern wir diverse technische Filze, wie zum Beispiel technischen Wollfilz. Die Produkte k\u00f6nnen ma\u00dfgeschneidert oder in einer bestimmten Form hergestellt werden.[\/vc_column_text]<div class=\"vcex-spacing\" style=\"height:30px\"><\/div><a href=\"https:\/\/bouwvilten.nl\" class=\"vcex-button theme-button inline animate-on-hover\"><span class=\"theme-button-inner\">Zu den Industrieprodukten<\/span><\/a> [\/vc_column][\/vc_row][vc_row column_spacing=&#8220;0px&#8220; equal_height=&#8220;yes&#8220; remove_bottom_col_margin=&#8220;true&#8220; columns_right=&#8220;yes&#8220; bg_style=&#8220;stretch&#8220; css=&#8220;.vc_custom_1581688276588{padding-top: 60px !important;}&#8220; local_scroll_id=&#8220;deko&#8220;][vc_column css_animation=&#8220;fadeIn&#8220; width=&#8220;1\/2&#8243; css=&#8220;.vc_custom_1580727597854{background-image: url(http:\/\/henofa.com\/wp-content\/uploads\/2020\/01\/producten-5.jpg?id=6115) !important;background-position: center !important;background-repeat: no-repeat !important;background-size: cover !important;}&#8220; min_height=&#8220;250px&#8220;][\/vc_column][vc_column width=&#8220;1\/2&#8243; css=&#8220;.vc_custom_1580483892934{padding-top: 30px !important;padding-right: 15px !important;padding-bottom: 30px !important;padding-left: 30px !important;background-color: #f5f5f5 !important;}&#8220;]<h2 class=\"vcex-module vcex-heading vcex-heading-plain\"><span class=\"vcex-heading-inner clr\">DESIGN &amp; DEKORATION<\/span><\/h2>[vc_column_text]F\u00fcr Dekorations- und Designprodukte liefern wir hochwertige Qualit\u00e4tserzeugnisse, die zu gro\u00dfartigen Artikeln mit luxuri\u00f6ser und nat\u00fcrlicher Ausstrahlung verarbeitet werden k\u00f6nnen.<br \/>\nAuch hier ist sehr vieles m\u00f6glich, und wir helfen Ihnen gerne dabei, ein einzigartiges Produkt tats\u00e4chlich zu realisieren.[\/vc_column_text]<div class=\"vcex-spacing\" style=\"height:30px\"><\/div><a href=\"https:\/\/bouwvilten.nl\/interieur-bouw\" class=\"vcex-button theme-button inline animate-on-hover\"><span class=\"theme-button-inner\">Zu den Designprodukten<\/span><\/a> [\/vc_column][\/vc_row][vc_row content_placement=&#8220;middle&#8220; gap=&#8220;20&#8243; css=&#8220;.vc_custom_1580484234777{margin-top: 40px !important;padding-top: 40px !important;padding-bottom: 30px !important;}&#8220;][vc_column width=&#8220;1\/2&#8243; css=&#8220;.vc_custom_1580483955205{border-top-width: 1px !important;border-right-width: 1px !important;border-bottom-width: 1px !important;border-left-width: 1px !important;padding-top: 20px !important;padding-right: 20px !important;padding-bottom: 30px !important;padding-left: 20px !important;background-color: #00523c !important;border-left-color: #ededed !important;border-right-color: #ededed !important;border-top-color: #ededed !important;border-bottom-color: #ededed !important;}&#8220;]<div class=\"vcex-module vcex-icon-box clr vcex-icon-box-two vcex-icon-box-wo-icon  equal-height-content\"><h2 class=\"vcex-icon-box-heading\" style=\"color:#ffffff;text-transform:uppercase;\">Wollen Sie direkt ein ANGEBOT anfordern?<\/h2><div class=\"vcex-icon-box-content clr\" style=\"color:#f2f2f2;\"><p>Haben Sie bereits ein Produkt und wollen den besten Preis und die besten Konditionen bekommen? Kontaktieren Sie direkt unsere Vertriebsabteilung f\u00fcr ein ma\u00dfgeschneidertes Angebot!<\/p>\n<\/div><\/div><div class=\"vc_custom_1581688586541 wpex-clr\"><div class=\"textcenter theme-button-wrap clr\"><a href=\"mailto:info@henofa.com\" class=\"vcex-button theme-button align-center inline animate-on-hover\"><span class=\"theme-button-inner\">Schicken Sie uns eine E-Mail<\/span><\/a><\/div><\/div> [\/vc_column][vc_column width=&#8220;1\/2&#8243; css=&#8220;.vc_custom_1580484019511{border-top-width: 1px !important;border-right-width: 1px !important;border-bottom-width: 1px !important;padding-top: 20px !important;padding-right: 20px !important;padding-bottom: 30px !important;padding-left: 20px !important;background-color: #00523c !important;border-right-color: #ededed !important;border-top-color: #ededed !important;border-bottom-color: #ededed !important;}&#8220;]<div class=\"vcex-module vcex-icon-box clr vcex-icon-box-two vcex-icon-box-wo-icon  equal-height-content\"><h2 class=\"vcex-icon-box-heading\" style=\"color:#ffffff;text-transform:uppercase;\">Sparring mit einem EXPERTEN?<\/h2><div class=\"vcex-icon-box-content clr\" style=\"color:#f2f2f2;\"><p>Ist Ihr Produkt nicht darunter, sind Sie auf der Suche nach einem neuen Produkt oder haben Sie eine technische Frage?<br \/>\nNehmen Sie dann direkt Kontakt zu uns auf.<\/p>\n<\/div><\/div><div class=\"vc_custom_1582193147004 wpex-clr\"><div class=\"textcenter theme-button-wrap clr\"><a href=\"http:\/\/henofa.com\/de\/kontakt\/\" class=\"vcex-button theme-button align-center inline animate-on-hover\"><span class=\"theme-button-inner\">Kontaktieren Sie uns<\/span><\/a><\/div><\/div> [\/vc_column][\/vc_row]\n<\/section>","protected":false},"excerpt":{"rendered":"<p>[vc_row full_width=&#8220;stretch_row&#8220; content_placement=&#8220;middle&#8220; remove_bottom_col_margin=&#8220;true&#8220; bg_style=&#8220;stretch&#8220; css=&#8220;.vc_custom_1580467242423{background-image: url(http:\/\/henofa.com\/wp-content\/uploads\/2020\/01\/Producten-1-1920-1080-1.jpg?id=6196) !important;}&#8220; wpex_bg_position=&#8220;center center&#8220; min_height=&#8220;175px&#8220;][vc_column][\/vc_column][\/vc_row][vc_row column_spacing=&#8220;40&#8243; remove_bottom_col_margin=&#8220;true&#8220; bg_style=&#8220;stretch&#8220; css=&#8220;.vc_custom_1580465753059{padding-top: 60px !important;}&#8220;][vc_column][vc_column_text]Henofa bietet ein breites Sortiment an Filzen und Faservliesprodukten im Gewichtsbereich von 0 bis 2000 g\/m\u00b2 an. Als Grundlage werden synthetische Fasern wie etwa&hellip;<\/p>\n","protected":false},"author":4,"featured_media":0,"parent":0,"menu_order":0,"comment_status":"closed","ping_status":"closed","template":"templates\/no-sidebar.php","meta":{"footnotes":""},"class_list":["post-6369","page","type-page","status-publish","hentry","entry","no-media"],"yoast_head":"<!-- This site is optimized with the Yoast SEO plugin v26.8 - https:\/\/yoast.com\/product\/yoast-seo-wordpress\/ -->\n<title>Produkte - Henofa<\/title>\n<meta name=\"robots\" content=\"index, follow, max-snippet:-1, max-image-preview:large, max-video-preview:-1\" \/>\n<link rel=\"canonical\" href=\"https:\/\/henofa.com\/de\/produkte\/\" \/>\n<meta property=\"og:locale\" content=\"de_DE\" \/>\n<meta property=\"og:type\" content=\"article\" \/>\n<meta property=\"og:title\" content=\"Produkte - Henofa\" \/>\n<meta property=\"og:description\" content=\"[vc_row full_width=&#8220;stretch_row&#8220; content_placement=&#8220;middle&#8220; remove_bottom_col_margin=&#8220;true&#8220; bg_style=&#8220;stretch&#8220; css=&#8220;.vc_custom_1580467242423{background-image: url(http:\/\/henofa.com\/wp-content\/uploads\/2020\/01\/Producten-1-1920-1080-1.jpg?id=6196) !important;}&#8220; wpex_bg_position=&#8220;center center&#8220; min_height=&#8220;175px&#8220;][vc_column][\/vc_column][\/vc_row][vc_row column_spacing=&#8220;40&#8243; remove_bottom_col_margin=&#8220;true&#8220; bg_style=&#8220;stretch&#8220; css=&#8220;.vc_custom_1580465753059{padding-top: 60px !important;}&#8220;][vc_column][vc_column_text]Henofa bietet ein breites Sortiment an Filzen und Faservliesprodukten im Gewichtsbereich von 0 bis 2000 g\/m\u00b2 an. Als Grundlage werden synthetische Fasern wie etwa&hellip;\" \/>\n<meta property=\"og:url\" content=\"https:\/\/henofa.com\/de\/produkte\/\" \/>\n<meta property=\"og:site_name\" content=\"Henofa\" \/>\n<meta property=\"article:publisher\" content=\"https:\/\/www.facebook.com\/Henofa-BV-155961491204450\/\" \/>\n<meta property=\"article:modified_time\" content=\"2021-11-01T14:51:03+00:00\" \/>\n<meta name=\"twitter:card\" content=\"summary_large_image\" \/>\n<meta name=\"twitter:site\" content=\"@HenofaBV\" \/>\n<meta name=\"twitter:label1\" content=\"Gesch\u00e4tzte Lesezeit\" \/>\n\t<meta name=\"twitter:data1\" content=\"3\u00a0Minuten\" \/>\n<script type=\"application\/ld+json\" class=\"yoast-schema-graph\">{\"@context\":\"https:\/\/schema.org\",\"@graph\":[{\"@type\":\"WebPage\",\"@id\":\"https:\/\/henofa.com\/de\/produkte\/\",\"url\":\"https:\/\/henofa.com\/de\/produkte\/\",\"name\":\"Produkte - Henofa\",\"isPartOf\":{\"@id\":\"https:\/\/henofa.com\/#website\"},\"datePublished\":\"2019-02-07T19:14:06+00:00\",\"dateModified\":\"2021-11-01T14:51:03+00:00\",\"breadcrumb\":{\"@id\":\"https:\/\/henofa.com\/de\/produkte\/#breadcrumb\"},\"inLanguage\":\"de\",\"potentialAction\":[{\"@type\":\"ReadAction\",\"target\":[\"https:\/\/henofa.com\/de\/produkte\/\"]}]},{\"@type\":\"BreadcrumbList\",\"@id\":\"https:\/\/henofa.com\/de\/produkte\/#breadcrumb\",\"itemListElement\":[{\"@type\":\"ListItem\",\"position\":1,\"name\":\"Home\",\"item\":\"https:\/\/henofa.com\/de\/\"},{\"@type\":\"ListItem\",\"position\":2,\"name\":\"Produkte\"}]},{\"@type\":\"WebSite\",\"@id\":\"https:\/\/henofa.com\/#website\",\"url\":\"https:\/\/henofa.com\/\",\"name\":\"Henofa\",\"description\":\"Producent van Vilt &amp; Non-wovens\",\"publisher\":{\"@id\":\"https:\/\/henofa.com\/#organization\"},\"potentialAction\":[{\"@type\":\"SearchAction\",\"target\":{\"@type\":\"EntryPoint\",\"urlTemplate\":\"https:\/\/henofa.com\/?s={search_term_string}\"},\"query-input\":{\"@type\":\"PropertyValueSpecification\",\"valueRequired\":true,\"valueName\":\"search_term_string\"}}],\"inLanguage\":\"de\"},{\"@type\":\"Organization\",\"@id\":\"https:\/\/henofa.com\/#organization\",\"name\":\"Henofa BV\",\"url\":\"https:\/\/henofa.com\/\",\"logo\":{\"@type\":\"ImageObject\",\"inLanguage\":\"de\",\"@id\":\"https:\/\/henofa.com\/#\/schema\/logo\/image\/\",\"url\":\"http:\/\/henofa.com\/wp-content\/uploads\/2020\/01\/logonorm-footer.png\",\"contentUrl\":\"http:\/\/henofa.com\/wp-content\/uploads\/2020\/01\/logonorm-footer.png\",\"width\":150,\"height\":63,\"caption\":\"Henofa BV\"},\"image\":{\"@id\":\"https:\/\/henofa.com\/#\/schema\/logo\/image\/\"},\"sameAs\":[\"https:\/\/www.facebook.com\/Henofa-BV-155961491204450\/\",\"https:\/\/x.com\/HenofaBV\",\"https:\/\/www.instagram.com\/henofa_bv\/\",\"https:\/\/www.linkedin.com\/company\/henofa-b.v.\/\",\"https:\/\/www.youtube.com\/channel\/UCZAioYN47C9Epg5AloQtflQ\/featured\"]}]}<\/script>\n<!-- \/ Yoast SEO plugin. -->","yoast_head_json":{"title":"Produkte - Henofa","robots":{"index":"index","follow":"follow","max-snippet":"max-snippet:-1","max-image-preview":"max-image-preview:large","max-video-preview":"max-video-preview:-1"},"canonical":"https:\/\/henofa.com\/de\/produkte\/","og_locale":"de_DE","og_type":"article","og_title":"Produkte - Henofa","og_description":"[vc_row full_width=&#8220;stretch_row&#8220; content_placement=&#8220;middle&#8220; remove_bottom_col_margin=&#8220;true&#8220; bg_style=&#8220;stretch&#8220; css=&#8220;.vc_custom_1580467242423{background-image: url(http:\/\/henofa.com\/wp-content\/uploads\/2020\/01\/Producten-1-1920-1080-1.jpg?id=6196) !important;}&#8220; wpex_bg_position=&#8220;center center&#8220; min_height=&#8220;175px&#8220;][vc_column][\/vc_column][\/vc_row][vc_row column_spacing=&#8220;40&#8243; remove_bottom_col_margin=&#8220;true&#8220; bg_style=&#8220;stretch&#8220; css=&#8220;.vc_custom_1580465753059{padding-top: 60px !important;}&#8220;][vc_column][vc_column_text]Henofa bietet ein breites Sortiment an Filzen und Faservliesprodukten im Gewichtsbereich von 0 bis 2000 g\/m\u00b2 an. Als Grundlage werden synthetische Fasern wie etwa&hellip;","og_url":"https:\/\/henofa.com\/de\/produkte\/","og_site_name":"Henofa","article_publisher":"https:\/\/www.facebook.com\/Henofa-BV-155961491204450\/","article_modified_time":"2021-11-01T14:51:03+00:00","twitter_card":"summary_large_image","twitter_site":"@HenofaBV","twitter_misc":{"Gesch\u00e4tzte Lesezeit":"3\u00a0Minuten"},"schema":{"@context":"https:\/\/schema.org","@graph":[{"@type":"WebPage","@id":"https:\/\/henofa.com\/de\/produkte\/","url":"https:\/\/henofa.com\/de\/produkte\/","name":"Produkte - Henofa","isPartOf":{"@id":"https:\/\/henofa.com\/#website"},"datePublished":"2019-02-07T19:14:06+00:00","dateModified":"2021-11-01T14:51:03+00:00","breadcrumb":{"@id":"https:\/\/henofa.com\/de\/produkte\/#breadcrumb"},"inLanguage":"de","potentialAction":[{"@type":"ReadAction","target":["https:\/\/henofa.com\/de\/produkte\/"]}]},{"@type":"BreadcrumbList","@id":"https:\/\/henofa.com\/de\/produkte\/#breadcrumb","itemListElement":[{"@type":"ListItem","position":1,"name":"Home","item":"https:\/\/henofa.com\/de\/"},{"@type":"ListItem","position":2,"name":"Produkte"}]},{"@type":"WebSite","@id":"https:\/\/henofa.com\/#website","url":"https:\/\/henofa.com\/","name":"Henofa","description":"Producent van Vilt &amp; Non-wovens","publisher":{"@id":"https:\/\/henofa.com\/#organization"},"potentialAction":[{"@type":"SearchAction","target":{"@type":"EntryPoint","urlTemplate":"https:\/\/henofa.com\/?s={search_term_string}"},"query-input":{"@type":"PropertyValueSpecification","valueRequired":true,"valueName":"search_term_string"}}],"inLanguage":"de"},{"@type":"Organization","@id":"https:\/\/henofa.com\/#organization","name":"Henofa BV","url":"https:\/\/henofa.com\/","logo":{"@type":"ImageObject","inLanguage":"de","@id":"https:\/\/henofa.com\/#\/schema\/logo\/image\/","url":"http:\/\/henofa.com\/wp-content\/uploads\/2020\/01\/logonorm-footer.png","contentUrl":"http:\/\/henofa.com\/wp-content\/uploads\/2020\/01\/logonorm-footer.png","width":150,"height":63,"caption":"Henofa BV"},"image":{"@id":"https:\/\/henofa.com\/#\/schema\/logo\/image\/"},"sameAs":["https:\/\/www.facebook.com\/Henofa-BV-155961491204450\/","https:\/\/x.com\/HenofaBV","https:\/\/www.instagram.com\/henofa_bv\/","https:\/\/www.linkedin.com\/company\/henofa-b.v.\/","https:\/\/www.youtube.com\/channel\/UCZAioYN47C9Epg5AloQtflQ\/featured"]}]}},"_links":{"self":[{"href":"https:\/\/henofa.com\/de\/wp-json\/wp\/v2\/pages\/6369","targetHints":{"allow":["GET"]}}],"collection":[{"href":"https:\/\/henofa.com\/de\/wp-json\/wp\/v2\/pages"}],"about":[{"href":"https:\/\/henofa.com\/de\/wp-json\/wp\/v2\/types\/page"}],"author":[{"embeddable":true,"href":"https:\/\/henofa.com\/de\/wp-json\/wp\/v2\/users\/4"}],"replies":[{"embeddable":true,"href":"https:\/\/henofa.com\/de\/wp-json\/wp\/v2\/comments?post=6369"}],"version-history":[{"count":4,"href":"https:\/\/henofa.com\/de\/wp-json\/wp\/v2\/pages\/6369\/revisions"}],"predecessor-version":[{"id":9237,"href":"https:\/\/henofa.com\/de\/wp-json\/wp\/v2\/pages\/6369\/revisions\/9237"}],"wp:attachment":[{"href":"https:\/\/henofa.com\/de\/wp-json\/wp\/v2\/media?parent=6369"}],"curies":[{"name":"wp","href":"https:\/\/api.w.org\/{rel}","templated":true}]}}